{"id":2525,"date":"2025-03-27T15:38:32","date_gmt":"2025-03-27T18:38:32","guid":{"rendered":"https:\/\/entregraos.com.br\/?page_id=2525"},"modified":"2025-03-27T17:32:18","modified_gmt":"2025-03-27T20:32:18","slug":"negociacao","status":"publish","type":"page","link":"https:\/\/entregraos.com.br\/?page_id=2525","title":{"rendered":"Negocia\u00e7\u00e3o"},"content":{"rendered":"\n<div class=\"wp-block-uagb-info-box uagb-block-2c0bc170 uagb-infobox__content-wrap  uagb-infobox-icon-below-title uagb-infobox-image-valign-top\"><div class=\"uagb-ifb-content\"><div class=\"uagb-ifb-title-wrap\"><h2 class=\"uagb-ifb-title\">Negocia\u00e7\u00e3o<\/h2><\/div><\/div><\/div>\n\n\n\n<div class=\"wp-block-uagb-image uagb-block-d7ab9949 wp-block-uagb-image--layout-default wp-block-uagb-image--effect-static wp-block-uagb-image--align-none\"><figure class=\"wp-block-uagb-image__figure\"><img decoding=\"async\" srcset=\"https:\/\/entregraos.com.br\/wp-content\/uploads\/2025\/03\/aperto-de-mao.jpg ,https:\/\/entregraos.com.br\/wp-content\/uploads\/2025\/03\/aperto-de-mao.jpg 780w, https:\/\/entregraos.com.br\/wp-content\/uploads\/2025\/03\/aperto-de-mao.jpg 360w\" sizes=\"(max-width: 480px) 150px\" src=\"https:\/\/entregraos.com.br\/wp-content\/uploads\/2025\/03\/aperto-de-mao.jpg\" alt=\"\" class=\"uag-image-2526\" width=\"342\" height=\"342\" title=\"aperto de m\u00e3o\" loading=\"lazy\" role=\"img\"\/><\/figure><\/div>\n\n\n\n<div class=\"wp-block-uagb-info-box uagb-block-efd31591 uagb-infobox__content-wrap  uagb-infobox-icon-below-title uagb-infobox-image-valign-top\"><div class=\"uagb-ifb-content\"><div class=\"uagb-ifb-title-wrap\"><\/div><p class=\"uagb-ifb-desc\"><br>Na EntreGr\u00e3os, sabemos que a negocia\u00e7\u00e3o do trigo \u00e9 muito mais do que fechar um simples acordo de venda. \u00c9 sobre garantir que cada gr\u00e3o colhido se transforme em ganhos reais para voc\u00ea.<br><br>Entendemos que o mercado de trigo \u00e9 din\u00e2mico e complexo, com varia\u00e7\u00f5es de pre\u00e7o influenciadas por fatores clim\u00e1ticos, pol\u00edticas governamentais e demanda global. Por isso, somos especializados em intermediar a comercializa\u00e7\u00e3o do trigo, conectando voc\u00ea aos principais moinhos e garantindo que cada negocia\u00e7\u00e3o seja vantajosa e transparente, otimizando seus resultados em cada safra.<br><\/p><\/div><\/div>\n\n\n\n<div class=\"wp-block-uagb-container uagb-block-7cb62e9b alignfull uagb-is-root-container\"><div class=\"uagb-container-inner-blocks-wrap\">\n<div class=\"wp-block-uagb-container uagb-block-fd448f03\">\n<div class=\"wp-block-uagb-info-box uagb-block-212e3905 uagb-infobox__content-wrap  uagb-infobox-icon-above-title uagb-infobox-image-valign-top\"><div class=\"uagb-ifb-content\"><div class=\"uagb-ifb-image-content\"><img decoding=\"async\" src=\"https:\/\/entregraos.com.br\/wp-content\/uploads\/2025\/03\/pessoa-analisando-relatorio.jpg\" alt=\"\" width=\"\" height=\"0\" loading=\"lazy\"\/><\/div><div class=\"uagb-ifb-title-wrap\"><\/div><\/div><\/div>\n<\/div>\n\n\n\n<div class=\"wp-block-uagb-container uagb-block-144bbeb1\">\n<div class=\"wp-block-uagb-info-box uagb-block-7311e213 uagb-infobox__content-wrap  uagb-infobox-icon-above-title uagb-infobox-image-valign-top\"><div class=\"uagb-ifb-content\"><div class=\"uagb-ifb-title-wrap\"><\/div><p class=\"uagb-ifb-desc\">Utilizamos ferramentas de an\u00e1lise de mercado e outras fontes relevantes para prever flutua\u00e7\u00f5es e identificar as melhores oportunidades. <br><br>Isso significa que podemos ajudar voc\u00ea a tomar decis\u00f5es informadas sobre quando e onde vender seu trigo para maximizar seus lucros, considerando fatores como a qualidade do gr\u00e3o e a demanda espec\u00edfica de cada moinho.<\/p><\/div><\/div>\n<\/div>\n<\/div><\/div>\n\n\n\n<div class=\"wp-block-uagb-container uagb-block-ea8e7d03 alignfull uagb-is-root-container\"><div class=\"uagb-container-inner-blocks-wrap\">\n<div class=\"wp-block-uagb-container uagb-block-68799fff\">\n<div class=\"wp-block-uagb-info-box uagb-block-75b1c3ef uagb-infobox__content-wrap  uagb-infobox-icon-above-title uagb-infobox-image-valign-top\"><div class=\"uagb-ifb-content\"><div class=\"uagb-ifb-title-wrap\"><\/div><p class=\"uagb-ifb-desc\">Trabalhamos com uma rede abrangente de compradores, que significa maior potencial para seu trigo, aumentando as chances de um \u00f3timo neg\u00f3cio.<br><br>Cuidamos de todos os detalhes da negocia\u00e7\u00e3o, para que voc\u00ea possa se focar no que realmente importa: cultivar e colher um trigo de alta qualidade. De contratos \u00e0 log\u00edstica, nossa equipe garante que todo o processo ocorra da melhor maneira.<\/p><\/div><\/div>\n<\/div>\n\n\n\n<div class=\"wp-block-uagb-container uagb-block-e6d9fbf5\">\n<div class=\"wp-block-uagb-info-box uagb-block-665b34b2 uagb-infobox__content-wrap  uagb-infobox-icon-above-title uagb-infobox-image-valign-top\"><div class=\"uagb-ifb-content\"><div class=\"uagb-ifb-image-content\"><img decoding=\"async\" src=\"https:\/\/entregraos.com.br\/wp-content\/uploads\/2025\/03\/comprador-e-produtor-300x300.jpg\" alt=\"\" width=\"220\" height=\"220\" loading=\"lazy\"\/><\/div><div class=\"uagb-ifb-title-wrap\"><\/div><\/div><\/div>\n<\/div>\n<\/div><\/div>\n\n\n\n<div class=\"wp-block-uagb-container uagb-block-cf9912ee alignfull uagb-is-root-container\"><div class=\"uagb-container-inner-blocks-wrap\">\n<div class=\"wp-block-uagb-info-box uagb-block-1cc27b0f uagb-infobox__content-wrap  uagb-infobox-icon-above-title uagb-infobox-image-valign-top\"><div class=\"uagb-ifb-content\"><div class=\"uagb-ifb-title-wrap\"><\/div><p class=\"uagb-ifb-desc\">Na EntreGr\u00e3os, n\u00e3o somos apenas intermedi\u00e1rios; somos seus parceiros de confian\u00e7a. Nosso compromisso \u00e9 com a sua satisfa\u00e7\u00e3o e sucesso. Quando voc\u00ea ganha, n\u00f3s ganhamos tamb\u00e9m. Buscamos construir relacionamentos de longo prazo, baseados na transpar\u00eancia, \u00e9tica e respeito m\u00fatuo. <br><br>Oferecemos suporte cont\u00ednuo, mesmo ap\u00f3s a conclus\u00e3o da negocia\u00e7\u00e3o, para garantir que voc\u00ea esteja sempre satisfeito com nossos servi\u00e7os.<br><br>Entre em contato e descubra como podemos ajudar!<\/p><\/div><\/div>\n<\/div><\/div>\n\n\n\n<div class=\"wp-block-uagb-container uagb-block-c6555436 alignfull uagb-is-root-container\"><div class=\"uagb-container-inner-blocks-wrap\">\n<div class=\"wp-block-uagb-container uagb-block-c44efa97\">      \n\t\t\t<div class=\"uagb-icon-wrapper uagb-block-048eed61      \"\n\t\t\tstyle=\"\" >\n\t\t\t\t\t\t\t\t\t<span class=\"uagb-svg-wrapper\" \n\t\t\t\t\t aria-label=\"whatsapp\"\t\t\t\t\ttabindex=\"0\">\t\t\n\t\t\t\t\t\t\t\t\t\t<a rel=\"noopener noreferrer\" href=\"https:\/\/wa.me\/c\/553193633305\" target=\"_self\"><svg xmlns=\"https:\/\/www.w3.org\/2000\/svg\" viewBox= \"0 0 448 512\" role=\"graphics-symbol\" aria-hidden=\"false\" aria-label=\"\"><path d=\"M380.9 97.1C339 55.1 283.2 32 223.9 32c-122.4 0-222 99.6-222 222 0 39.1 10.2 77.3 29.6 111L0 480l117.7-30.9c32.4 17.7 68.9 27 106.1 27h.1c122.3 0 224.1-99.6 224.1-222 0-59.3-25.2-115-67.1-157zm-157 341.6c-33.2 0-65.7-8.9-94-25.7l-6.7-4-69.8 18.3L72 359.2l-4.4-7c-18.5-29.4-28.2-63.3-28.2-98.2 0-101.7 82.8-184.5 184.6-184.5 49.3 0 95.6 19.2 130.4 54.1 34.8 34.9 56.2 81.2 56.1 130.5 0 101.8-84.9 184.6-186.6 184.6zm101.2-138.2c-5.5-2.8-32.8-16.2-37.9-18-5.1-1.9-8.8-2.8-12.5 2.8-3.7 5.6-14.3 18-17.6 21.8-3.2 3.7-6.5 4.2-12 1.4-32.6-16.3-54-29.1-75.5-66-5.7-9.8 5.7-9.1 16.3-30.3 1.8-3.7 .9-6.9-.5-9.7-1.4-2.8-12.5-30.1-17.1-41.2-4.5-10.8-9.1-9.3-12.5-9.5-3.2-.2-6.9-.2-10.6-.2-3.7 0-9.7 1.4-14.8 6.9-5.1 5.6-19.4 19-19.4 46.3 0 27.3 19.9 53.7 22.6 57.4 2.8 3.7 39.1 59.7 94.8 83.8 35.2 15.2 49 16.5 66.6 13.9 10.7-1.6 32.8-13.4 37.4-26.4 4.6-13 4.6-24.1 3.2-26.4-1.3-2.5-5-3.9-10.5-6.6z\"><\/path><\/svg><\/a>\n\t\t\t\t\t\t\t\t\t<\/span>\n\t\t\t\t\t\t\t<\/div>\n\t\t\t<\/div>\n\n\n\n<div class=\"wp-block-uagb-container uagb-block-65d7ad40\">      \n\t\t\t<div class=\"uagb-icon-wrapper uagb-block-fd765246      \"\n\t\t\tstyle=\"\" >\n\t\t\t\t\t\t\t\t\t<span class=\"uagb-svg-wrapper\" \n\t\t\t\t\t aria-label=\"envelope\"\t\t\t\t\ttabindex=\"0\">\t\t\n\t\t\t\t\t\t\t\t\t\t<a rel=\"noopener noreferrer\" href=\"mailto:gustavo@entregraos.com.br\" target=\"_self\"><svg xmlns=\"https:\/\/www.w3.org\/2000\/svg\" viewBox= \"0 0 512 512\" role=\"graphics-symbol\" aria-hidden=\"false\" aria-label=\"\"><path d=\"M464 64C490.5 64 512 85.49 512 112C512 127.1 504.9 141.3 492.8 150.4L275.2 313.6C263.8 322.1 248.2 322.1 236.8 313.6L19.2 150.4C7.113 141.3 0 127.1 0 112C0 85.49 21.49 64 48 64H464zM217.6 339.2C240.4 356.3 271.6 356.3 294.4 339.2L512 176V384C512 419.3 483.3 448 448 448H64C28.65 448 0 419.3 0 384V176L217.6 339.2z\"><\/path><\/svg><\/a>\n\t\t\t\t\t\t\t\t\t<\/span>\n\t\t\t\t\t\t\t<\/div>\n\t\t\t<\/div>\n<\/div><\/div>\n\n\n\n<div class=\"wp-block-uagb-container uagb-block-0ecd45d5 alignfull uagb-is-root-container\"><div class=\"uagb-container-inner-blocks-wrap\">\n<div class=\"wp-block-uagb-container uagb-block-e9c9edef\"><\/div>\n<\/div><\/div>\n","protected":false},"excerpt":{"rendered":"","protected":false},"author":1,"featured_media":0,"parent":0,"menu_order":0,"comment_status":"closed","ping_status":"closed","template":"","meta":{"_eb_attr":"","om_disable_all_campaigns":false,"_uag_custom_page_level_css":"","_monsterinsights_skip_tracking":false,"_monsterinsights_sitenote_active":false,"_monsterinsights_sitenote_note":"","_monsterinsights_sitenote_category":0,"_uf_show_specific_survey":0,"_uf_disable_surveys":false,"site-sidebar-layout":"default","site-content-layout":"","ast-site-content-layout":"default","site-content-style":"default","site-sidebar-style":"default","ast-global-header-display":"","ast-banner-title-visibility":"","ast-main-header-display":"","ast-hfb-above-header-display":"","ast-hfb-below-header-display":"","ast-hfb-mobile-header-display":"","site-post-title":"disabled","ast-breadcrumbs-content":"","ast-featured-img":"","footer-sml-layout":"","ast-disable-related-posts":"","theme-transparent-header-meta":"","adv-header-id-meta":"","stick-header-meta":"","header-above-stick-meta":"","header-main-stick-meta":"","header-below-stick-meta":"","astra-migrate-meta-layouts":"set","ast-page-background-enabled":"default","ast-page-background-meta":{"desktop":{"background-color":"","background-image":"","background-repeat":"repeat","background-position":"center center","background-size":"auto","background-attachment":"scroll","background-type":"","background-media":"","overlay-type":"","overlay-color":"","overlay-opacity":"","overlay-gradient":""},"tablet":{"background-color":"","background-image":"","background-repeat":"repeat","background-position":"center center","background-size":"auto","background-attachment":"scroll","background-type":"","background-media":"","overlay-type":"","overlay-color":"","overlay-opacity":"","overlay-gradient":""},"mobile":{"background-color":"","background-image":"","background-repeat":"repeat","background-position":"center center","background-size":"auto","background-attachment":"scroll","background-type":"","background-media":"","overlay-type":"","overlay-color":"","overlay-opacity":"","overlay-gradient":""}},"ast-content-background-meta":{"desktop":{"background-color":"var(--ast-global-color-5)","background-image":"","background-repeat":"repeat","background-position":"center center","background-size":"auto","background-attachment":"scroll","background-type":"","background-media":"","overlay-type":"","overlay-color":"","overlay-opacity":"","overlay-gradient":""},"tablet":{"background-color":"var(--ast-global-color-5)","background-image":"","background-repeat":"repeat","background-position":"center center","background-size":"auto","background-attachment":"scroll","background-type":"","background-media":"","overlay-type":"","overlay-color":"","overlay-opacity":"","overlay-gradient":""},"mobile":{"background-color":"var(--ast-global-color-5)","background-image":"","background-repeat":"repeat","background-position":"center center","background-size":"auto","background-attachment":"scroll","background-type":"","background-media":"","overlay-type":"","overlay-color":"","overlay-opacity":"","overlay-gradient":""}},"footnotes":""},"uagb_featured_image_src":{"full":false,"thumbnail":false,"medium":false,"medium_large":false,"large":false,"1536x1536":false,"2048x2048":false},"uagb_author_info":{"display_name":"gulima08","author_link":"https:\/\/entregraos.com.br\/?author=1"},"uagb_comment_info":0,"uagb_excerpt":null,"_links":{"self":[{"href":"https:\/\/entregraos.com.br\/index.php?rest_route=\/wp\/v2\/pages\/2525"}],"collection":[{"href":"https:\/\/entregraos.com.br\/index.php?rest_route=\/wp\/v2\/pages"}],"about":[{"href":"https:\/\/entregraos.com.br\/index.php?rest_route=\/wp\/v2\/types\/page"}],"author":[{"embeddable":true,"href":"https:\/\/entregraos.com.br\/index.php?rest_route=\/wp\/v2\/users\/1"}],"replies":[{"embeddable":true,"href":"https:\/\/entregraos.com.br\/index.php?rest_route=%2Fwp%2Fv2%2Fcomments&post=2525"}],"version-history":[{"count":8,"href":"https:\/\/entregraos.com.br\/index.php?rest_route=\/wp\/v2\/pages\/2525\/revisions"}],"predecessor-version":[{"id":2552,"href":"https:\/\/entregraos.com.br\/index.php?rest_route=\/wp\/v2\/pages\/2525\/revisions\/2552"}],"wp:attachment":[{"href":"https:\/\/entregraos.com.br\/index.php?rest_route=%2Fwp%2Fv2%2Fmedia&parent=2525"}],"curies":[{"name":"wp","href":"https:\/\/api.w.org\/{rel}","templated":true}]}}