{"id":2168,"date":"2025-03-12T11:06:44","date_gmt":"2025-03-12T14:06:44","guid":{"rendered":"https:\/\/entregraos.com.br\/?page_id=2168"},"modified":"2025-03-13T11:25:15","modified_gmt":"2025-03-13T14:25:15","slug":"como-funciona-um-moinho","status":"publish","type":"page","link":"https:\/\/entregraos.com.br\/?page_id=2168","title":{"rendered":"Como funciona um moinho?"},"content":{"rendered":"\n<div class=\"wp-block-uagb-info-box uagb-block-2c0bc170 uagb-infobox__content-wrap  uagb-infobox-icon-below-title uagb-infobox-image-valign-top\"><div class=\"uagb-ifb-content\"><div class=\"uagb-ifb-title-wrap\"><h2 class=\"uagb-ifb-title\">Como funciona um moinho?<\/h2><\/div><div class=\"uagb-ifb-image-content\"><img decoding=\"async\" src=\"https:\/\/entregraos.com.br\/wp-content\/uploads\/2025\/03\/moinho-de-vento.jpg\" alt=\"\" width=\"459\" height=\"459\" loading=\"lazy\"\/><\/div><\/div><\/div>\n\n\n\n<div class=\"wp-block-uagb-info-box uagb-block-efd31591 uagb-infobox__content-wrap  uagb-infobox-icon-below-title uagb-infobox-image-valign-top\"><div class=\"uagb-ifb-content\"><div class=\"uagb-ifb-title-wrap\"><\/div><p class=\"uagb-ifb-desc\"><br><br>O moinho de trigo \u00e9 onde o fruto do trabalho do produtor no campo \u00e9 transformado em farinha de alta qualidade, ingrediente fundamental em in\u00fameros alimentos que chegam \u00e0 nossa mesa.<br><br>Vamos explorar essa jornada!<br><\/p><\/div><\/div>\n\n\n\n<div class=\"wp-block-uagb-info-box uagb-block-f2ea081b uagb-infobox__content-wrap  uagb-infobox-icon-above-title uagb-infobox-image-valign-top\"><div class=\"uagb-ifb-content\"><div class=\"uagb-ifb-title-wrap\"><h3 class=\"uagb-ifb-title\"><br><strong><strong>1. Recep\u00e7\u00e3o e Pr\u00e9-Limpeza: O Primeiro Passo para a Qualidade<\/strong><\/strong><\/h3><\/div><p class=\"uagb-ifb-desc\">Quando o trigo chega ao moinho, ele passa primeiro por uma \u00e1rea de <strong>recep\u00e7\u00e3o<\/strong> onde ocorre uma inspe\u00e7\u00e3o inicial visual. Nessa fase, os operadores verificam se h\u00e1 sinais de contamina\u00e7\u00e3o ou deteriora\u00e7\u00e3o vis\u00edveis.<br>Em seguida \u00e9 coletada uma amostra do trigo para que as an\u00e1lises laboratoriais confirmem que o trigo est\u00e1 apto para o recebimento.<br>\u00a0<br>Com a aprova\u00e7\u00e3o laboratorial, o ve\u00edculo segue para a descarga na moega, e a partir dali para a <strong>pr\u00e9-limpeza.<\/strong><\/p><\/div><\/div>\n\n\n\n<div class=\"wp-block-group is-nowrap is-layout-flex wp-container-core-group-is-layout-1 wp-block-group-is-layout-flex\">\n<div class=\"wp-block-uagb-image uagb-block-feb98fd3 wp-block-uagb-image--layout-default wp-block-uagb-image--effect-static wp-block-uagb-image--align-none\"><figure class=\"wp-block-uagb-image__figure\"><img decoding=\"async\" srcset=\"https:\/\/entregraos.com.br\/wp-content\/uploads\/2025\/03\/trigo-correia-transportadora-2-1.jpg ,https:\/\/entregraos.com.br\/wp-content\/uploads\/2025\/03\/trigo-correia-transportadora-2-1.jpg 780w, https:\/\/entregraos.com.br\/wp-content\/uploads\/2025\/03\/trigo-correia-transportadora-2-1.jpg 360w\" sizes=\"(max-width: 480px) 150px\" src=\"https:\/\/entregraos.com.br\/wp-content\/uploads\/2025\/03\/trigo-correia-transportadora-2-1.jpg\" alt=\"\" class=\"uag-image-2184\" width=\"400\" height=\"300\" title=\"trigo-correia-transportadora-2-1\" loading=\"lazy\" role=\"img\"\/><\/figure><\/div>\n\n\n\n<div class=\"wp-block-uagb-image uagb-block-aadb39ab wp-block-uagb-image--layout-default wp-block-uagb-image--effect-static wp-block-uagb-image--align-none\"><figure class=\"wp-block-uagb-image__figure\"><img decoding=\"async\" srcset=\"https:\/\/entregraos.com.br\/wp-content\/uploads\/2025\/03\/trigo-correia-transportadora.jpg ,https:\/\/entregraos.com.br\/wp-content\/uploads\/2025\/03\/trigo-correia-transportadora.jpg 780w, https:\/\/entregraos.com.br\/wp-content\/uploads\/2025\/03\/trigo-correia-transportadora.jpg 360w\" sizes=\"(max-width: 480px) 150px\" src=\"https:\/\/entregraos.com.br\/wp-content\/uploads\/2025\/03\/trigo-correia-transportadora.jpg\" alt=\"\" class=\"uag-image-2183\" width=\"303\" height=\"303\" title=\"trigo-correia-transportadora\" loading=\"lazy\" role=\"img\"\/><\/figure><\/div>\n<\/div>\n\n\n\n<div class=\"wp-block-uagb-info-box uagb-block-7bc8b3d2 uagb-infobox__content-wrap  uagb-infobox-icon-above-title uagb-infobox-image-valign-top\"><div class=\"uagb-ifb-content\"><div class=\"uagb-ifb-title-wrap\"><h3 class=\"uagb-ifb-title\">2. <strong>Pr\u00e9-Limpeza<\/strong>:<strong> A Porta de Entrada para a Pureza do Trigo<\/strong><br><br><\/h3><\/div><p class=\"uagb-ifb-desc\">Na pr\u00e9-limpeza, os principais m\u00e9todos utilizados s\u00e3o:<br><br><strong>&#8211; Peneiramento<\/strong><br>O trigo passa por um conjunto de peneiras com malhas de tamanhos variados. Enquanto as peneiras maiores ret\u00eam detritos e gr\u00e3os de tamanho anormal (como gr\u00e3os partidos ou fragmentos maiores), as menores possibilitam a passagem apenas dos gr\u00e3os que se enquadram nos padr\u00f5es desejados.<br>\u00a0<br><strong>&#8211; Ventila\u00e7\u00e3o<\/strong><br>Ap\u00f3s o peneiramento, o trigo passa por \u00e1reas onde s\u00e3o utilizadas correntes de ar para remover aquelas part\u00edculas leves que n\u00e3o foram retidas pelas peneiras, como poeira, folhas soltas e pequenos res\u00edduos.<br>\u00a0<br><strong>&#8211; Separa\u00e7\u00e3o Magn\u00e9tica<\/strong><br>Equipamentos com \u00edm\u00e3s de alta pot\u00eancia s\u00e3o empregados para remover part\u00edculas met\u00e1licas que possam ter se misturado com o trigo durante a colheita ou o transporte. Essa etapa \u00e9 crucial para proteger os equipamentos de moagem contra danos e para evitar a contamina\u00e7\u00e3o da farinha com metais.<\/p><\/div><\/div>\n\n\n\n<div class=\"wp-block-uagb-container uagb-block-7cb62e9b alignfull uagb-is-root-container\"><div class=\"uagb-container-inner-blocks-wrap\">\n<div class=\"wp-block-uagb-container uagb-block-5762541d\"><\/div>\n\n\n\n<div class=\"wp-block-uagb-container uagb-block-fd448f03\">\n<div class=\"wp-block-uagb-info-box uagb-block-212e3905 uagb-infobox__content-wrap  uagb-infobox-icon-above-title uagb-infobox-image-valign-top\"><div class=\"uagb-ifb-content\"><div class=\"uagb-ifb-image-content\"><img decoding=\"async\" src=\"https:\/\/entregraos.com.br\/wp-content\/uploads\/2025\/03\/trigo-no-silo.jpg\" alt=\"\" width=\"\" height=\"0\" loading=\"lazy\"\/><\/div><div class=\"uagb-ifb-title-wrap\"><\/div><\/div><\/div>\n<\/div>\n\n\n\n<div class=\"wp-block-uagb-container uagb-block-144bbeb1\">\n<div class=\"wp-block-uagb-info-box uagb-block-7311e213 uagb-infobox__content-wrap  uagb-infobox-icon-above-title uagb-infobox-image-valign-top\"><div class=\"uagb-ifb-content\"><div class=\"uagb-ifb-title-wrap\"><h3 class=\"uagb-ifb-title\"><strong><strong>3. Armazenagem: Preservando a Qualidade<\/strong><\/strong><\/h3><\/div><p class=\"uagb-ifb-desc\">Ap\u00f3s a pr\u00e9-limpeza, o trigo \u00e9 armazenado em silos onde estar\u00e1 com sua umidade e temperatura controladas.<br>Al\u00e9m disso, inspe\u00e7\u00f5es regulares buscam impedir a ocorr\u00eancia de pragas ou infesta\u00e7\u00f5es.<\/p><\/div><\/div>\n<\/div>\n<\/div><\/div>\n\n\n\n<div class=\"wp-block-uagb-container uagb-block-ea8e7d03 alignfull uagb-is-root-container\"><div class=\"uagb-container-inner-blocks-wrap\">\n<div class=\"wp-block-uagb-container uagb-block-68799fff\">\n<div class=\"wp-block-uagb-info-box uagb-block-665b34b2 uagb-infobox__content-wrap  uagb-infobox-icon-above-title uagb-infobox-image-valign-top\"><div class=\"uagb-ifb-content\"><div class=\"uagb-ifb-image-content\"><img decoding=\"async\" src=\"https:\/\/entregraos.com.br\/wp-content\/uploads\/2025\/03\/trigo-e-gota-300x300.jpg\" alt=\"\" width=\"220\" height=\"220\" loading=\"lazy\"\/><\/div><div class=\"uagb-ifb-title-wrap\"><\/div><\/div><\/div>\n\n\n\n<div class=\"wp-block-uagb-info-box uagb-block-75b1c3ef uagb-infobox__content-wrap  uagb-infobox-icon-above-title uagb-infobox-image-valign-top\"><div class=\"uagb-ifb-content\"><div class=\"uagb-ifb-title-wrap\"><h3 class=\"uagb-ifb-title\"><strong>4<\/strong><span><strong style=\"font-weight: bold;\">. Umidifica\u00e7\u00e3o: Preparando para a Moagem<\/strong><\/span><\/h3><\/div><p class=\"uagb-ifb-desc\"> Antes de ser mo\u00eddo, o trigo passa por um processo de umidifica\u00e7\u00e3o com quantidades controladas de \u00e1gua. <br>O objetivo \u00e9 a ajustar o teor de umidade para facilitar e maximizar a separa\u00e7\u00e3o do endosperma (parte amil\u00e1cea) do farelo e do g\u00e9rmen.<br>Em seguida o trigo fica em repouso para permitir que a \u00e1gua se distribua uniformemente.<\/p><\/div><\/div>\n<\/div>\n\n\n\n<div class=\"wp-block-uagb-container uagb-block-e6d9fbf5\"><\/div>\n\n\n\n<div class=\"wp-block-uagb-container uagb-block-ad29d2db\">\n<div class=\"wp-block-uagb-info-box uagb-block-a9171161 uagb-infobox__content-wrap  uagb-infobox-icon-above-title uagb-infobox-image-valign-top\"><div class=\"uagb-ifb-content\"><div class=\"uagb-ifb-image-content\"><img decoding=\"async\" src=\"https:\/\/entregraos.com.br\/wp-content\/uploads\/2025\/03\/peneira-trigo-e-farinha.jpg\" alt=\"\" width=\"\" height=\"0\" loading=\"lazy\"\/><\/div><div class=\"uagb-ifb-title-wrap\"><\/div><\/div><\/div>\n<\/div>\n\n\n\n<div class=\"wp-block-uagb-container uagb-block-9e5734dd\">\n<div class=\"wp-block-uagb-info-box uagb-block-1cc27b0f uagb-infobox__content-wrap  uagb-infobox-icon-above-title uagb-infobox-image-valign-top\"><div class=\"uagb-ifb-content\"><div class=\"uagb-ifb-title-wrap\"><h3 class=\"uagb-ifb-title\"><strong><strong><strong>5. Moagem: A Transforma\u00e7\u00e3o em Farinha<\/strong><\/strong><\/strong><\/h3><\/div><p class=\"uagb-ifb-desc\">A moagem \u00e9 o processo central, onde o trigo \u00e9 transformado em farinha. Equipamentos como bancos de cilindros e plansichters desempenham pap\u00e9is cruciais.<\/p><\/div><\/div>\n<\/div>\n<\/div><\/div>\n\n\n\n<div class=\"wp-block-uagb-container uagb-block-cf9912ee alignfull uagb-is-root-container\"><div class=\"uagb-container-inner-blocks-wrap\">\n<div class=\"wp-block-uagb-info-box uagb-block-377865eb uagb-infobox__content-wrap  uagb-infobox-icon-above-title uagb-infobox-image-valign-top\"><div class=\"uagb-ifb-content\"><div class=\"uagb-ifb-image-content\"><img decoding=\"async\" src=\"https:\/\/entregraos.com.br\/wp-content\/uploads\/2025\/03\/branco-de-cilindros-300x225.jpg\" alt=\"\" width=\"\" height=\"0\" loading=\"lazy\"\/><\/div><div class=\"uagb-ifb-title-wrap\"><\/div><\/div><\/div>\n\n\n\n<div class=\"wp-block-uagb-container uagb-block-7634db42\">\n<div class=\"wp-block-uagb-info-box uagb-block-fd4d443d uagb-infobox__content-wrap  uagb-infobox-icon-above-title uagb-infobox-image-valign-top\"><div class=\"uagb-ifb-content\"><div class=\"uagb-ifb-title-wrap\"><h3 class=\"uagb-ifb-title\"><strong><strong><strong><strong>Banco de Cilindros: O Triturador<\/strong><\/strong><\/strong><\/strong><br><\/h3><\/div><p class=\"uagb-ifb-desc\"> Pode ser considerado o cora\u00e7\u00e3o do moinho. Ele \u00e9 respons\u00e1vel pela moagem gradual dos gr\u00e3os de trigo. Funciona como um conjunto de rolos de a\u00e7o que giram em velocidades diferentes e em sentidos opostos.<br>Essa configura\u00e7\u00e3o permite que os gr\u00e3os sejam triturados e esmagados aos poucos. O resultado \u00e9 a separa\u00e7\u00e3o do endosperma (a parte rica em amido que se converter\u00e1 em farinha) do farelo (casca) e do g\u00e9rmen.<br>&nbsp;<br>A dist\u00e2ncia entre os cilindros \u00e9 ajust\u00e1vel, o que permite controlar a granulometria da moagem. Isso torna poss\u00edvel a produ\u00e7\u00e3o de diferentes tipos de farinha, desde as mais finas at\u00e9 as mais grossas, atendendo diversas necessidades do mercado.<br>O processo de moagem \u00e9 feito em etapas. O trigo passa por diversos pares de cilindros, e a cada passagem, as part\u00edculas ficam menores, enquanto o endosperma \u00e9 eficientemente separado das outras partes do gr\u00e3o.<\/p><\/div><\/div>\n<\/div>\n\n\n\n<div class=\"wp-block-uagb-container uagb-block-c2d45a68\"><\/div>\n<\/div><\/div>\n\n\n\n<div class=\"wp-block-uagb-info-box uagb-block-e7d6bc62 uagb-infobox__content-wrap  uagb-infobox-icon-above-title uagb-infobox-image-valign-top\"><div class=\"uagb-ifb-content\"><div class=\"uagb-ifb-title-wrap\"><h3 class=\"uagb-ifb-title\"><strong><strong><strong><strong>Plansichter: O Classificador<\/strong><\/strong><\/strong><\/strong><\/h3><\/div><\/div><\/div>\n\n\n\n<div class=\"wp-block-uagb-container uagb-block-7d775bf9 alignfull uagb-is-root-container\"><div class=\"uagb-container-inner-blocks-wrap\">\n<div class=\"wp-block-uagb-container uagb-block-7398afb1\">\n<div class=\"wp-block-uagb-image uagb-block-90fc05da wp-block-uagb-image--layout-default wp-block-uagb-image--effect-static wp-block-uagb-image--align-none\"><figure class=\"wp-block-uagb-image__figure\"><img decoding=\"async\" srcset=\"https:\/\/entregraos.com.br\/wp-content\/uploads\/2025\/03\/plansifter-2.jpg ,https:\/\/entregraos.com.br\/wp-content\/uploads\/2025\/03\/plansifter-2.jpg 780w, https:\/\/entregraos.com.br\/wp-content\/uploads\/2025\/03\/plansifter-2.jpg 360w\" sizes=\"(max-width: 480px) 150px\" src=\"https:\/\/entregraos.com.br\/wp-content\/uploads\/2025\/03\/plansifter-2.jpg\" alt=\"\" class=\"uag-image-2204\" width=\"233\" height=\"141\" title=\"plansifter 2\" loading=\"lazy\" role=\"img\"\/><\/figure><\/div>\n<\/div>\n\n\n\n<div class=\"wp-block-uagb-container uagb-block-faa4be34\">\n<div class=\"wp-block-uagb-info-box uagb-block-2d137fe5 uagb-infobox__content-wrap  uagb-infobox-icon-above-title uagb-infobox-image-valign-top\"><div class=\"uagb-ifb-content\"><div class=\"uagb-ifb-title-wrap\"><\/div><p class=\"uagb-ifb-desc\">Ap\u00f3s a tritura\u00e7\u00e3o nos bancos de cilindros, a mistura de part\u00edculas de diferentes tamanhos segue para o plansichter, que atua como um classificador preciso.<br>O plansichter \u00e9 uma caixa retangular contendo v\u00e1rias peneiras sobrepostas, cada uma com malhas de gradua\u00e7\u00e3o diferente. Essas peneiras vibram, permitindo que as part\u00edculas mais finas passem para as camadas inferiores enquanto as maiores s\u00e3o retidas nas superiores.<br>\u00a0<br>O processo de peneiramento efetuado pelo plansichter garante a separa\u00e7\u00e3o eficiente da farinha fina do farelo e de outras part\u00edculas maiores.<br>Com isso, resulta-se em uma farinha com granulometria uniforme e separa\u00e7\u00e3o de subprodutos, que podem ser utilizados para outras finalidades, como ra\u00e7\u00e3o animal.<br>\u00a0<br>Juntos, esses dois equipamentos essenciais garantem que o processo de moagem do trigo seja realizado com alta efici\u00eancia, produzindo farinhas para uma ampla gama de aplica\u00e7\u00f5es.<\/p><\/div><\/div>\n<\/div>\n<\/div><\/div>\n\n\n\n<div class=\"wp-block-uagb-container uagb-block-d51609f2 alignfull uagb-is-root-container\"><div class=\"uagb-container-inner-blocks-wrap\">\n<div class=\"wp-block-uagb-container uagb-block-025981a8\">\n<div class=\"wp-block-uagb-info-box uagb-block-4f1f09ea uagb-infobox__content-wrap  uagb-infobox-icon-above-title uagb-infobox-image-valign-top\"><div class=\"uagb-ifb-content\"><div class=\"uagb-ifb-title-wrap\"><h3 class=\"uagb-ifb-title\"><strong><strong>6. Controle e Pesagem: Garantindo a Precis\u00e3o<\/strong><\/strong><\/h3><\/div><p class=\"uagb-ifb-desc\">Tanto a quantidade de trigo que entra no moinho, quanto a quantidade de farinha que sai s\u00e3o medidas com precis\u00e3o atrav\u00e9s de sensores e sistemas automatizados que garantem o controle da produ\u00e7\u00e3o.<\/p><\/div><\/div>\n<\/div>\n\n\n\n<div class=\"wp-block-uagb-container uagb-block-3508437f\">\n<div class=\"wp-block-uagb-image uagb-block-d23e4a76 wp-block-uagb-image--layout-default wp-block-uagb-image--effect-static wp-block-uagb-image--align-none\"><figure class=\"wp-block-uagb-image__figure\"><img decoding=\"async\" srcset=\"https:\/\/entregraos.com.br\/wp-content\/uploads\/2025\/03\/trigo-pesando.jpg ,https:\/\/entregraos.com.br\/wp-content\/uploads\/2025\/03\/trigo-pesando.jpg 780w, https:\/\/entregraos.com.br\/wp-content\/uploads\/2025\/03\/trigo-pesando.jpg 360w\" sizes=\"(max-width: 480px) 150px\" src=\"https:\/\/entregraos.com.br\/wp-content\/uploads\/2025\/03\/trigo-pesando.jpg\" alt=\"\" class=\"uag-image-2217\" width=\"600\" height=\"600\" title=\"trigo pesando\" loading=\"lazy\" role=\"img\"\/><\/figure><\/div>\n<\/div>\n<\/div><\/div>\n\n\n\n<div class=\"wp-block-uagb-container uagb-block-c8c30a09 alignfull uagb-is-root-container\"><div class=\"uagb-container-inner-blocks-wrap\">\n<div class=\"wp-block-uagb-container uagb-block-4effc6c5\">\n<div class=\"wp-block-uagb-info-box uagb-block-5a51ab0c uagb-infobox__content-wrap  uagb-infobox-icon-above-title uagb-infobox-image-valign-top\"><div class=\"uagb-ifb-content\"><div class=\"uagb-ifb-title-wrap\"><h3 class=\"uagb-ifb-title\"><strong><strong><strong> 7. Transporte, Armazenagem e Extra\u00e7\u00e3o das Farinhas<\/strong><\/strong><\/strong><\/h3><\/div><p class=\"uagb-ifb-desc\">Os produtos mo\u00eddos s\u00e3o armazenados em silos diferentes, de acordo com sua finalidade e tipo de farinha. Na extra\u00e7\u00e3o, as farinhas podem ser misturadas atrav\u00e9s de um sistema de mescla com balan\u00e7as eletr\u00f4nicas e misturador.<br><\/p><\/div><\/div>\n<\/div>\n\n\n\n<div class=\"wp-block-uagb-container uagb-block-78b9f401\">\n<div class=\"wp-block-uagb-image uagb-block-056dd1f8 wp-block-uagb-image--layout-default wp-block-uagb-image--effect-static wp-block-uagb-image--align-none\"><figure class=\"wp-block-uagb-image__figure\"><img decoding=\"async\" srcset=\"https:\/\/entregraos.com.br\/wp-content\/uploads\/2025\/03\/pao-bolo-e-massa.jpg ,https:\/\/entregraos.com.br\/wp-content\/uploads\/2025\/03\/pao-bolo-e-massa.jpg 780w, https:\/\/entregraos.com.br\/wp-content\/uploads\/2025\/03\/pao-bolo-e-massa.jpg 360w\" sizes=\"(max-width: 480px) 150px\" src=\"https:\/\/entregraos.com.br\/wp-content\/uploads\/2025\/03\/pao-bolo-e-massa.jpg\" alt=\"\" class=\"uag-image-2221\" width=\"279\" height=\"189\" title=\"pao-bolo-e-massa\" loading=\"lazy\" role=\"img\"\/><\/figure><\/div>\n<\/div>\n<\/div><\/div>\n\n\n\n<div class=\"wp-block-uagb-info-box uagb-block-15495013 uagb-infobox__content-wrap  uagb-infobox-icon-above-title uagb-infobox-image-valign-top\"><div class=\"uagb-ifb-content\"><div class=\"uagb-ifb-title-wrap\"><h3 class=\"uagb-ifb-title\"><br><strong><strong><strong><strong>8. Ensacamento e Carregamento<\/strong><\/strong><\/strong><\/strong><\/h3><\/div><p class=\"uagb-ifb-desc\">Finalmente, a farinha est\u00e1 pronta para ser ensacada e entregue aos com\u00e9rcios.<\/p><\/div><\/div>\n\n\n\n<div class=\"wp-block-uagb-image uagb-block-3ff5073b wp-block-uagb-image--layout-default wp-block-uagb-image--effect-static wp-block-uagb-image--align-none\"><figure class=\"wp-block-uagb-image__figure\"><img decoding=\"async\" srcset=\"https:\/\/entregraos.com.br\/wp-content\/uploads\/2025\/03\/caminhao-com-sacos.jpg ,https:\/\/entregraos.com.br\/wp-content\/uploads\/2025\/03\/caminhao-com-sacos.jpg 780w, https:\/\/entregraos.com.br\/wp-content\/uploads\/2025\/03\/caminhao-com-sacos.jpg 360w\" sizes=\"(max-width: 480px) 150px\" src=\"https:\/\/entregraos.com.br\/wp-content\/uploads\/2025\/03\/caminhao-com-sacos.jpg\" alt=\"\" class=\"uag-image-2228\" width=\"299\" height=\"299\" title=\"caminhao-com-sacos\" loading=\"lazy\" role=\"img\"\/><\/figure><\/div>\n\n\n\n<div class=\"wp-block-uagb-info-box uagb-block-0b823b84 uagb-infobox__content-wrap  uagb-infobox-icon-above-title uagb-infobox-image-valign-top\"><div class=\"uagb-ifb-content\"><div class=\"uagb-ifb-title-wrap\"><h3 class=\"uagb-ifb-title\"><br><br><\/h3><\/div><p class=\"uagb-ifb-desc\">Entender o funcionamento do moinho e suas exig\u00eancias pode trazer in\u00fameros benef\u00edcios ao produtor, pois pode direcionar a produ\u00e7\u00e3o de um trigo de maior qualidade e mais valorizado.<br><br>Atender demandas espec\u00edficas de diferentes tipos de farinha tamb\u00e9m pode abrir portas para novos mercados.<\/p><\/div><\/div>\n\n\n\n<div class=\"wp-block-uagb-container uagb-block-0ecd45d5 alignfull uagb-is-root-container\"><div class=\"uagb-container-inner-blocks-wrap\">\n<div class=\"wp-block-uagb-container uagb-block-fae2db06\">\n<div class=\"wp-block-uagb-info-box uagb-block-7fe26d41 uagb-infobox__content-wrap  uagb-infobox-icon-above-title uagb-infobox-image-valign-top\"><div class=\"uagb-ifb-content\"><div class=\"uagb-ifb-title-wrap\"><\/div><\/div><\/div>\n<\/div>\n\n\n\n<div class=\"wp-block-uagb-container uagb-block-e9c9edef\"><\/div>\n<\/div><\/div>\n","protected":false},"excerpt":{"rendered":"","protected":false},"author":1,"featured_media":0,"parent":0,"menu_order":0,"comment_status":"closed","ping_status":"closed","template":"","meta":{"_eb_attr":"","om_disable_all_campaigns":false,"_uag_custom_page_level_css":"","_monsterinsights_skip_tracking":false,"_monsterinsights_sitenote_active":false,"_monsterinsights_sitenote_note":"","_monsterinsights_sitenote_category":0,"_uf_show_specific_survey":0,"_uf_disable_surveys":false,"site-sidebar-layout":"default","site-content-layout":"","ast-site-content-layout":"default","site-content-style":"default","site-sidebar-style":"default","ast-global-header-display":"","ast-banner-title-visibility":"","ast-main-header-display":"","ast-hfb-above-header-display":"","ast-hfb-below-header-display":"","ast-hfb-mobile-header-display":"","site-post-title":"disabled","ast-breadcrumbs-content":"","ast-featured-img":"","footer-sml-layout":"","ast-disable-related-posts":"","theme-transparent-header-meta":"","adv-header-id-meta":"","stick-header-meta":"","header-above-stick-meta":"","header-main-stick-meta":"","header-below-stick-meta":"","astra-migrate-meta-layouts":"set","ast-page-background-enabled":"default","ast-page-background-meta":{"desktop":{"background-color":"","background-image":"","background-repeat":"repeat","background-position":"center center","background-size":"auto","background-attachment":"scroll","background-type":"","background-media":"","overlay-type":"","overlay-color":"","overlay-opacity":"","overlay-gradient":""},"tablet":{"background-color":"","background-image":"","background-repeat":"repeat","background-position":"center center","background-size":"auto","background-attachment":"scroll","background-type":"","background-media":"","overlay-type":"","overlay-color":"","overlay-opacity":"","overlay-gradient":""},"mobile":{"background-color":"","background-image":"","background-repeat":"repeat","background-position":"center center","background-size":"auto","background-attachment":"scroll","background-type":"","background-media":"","overlay-type":"","overlay-color":"","overlay-opacity":"","overlay-gradient":""}},"ast-content-background-meta":{"desktop":{"background-color":"var(--ast-global-color-5)","background-image":"","background-repeat":"repeat","background-position":"center center","background-size":"auto","background-attachment":"scroll","background-type":"","background-media":"","overlay-type":"","overlay-color":"","overlay-opacity":"","overlay-gradient":""},"tablet":{"background-color":"var(--ast-global-color-5)","background-image":"","background-repeat":"repeat","background-position":"center center","background-size":"auto","background-attachment":"scroll","background-type":"","background-media":"","overlay-type":"","overlay-color":"","overlay-opacity":"","overlay-gradient":""},"mobile":{"background-color":"var(--ast-global-color-5)","background-image":"","background-repeat":"repeat","background-position":"center center","background-size":"auto","background-attachment":"scroll","background-type":"","background-media":"","overlay-type":"","overlay-color":"","overlay-opacity":"","overlay-gradient":""}},"footnotes":""},"uagb_featured_image_src":{"full":false,"thumbnail":false,"medium":false,"medium_large":false,"large":false,"1536x1536":false,"2048x2048":false},"uagb_author_info":{"display_name":"gulima08","author_link":"https:\/\/entregraos.com.br\/?author=1"},"uagb_comment_info":0,"uagb_excerpt":null,"_links":{"self":[{"href":"https:\/\/entregraos.com.br\/index.php?rest_route=\/wp\/v2\/pages\/2168"}],"collection":[{"href":"https:\/\/entregraos.com.br\/index.php?rest_route=\/wp\/v2\/pages"}],"about":[{"href":"https:\/\/entregraos.com.br\/index.php?rest_route=\/wp\/v2\/types\/page"}],"author":[{"embeddable":true,"href":"https:\/\/entregraos.com.br\/index.php?rest_route=\/wp\/v2\/users\/1"}],"replies":[{"embeddable":true,"href":"https:\/\/entregraos.com.br\/index.php?rest_route=%2Fwp%2Fv2%2Fcomments&post=2168"}],"version-history":[{"count":52,"href":"https:\/\/entregraos.com.br\/index.php?rest_route=\/wp\/v2\/pages\/2168\/revisions"}],"predecessor-version":[{"id":2236,"href":"https:\/\/entregraos.com.br\/index.php?rest_route=\/wp\/v2\/pages\/2168\/revisions\/2236"}],"wp:attachment":[{"href":"https:\/\/entregraos.com.br\/index.php?rest_route=%2Fwp%2Fv2%2Fmedia&parent=2168"}],"curies":[{"name":"wp","href":"https:\/\/api.w.org\/{rel}","templated":true}]}}