{"id":2101,"date":"2025-03-11T15:25:21","date_gmt":"2025-03-11T18:25:21","guid":{"rendered":"https:\/\/entregraos.com.br\/?page_id=2101"},"modified":"2025-03-20T17:23:05","modified_gmt":"2025-03-20T20:23:05","slug":"producao-consumo","status":"publish","type":"page","link":"https:\/\/entregraos.com.br\/?page_id=2101","title":{"rendered":"Produ\u00e7\u00e3o \/ Consumo"},"content":{"rendered":"\n<div class=\"wp-block-uagb-info-box uagb-block-7136bf8a uagb-infobox__content-wrap  uagb-infobox-icon-above-title uagb-infobox-image-valign-top\"><div class=\"uagb-ifb-content\"><div class=\"uagb-ifb-title-wrap\"><h2 class=\"uagb-ifb-title\">Produ\u00e7\u00e3o \/ Consumo<\/h2><\/div><\/div><\/div>\n\n\n\n<div class=\"wp-block-uagb-image uagb-block-2f6b41a0 wp-block-uagb-image--layout-default wp-block-uagb-image--effect-static wp-block-uagb-image--align-none\"><figure class=\"wp-block-uagb-image__figure\"><img decoding=\"async\" srcset=\"https:\/\/entregraos.com.br\/wp-content\/uploads\/2025\/03\/mundo-com-trigo.jpg ,https:\/\/entregraos.com.br\/wp-content\/uploads\/2025\/03\/mundo-com-trigo.jpg 780w, https:\/\/entregraos.com.br\/wp-content\/uploads\/2025\/03\/mundo-com-trigo.jpg 360w\" sizes=\"(max-width: 480px) 150px\" src=\"https:\/\/entregraos.com.br\/wp-content\/uploads\/2025\/03\/mundo-com-trigo.jpg\" alt=\"\" class=\"uag-image-2439\" width=\"419\" height=\"419\" title=\"mundo com trigo\" loading=\"lazy\" role=\"img\"\/><\/figure><\/div>\n\n\n\n<div class=\"wp-block-uagb-info-box uagb-block-43de0b98 uagb-infobox__content-wrap  uagb-infobox-icon-above-title uagb-infobox-image-valign-top\"><div class=\"uagb-ifb-content\"><div class=\"uagb-ifb-title-wrap\"><\/div><p class=\"uagb-ifb-desc\">Para conhecer o mercado de trigo e o que o influencia, \u00e9 importante saber dados sobre a Produtor e o Consumo.<br>Por isso, a seguir vamos detalhar um pouco essas informa\u00e7\u00f5es:<\/p><\/div><\/div>\n\n\n\n<div class=\"wp-block-uagb-info-box uagb-block-dc034193 uagb-infobox__content-wrap  uagb-infobox-icon-above-title uagb-infobox-image-valign-top\"><div class=\"uagb-ifb-content\"><div class=\"uagb-ifb-title-wrap\"><h3 class=\"uagb-ifb-title\"><br><strong>Produ\u00e7\u00e3o<\/strong><br><br>Mundo<\/h3><\/div><p class=\"uagb-ifb-desc\">Segundo dados de FEV\/25 do\u00a0<strong>USDA<\/strong>\u00a0(Departamento de Agricultura dos Estados Unidos), a lista dos maiores produtores de trigo do mundo para a safra 2023\/24 \u00e9 a seguinte:\u00a0<br><br><strong>1. China<\/strong><br>A\u00a0<strong>China<\/strong>\u00a0continua a ser o maior produtor de trigo do mundo, com uma produ\u00e7\u00e3o estimada em aproximadamente\u00a0<strong>137 milh\u00f5es de toneladas<\/strong>\u00a0em 2024.<br><br>A agricultura intensiva e o uso de tecnologias avan\u00e7adas t\u00eam permitido \u00e0 China manter e at\u00e9 expandir sua produ\u00e7\u00e3o, respondendo tanto \u00e0 demanda interna quanto \u00e0s press\u00f5es globais por seguran\u00e7a alimentar.<br>A China conta com a maior produ\u00e7\u00e3o de trigo do mundo, mas a maior parte deste trigo fica conservado para consumo interno.<br><br><br><strong>2. Uni\u00e3o Europeia<\/strong><br>A\u00a0<strong>Uni\u00e3o Europeia<\/strong>\u00a0ocupa a segunda posi\u00e7\u00e3o, com uma produ\u00e7\u00e3o combinada de cerca de\u00a0<strong>135 milh\u00f5es de toneladas<\/strong>.<br><br>Dentro da\u00a0U.E., a\u00a0<strong>Fran\u00e7a<\/strong>\u00a0\u00e9 o maior produtor individual, seguido pela\u00a0<strong>Alemanha<\/strong>\u00a0e pela\u00a0<strong>Pol\u00f4nia<\/strong>. <br>A produ\u00e7\u00e3o de trigo na Uni\u00e3o Europeia \u00e9 beneficiada principalmente por pol\u00edticas agr\u00edcolas que promovem a sustentabilidade e efici\u00eancia. Al\u00e9m disso, a regi\u00e3o possui pr\u00e1ticas agr\u00edcolas modernas e altamente mecanizadas que garantem uma colheita robusta a cada ano.<br><br><br><strong>3. \u00cdndia<\/strong><br>A\u00a0<strong>\u00cdndia<\/strong>\u00a0\u00e9 o terceiro maior produtor de trigo do mundo, com uma produ\u00e7\u00e3o estimada em\u00a0<strong>110 milh\u00f5es de toneladas<\/strong>, e \u00e9 impulsionada por uma combina\u00e7\u00e3o de pol\u00edticas de subs\u00eddio agr\u00edcola, tecnologias de irriga\u00e7\u00e3o e uma demanda interna significativa, devido \u00e0 grande popula\u00e7\u00e3o do pa\u00eds.<br><br><br><\/p><\/div><\/div>\n\n\n\n<div class=\"wp-block-uagb-image uagb-block-76760ff7 wp-block-uagb-image--layout-default wp-block-uagb-image--effect-static wp-block-uagb-image--align-none\"><figure class=\"wp-block-uagb-image__figure\"><img decoding=\"async\" srcset=\"https:\/\/entregraos.com.br\/wp-content\/uploads\/2025\/03\/Producao-mundial-de-trigo-2.1.jpg ,https:\/\/entregraos.com.br\/wp-content\/uploads\/2025\/03\/Producao-mundial-de-trigo-2.1.jpg 780w, https:\/\/entregraos.com.br\/wp-content\/uploads\/2025\/03\/Producao-mundial-de-trigo-2.1.jpg 360w\" sizes=\"(max-width: 480px) 150px\" src=\"https:\/\/entregraos.com.br\/wp-content\/uploads\/2025\/03\/Producao-mundial-de-trigo-2.1.jpg\" alt=\"\" class=\"uag-image-2474\" width=\"522\" height=\"189\" title=\"Produ\u00e7\u00e3o mundial de trigo 2.1\" loading=\"lazy\" role=\"img\"\/><\/figure><\/div>\n\n\n\n<div class=\"wp-block-uagb-info-box uagb-block-64ef1d05 uagb-infobox__content-wrap  uagb-infobox-icon-above-title uagb-infobox-image-valign-top\"><div class=\"uagb-ifb-content\"><div class=\"uagb-ifb-title-wrap\"><\/div><p class=\"uagb-ifb-desc\"><br><strong>4. R\u00fassia<\/strong><br>A\u00a0<strong>R\u00fassia<\/strong>\u00a0mant\u00e9m sua posi\u00e7\u00e3o como o quarto maior produtor de trigo, com uma produ\u00e7\u00e3o de\u00a0<strong>91 milh\u00f5es de toneladas<\/strong>.\u00a0Apesar de possuir um grande territ\u00f3rio, uma grande parte dele n\u00e3o \u00e9 capaz de produzir o trigo devidamente.<br><br>Se destaca como <strong>o maior exportador de trigo do mundo<\/strong>, sendo o principal pa\u00eds deste mercado global e influenciando os pre\u00e7os internacionais do gr\u00e3o.<br><br><strong>5. Estados Unidos<\/strong><br>Os\u00a0<strong>Estados Unidos<\/strong>\u00a0s\u00e3o o quinto maior produtor de trigo, com uma produ\u00e7\u00e3o estimada em\u00a0<strong>49 milh\u00f5es de toneladas<\/strong>.<br>A diversidade de variedades de trigo cultivadas nos EUA, como o trigo de inverno vermelho e o trigo duro, permite ao pa\u00eds atender tanto ao mercado interno quanto \u00e0s exporta\u00e7\u00f5es de alta qualidade.<br><br><br>Em seguida os maiores produtores\u00a0 em 2024 foram: Austr\u00e1lia, Canad\u00e1, Paquist\u00e3o, Ucr\u00e2nia (mesmo com os danos gerados pela guerra) e Turquia.<br><br>A Argentina ocupa a 11\u00ba posi\u00e7\u00e3o e o Brasil a 16\u00b0 na produ\u00e7\u00e3o mundial de trigo, com 17,5 milh\u00f5es e 8,1 milh\u00f5es de toneladas respectivamente<br><br><br><\/p><\/div><\/div>\n\n\n\n<div class=\"wp-block-uagb-container uagb-block-48650b13 alignfull uagb-is-root-container\"><div class=\"uagb-container-inner-blocks-wrap\">\n<div class=\"wp-block-uagb-container uagb-block-58cce470\">\n<div class=\"wp-block-uagb-info-box uagb-block-ce19b741 uagb-infobox__content-wrap  uagb-infobox-icon-above-title uagb-infobox-image-valign-top\"><div class=\"uagb-ifb-content\"><div class=\"uagb-ifb-title-wrap\"><h3 class=\"uagb-ifb-title\">Exporta\u00e7\u00e3o<\/h3><\/div><p class=\"uagb-ifb-desc\">Quando tratamos da exporta\u00e7\u00e3o do trigo, o quadro se altera.<br>Isso porque boa parte dos maiores produtores s\u00e3o tamb\u00e9m grandes consumidores. <br><br>Dessa forma, considerando apenas os pa\u00edses que de fato exportam trigo, temos o cen\u00e1rio a seguir:<br><\/p><\/div><\/div>\n<\/div>\n\n\n\n<div class=\"wp-block-uagb-container uagb-block-0bb7b6f7\">\n<div class=\"wp-block-uagb-image uagb-block-e063f804 wp-block-uagb-image--layout-default wp-block-uagb-image--effect-static wp-block-uagb-image--align-none\"><figure class=\"wp-block-uagb-image__figure\"><img decoding=\"async\" srcset=\"https:\/\/entregraos.com.br\/wp-content\/uploads\/2025\/03\/Exportacao-trigo-mundo.jpg ,https:\/\/entregraos.com.br\/wp-content\/uploads\/2025\/03\/Exportacao-trigo-mundo.jpg 780w, https:\/\/entregraos.com.br\/wp-content\/uploads\/2025\/03\/Exportacao-trigo-mundo.jpg 360w\" sizes=\"(max-width: 480px) 150px\" src=\"https:\/\/entregraos.com.br\/wp-content\/uploads\/2025\/03\/Exportacao-trigo-mundo.jpg\" alt=\"\" class=\"uag-image-2449\" width=\"440\" height=\"53\" title=\"Exportacao-trigo-mundo\" loading=\"lazy\" role=\"img\"\/><\/figure><\/div>\n<\/div>\n<\/div><\/div>\n\n\n\n<div class=\"wp-block-uagb-container uagb-block-8d92e84d alignfull uagb-is-root-container\"><div class=\"uagb-container-inner-blocks-wrap\">\n<div class=\"wp-block-uagb-container uagb-block-05afc767\">\n<div class=\"wp-block-uagb-image uagb-block-70015e3a wp-block-uagb-image--layout-default wp-block-uagb-image--effect-static wp-block-uagb-image--align-none\"><figure class=\"wp-block-uagb-image__figure\"><img decoding=\"async\" srcset=\"https:\/\/entregraos.com.br\/wp-content\/uploads\/2025\/03\/produtor-no-trigo-com-graficos-2.jpg ,https:\/\/entregraos.com.br\/wp-content\/uploads\/2025\/03\/produtor-no-trigo-com-graficos-2.jpg 780w, https:\/\/entregraos.com.br\/wp-content\/uploads\/2025\/03\/produtor-no-trigo-com-graficos-2.jpg 360w\" sizes=\"(max-width: 480px) 150px\" src=\"https:\/\/entregraos.com.br\/wp-content\/uploads\/2025\/03\/produtor-no-trigo-com-graficos-2.jpg\" alt=\"\" class=\"uag-image-2457\" width=\"211\" height=\"145\" title=\"produtor-no-trigo-com-graficos-2\" loading=\"lazy\" role=\"img\"\/><\/figure><\/div>\n<\/div>\n\n\n\n<div class=\"wp-block-uagb-container uagb-block-98cf5ca1\">\n<div class=\"wp-block-uagb-info-box uagb-block-488e48b6 uagb-infobox__content-wrap  uagb-infobox-icon-above-title uagb-infobox-image-valign-top\"><div class=\"uagb-ifb-content\"><div class=\"uagb-ifb-title-wrap\"><\/div><p class=\"uagb-ifb-desc\">Veja portanto, que temos a Russia, Canad\u00e1, Austr\u00e1lia, EUA e Ucrania como principais <strong>exportadores <\/strong>mundiais. <br><br>Qualquer altera\u00e7\u00e3o na oferta destes grandes exportadores, assim como nos grandes <strong>produtores<\/strong> , deve ser visto com muita aten\u00e7\u00e3o, pois pode alterar bastante os pre\u00e7os mundiais.<\/p><\/div><\/div>\n<\/div>\n<\/div><\/div>\n\n\n\n<div class=\"wp-block-uagb-info-box uagb-block-23f1d121 uagb-infobox__content-wrap  uagb-infobox-icon-above-title uagb-infobox-image-valign-top\"><div class=\"uagb-ifb-content\"><div class=\"uagb-ifb-title-wrap\"><h3 class=\"uagb-ifb-title\"><br><strong>Produ\u00e7\u00e3o<\/strong><br><br>Brasil <\/h3><\/div><p class=\"uagb-ifb-desc\">Regionalmente, a produ\u00e7\u00e3o nacional est\u00e1 concentrada nos estados do Sul:<br><br>&#8211; RS &#8211; 3,9 milh\u00f5es ton<br>&#8211; PR \u2013 2,3 milh\u00f5es ton<br>&#8211; SC \u2013 460 mil ton<br><br>Os estados do Centro-Sul tiveram a seguinte produ\u00e7\u00e3o na safra 2024:<br><br>&#8211; SP &#8211; 358 mil ton<br>&#8211; MG \u2013 250 mil ton (<em>Estimativa EntreGr\u00e3os<\/em>)<br>&#8211; GO \u2013 234 mil ton<\/p><\/div><\/div>\n\n\n\n<div class=\"wp-block-uagb-image uagb-block-a1973c3a wp-block-uagb-image--layout-default wp-block-uagb-image--effect-static wp-block-uagb-image--align-none\"><figure class=\"wp-block-uagb-image__figure\"><img decoding=\"async\" srcset=\"https:\/\/entregraos.com.br\/wp-content\/uploads\/2025\/03\/producao-brasil-trigo-1.1.jpg ,https:\/\/entregraos.com.br\/wp-content\/uploads\/2025\/03\/producao-brasil-trigo-1.1.jpg 780w, https:\/\/entregraos.com.br\/wp-content\/uploads\/2025\/03\/producao-brasil-trigo-1.1.jpg 360w\" sizes=\"(max-width: 480px) 150px\" src=\"https:\/\/entregraos.com.br\/wp-content\/uploads\/2025\/03\/producao-brasil-trigo-1.1.jpg\" alt=\"\" class=\"uag-image-2476\" width=\"518\" height=\"359\" title=\"produ\u00e7\u00e3o brasil trigo 1.1\" loading=\"lazy\" role=\"img\"\/><\/figure><\/div>\n\n\n\n<div class=\"wp-block-uagb-info-box uagb-block-b11d8375 uagb-infobox__content-wrap  uagb-infobox-icon-above-title uagb-infobox-image-valign-top\"><div class=\"uagb-ifb-content\"><div class=\"uagb-ifb-title-wrap\"><\/div><p class=\"uagb-ifb-desc\">No Cerrado (MG e GO principalmente) existe oportunidade para aumento de produ\u00e7\u00e3o muito grande.<br><br>Isso n\u00e3o s\u00f3 porque os moinhos daqui tem demanda maior que a produ\u00e7\u00e3o, mas tamb\u00e9m porque compradores de outros estados veem buscar trigo, especialmente entre JUN a in\u00edcio de AGO, quando l\u00e1 ainda n\u00e3o se iniciou a colheita.<\/p><\/div><\/div>\n\n\n\n<div class=\"wp-block-uagb-info-box uagb-block-a40b73bc uagb-infobox__content-wrap  uagb-infobox-icon-above-title uagb-infobox-image-valign-top\"><div class=\"uagb-ifb-content\"><div class=\"uagb-ifb-title-wrap\"><h3 class=\"uagb-ifb-title\"><br><strong>Consumo <\/strong><br><br>Brasil <\/h3><\/div><p class=\"uagb-ifb-desc\">O consumo de trigo no Brasil \u00e9 de cerca de 12 milh\u00f5es de toneladas. <br>Estima-se que 94,5% da produ\u00e7\u00e3o destinem-se ao processamento industrial, 2,5% seja reserva de semente e, aproximadamente, 3% destinem-se diretamente a alimenta\u00e7\u00e3o animal.<br><br><br>Segundo a ABITRIGO, a farinha de trigo tem as seguintes aplica\u00e7\u00f5es:<\/p><\/div><\/div>\n\n\n\n<div class=\"wp-block-uagb-container uagb-block-a1acbf26 alignfull uagb-is-root-container\"><div class=\"uagb-container-inner-blocks-wrap\">\n<div class=\"wp-block-uagb-container uagb-block-1cd76206\">\n<div class=\"wp-block-uagb-info-box uagb-block-37194784 uagb-infobox__content-wrap  uagb-infobox-icon-above-title uagb-infobox-image-valign-top\"><div class=\"uagb-ifb-content\"><div class=\"uagb-ifb-title-wrap\"><\/div><p class=\"uagb-ifb-desc\">&#8211; 55% da farinha processada \u00e9 consumida na ind\u00fastria da panifica\u00e7\u00e3o;<br><br>&#8211; 17% \u00e9 usada para consumo dom\u00e9stico,<br><br>&#8211; 15% destina-se para fabrica\u00e7\u00e3o de massas,<br><br>&#8211; 11% \u00e9 usada para fabrica\u00e7\u00e3o de biscoitos e<br><br>&#8211; 2% na produ\u00e7\u00e3o de f\u00e1rmacos, cola e uso na alimenta\u00e7\u00e3o animal.<\/p><\/div><\/div>\n<\/div>\n\n\n\n<div class=\"wp-block-uagb-container uagb-block-2d237297\">\n<div class=\"wp-block-uagb-image uagb-block-2ad9a1c6 wp-block-uagb-image--layout-default wp-block-uagb-image--effect-static wp-block-uagb-image--align-none\"><figure class=\"wp-block-uagb-image__figure\"><img decoding=\"async\" srcset=\"https:\/\/entregraos.com.br\/wp-content\/uploads\/2025\/03\/Aplicacao-fatrinha-trigo.jpg ,https:\/\/entregraos.com.br\/wp-content\/uploads\/2025\/03\/Aplicacao-fatrinha-trigo.jpg 780w, https:\/\/entregraos.com.br\/wp-content\/uploads\/2025\/03\/Aplicacao-fatrinha-trigo.jpg 360w\" sizes=\"(max-width: 480px) 150px\" src=\"https:\/\/entregraos.com.br\/wp-content\/uploads\/2025\/03\/Aplicacao-fatrinha-trigo.jpg\" alt=\"\" class=\"uag-image-2466\" width=\"421\" height=\"30\" title=\"Aplicacao-fatrinha-trigo\" loading=\"lazy\" role=\"img\"\/><\/figure><\/div>\n<\/div>\n<\/div><\/div>\n\n\n\n<div class=\"wp-block-uagb-container uagb-block-08a7dbfe alignfull uagb-is-root-container\"><div class=\"uagb-container-inner-blocks-wrap\"><\/div><\/div>\n\n\n\n<div class=\"wp-block-uagb-container uagb-block-736eee9e alignfull uagb-is-root-container\"><div class=\"uagb-container-inner-blocks-wrap\"><\/div><\/div>\n\n\n\n<div class=\"wp-block-uagb-info-box uagb-block-5551905c uagb-infobox__content-wrap  uagb-infobox-icon-above-title uagb-infobox-image-valign-top\"><div class=\"uagb-ifb-content\"><div class=\"uagb-ifb-title-wrap\"><h3 class=\"uagb-ifb-title\"> <br><\/h3><\/div><\/div><\/div>\n\n\n\n<div class=\"wp-block-uagb-info-box uagb-block-d533f7a7 uagb-infobox__content-wrap  uagb-infobox-icon-above-title uagb-infobox-image-valign-top\"><div class=\"uagb-ifb-content\"><div class=\"uagb-ifb-title-wrap\"><h3 class=\"uagb-ifb-title\"> <br><\/h3><\/div><\/div><\/div>\n","protected":false},"excerpt":{"rendered":"","protected":false},"author":1,"featured_media":0,"parent":0,"menu_order":0,"comment_status":"closed","ping_status":"closed","template":"","meta":{"_eb_attr":"","om_disable_all_campaigns":false,"_uag_custom_page_level_css":"","_monsterinsights_skip_tracking":false,"_monsterinsights_sitenote_active":false,"_monsterinsights_sitenote_note":"","_monsterinsights_sitenote_category":0,"_uf_show_specific_survey":0,"_uf_disable_surveys":false,"site-sidebar-layout":"default","site-content-layout":"","ast-site-content-layout":"default","site-content-style":"default","site-sidebar-style":"default","ast-global-header-display":"","ast-banner-title-visibility":"","ast-main-header-display":"","ast-hfb-above-header-display":"","ast-hfb-below-header-display":"","ast-hfb-mobile-header-display":"","site-post-title":"disabled","ast-breadcrumbs-content":"","ast-featured-img":"","footer-sml-layout":"","ast-disable-related-posts":"","theme-transparent-header-meta":"","adv-header-id-meta":"","stick-header-meta":"","header-above-stick-meta":"","header-main-stick-meta":"","header-below-stick-meta":"","astra-migrate-meta-layouts":"set","ast-page-background-enabled":"default","ast-page-background-meta":{"desktop":{"background-color":"","background-image":"","background-repeat":"repeat","background-position":"center center","background-size":"auto","background-attachment":"scroll","background-type":"","background-media":"","overlay-type":"","overlay-color":"","overlay-opacity":"","overlay-gradient":""},"tablet":{"background-color":"","background-image":"","background-repeat":"repeat","background-position":"center center","background-size":"auto","background-attachment":"scroll","background-type":"","background-media":"","overlay-type":"","overlay-color":"","overlay-opacity":"","overlay-gradient":""},"mobile":{"background-color":"","background-image":"","background-repeat":"repeat","background-position":"center center","background-size":"auto","background-attachment":"scroll","background-type":"","background-media":"","overlay-type":"","overlay-color":"","overlay-opacity":"","overlay-gradient":""}},"ast-content-background-meta":{"desktop":{"background-color":"var(--ast-global-color-5)","background-image":"","background-repeat":"repeat","background-position":"center center","background-size":"auto","background-attachment":"scroll","background-type":"","background-media":"","overlay-type":"","overlay-color":"","overlay-opacity":"","overlay-gradient":""},"tablet":{"background-color":"var(--ast-global-color-5)","background-image":"","background-repeat":"repeat","background-position":"center center","background-size":"auto","background-attachment":"scroll","background-type":"","background-media":"","overlay-type":"","overlay-color":"","overlay-opacity":"","overlay-gradient":""},"mobile":{"background-color":"var(--ast-global-color-5)","background-image":"","background-repeat":"repeat","background-position":"center center","background-size":"auto","background-attachment":"scroll","background-type":"","background-media":"","overlay-type":"","overlay-color":"","overlay-opacity":"","overlay-gradient":""}},"footnotes":""},"uagb_featured_image_src":{"full":false,"thumbnail":false,"medium":false,"medium_large":false,"large":false,"1536x1536":false,"2048x2048":false},"uagb_author_info":{"display_name":"gulima08","author_link":"https:\/\/entregraos.com.br\/?author=1"},"uagb_comment_info":0,"uagb_excerpt":null,"_links":{"self":[{"href":"https:\/\/entregraos.com.br\/index.php?rest_route=\/wp\/v2\/pages\/2101"}],"collection":[{"href":"https:\/\/entregraos.com.br\/index.php?rest_route=\/wp\/v2\/pages"}],"about":[{"href":"https:\/\/entregraos.com.br\/index.php?rest_route=\/wp\/v2\/types\/page"}],"author":[{"embeddable":true,"href":"https:\/\/entregraos.com.br\/index.php?rest_route=\/wp\/v2\/users\/1"}],"replies":[{"embeddable":true,"href":"https:\/\/entregraos.com.br\/index.php?rest_route=%2Fwp%2Fv2%2Fcomments&post=2101"}],"version-history":[{"count":33,"href":"https:\/\/entregraos.com.br\/index.php?rest_route=\/wp\/v2\/pages\/2101\/revisions"}],"predecessor-version":[{"id":2478,"href":"https:\/\/entregraos.com.br\/index.php?rest_route=\/wp\/v2\/pages\/2101\/revisions\/2478"}],"wp:attachment":[{"href":"https:\/\/entregraos.com.br\/index.php?rest_route=%2Fwp%2Fv2%2Fmedia&parent=2101"}],"curies":[{"name":"wp","href":"https:\/\/api.w.org\/{rel}","templated":true}]}}