{"id":1700,"date":"2025-02-21T09:55:28","date_gmt":"2025-02-21T12:55:28","guid":{"rendered":"https:\/\/entregraos.com.br\/?page_id=1700"},"modified":"2025-03-14T16:21:24","modified_gmt":"2025-03-14T19:21:24","slug":"extensografia","status":"publish","type":"page","link":"https:\/\/entregraos.com.br\/?page_id=1700","title":{"rendered":"Extensografia"},"content":{"rendered":"\n<div class=\"wp-block-uagb-info-box uagb-block-520d29e8 uagb-infobox__content-wrap  uagb-infobox-icon-above-title uagb-infobox-image-valign-top\"><div class=\"uagb-ifb-content\"><div class=\"uagb-ifb-title-wrap\"><h2 class=\"uagb-ifb-title\">Extensografia<\/h2><\/div><\/div><\/div>\n\n\n\n<div class=\"wp-block-uagb-image aligncenter uagb-block-97da70c7 wp-block-uagb-image--layout-default wp-block-uagb-image--effect-static wp-block-uagb-image--align-center\"><figure class=\"wp-block-uagb-image__figure\"><img decoding=\"async\" srcset=\"https:\/\/entregraos.com.br\/wp-content\/uploads\/2025\/02\/Extensografia-massa-esticando.jpg ,https:\/\/entregraos.com.br\/wp-content\/uploads\/2025\/02\/Extensografia-massa-esticando.jpg 780w, https:\/\/entregraos.com.br\/wp-content\/uploads\/2025\/02\/Extensografia-massa-esticando.jpg 360w\" sizes=\"(max-width: 480px) 150px\" src=\"https:\/\/entregraos.com.br\/wp-content\/uploads\/2025\/02\/Extensografia-massa-esticando.jpg\" alt=\"\" class=\"uag-image-1960\" width=\"422\" height=\"422\" title=\"Extensografia-massa-esticando\" loading=\"lazy\" role=\"img\"\/><\/figure><\/div>\n\n\n\n<div class=\"wp-block-uagb-info-box uagb-block-d1f990a0 uagb-infobox__content-wrap  uagb-infobox-icon-above-title uagb-infobox-image-valign-top\"><div class=\"uagb-ifb-content\"><div class=\"uagb-ifb-title-wrap\"><\/div><p class=\"uagb-ifb-desc\"><br><br>A an\u00e1lise extensogr\u00e1fica do trigo \u00e9 uma forma pr\u00e1tica de avaliar como a massa se comporta quando \u00e9 esticada, ou seja, de medir sua capacidade de alongamento e resist\u00eancia \u00e0 deforma\u00e7\u00e3o.<br>\u00a0<br>Para a realiza\u00e7\u00e3o do teste assim se procede:<\/p><\/div><\/div>\n\n\n\n<div class=\"wp-block-essential-blocks-feature-list  root-eb-feature-list-0w468\"><div class=\"eb-parent-wrapper eb-parent-eb-feature-list-0w468 \"><div class=\"eb-feature-list-0w468 eb-feature-list-wrapper eb-icon-position-left eb-tablet-icon-position-left eb-mobile-icon-position-left eb-feature-list-left\"><ul class=\"eb-feature-list-items circle stacked\"><li class=\"eb-feature-list-item\" data-new-tab=\"false\" data-icon-type=\"icon\" data-icon=\"fas fa-arrow-right\" data-icon-color=\"\" data-link=\"\"><div class=\"eb-feature-list-icon-box\"><div class=\"eb-feature-list-icon-inner\"><span class=\"eb-feature-list-icon\" style=\"color:\"><i icon=\"fas fa-arrow-right\" class=\"fas fa-arrow-right \"><\/i><\/span><\/div><\/div><div class=\"eb-feature-list-content-box\"><h3 class=\"eb-feature-list-title\">Primeiramente mistura-se a farinha de trigo com \u00e1gua, fermento e, \u00e0s vezes, sal.<\/h3><p class=\"eb-feature-list-content\">A massa \u00e9 sovada e depois deixa-se descansar para que o gl\u00faten se desenvolva plenamente.<\/p><\/div><\/li><li class=\"eb-feature-list-item\" data-new-tab=\"false\" data-icon-type=\"icon\" data-icon=\"fas fa-arrow-right\" data-icon-color=\"\" data-link=\"\"><div class=\"eb-feature-list-icon-box\"><div class=\"eb-feature-list-icon-inner\"><span class=\"eb-feature-list-icon\" style=\"color:\"><i icon=\"fas fa-arrow-right\" class=\"fas fa-arrow-right \"><\/i><\/span><\/div><\/div><div class=\"eb-feature-list-content-box\"><h3 class=\"eb-feature-list-title\">Ap\u00f3s o per\u00edodo de descanso, a massa \u00e9 colocada no equipamento chamado extens\u00f3grafo.<\/h3><p class=\"eb-feature-list-content\">O aparelho puxa a massa de forma progressiva, esticando-a at\u00e9 o momento em que ela se rompe.<\/p><\/div><\/li><li class=\"eb-feature-list-item\" data-new-tab=\"false\" data-icon-type=\"icon\" data-icon=\"fas fa-arrow-right\" data-icon-color=\"\" data-link=\"\"><div class=\"eb-feature-list-icon-box\"><div class=\"eb-feature-list-icon-inner\"><span class=\"eb-feature-list-icon\" style=\"color:\"><i icon=\"fas fa-arrow-right\" class=\"fas fa-arrow-right \"><\/i><\/span><\/div><\/div><div class=\"eb-feature-list-content-box\"><h3 class=\"eb-feature-list-title\">Durante o esticamento, o equipamento registra uma curva que representa a resist\u00eancia da massa \u00e0 tra\u00e7\u00e3o e o quanto ela consegue se estender. <\/h3><p class=\"eb-feature-list-content\"><\/p><\/div><\/li><\/ul><\/div><\/div><\/div>\n\n\n\n<div class=\"wp-block-uagb-container uagb-block-1eac2993 alignfull uagb-is-root-container\"><div class=\"uagb-container-inner-blocks-wrap\">\n<div class=\"wp-block-uagb-container uagb-block-c34f93a7\">\n<div class=\"wp-block-uagb-image uagb-block-a68f4b2d wp-block-uagb-image--layout-default wp-block-uagb-image--effect-static wp-block-uagb-image--align-none\"><figure class=\"wp-block-uagb-image__figure\"><img decoding=\"async\" srcset=\"https:\/\/entregraos.com.br\/wp-content\/uploads\/2025\/02\/Extensografia-2.jpg ,https:\/\/entregraos.com.br\/wp-content\/uploads\/2025\/02\/Extensografia-2.jpg 780w, https:\/\/entregraos.com.br\/wp-content\/uploads\/2025\/02\/Extensografia-2.jpg 360w\" sizes=\"(max-width: 480px) 150px\" src=\"https:\/\/entregraos.com.br\/wp-content\/uploads\/2025\/02\/Extensografia-2.jpg\" alt=\"\" class=\"uag-image-1957\" width=\"334\" height=\"239\" title=\"Extensografia-2\" loading=\"lazy\" role=\"img\"\/><\/figure><\/div>\n<\/div>\n\n\n\n<div class=\"wp-block-uagb-container uagb-block-eb5be598\">\n<div class=\"wp-block-uagb-image uagb-block-64487ea8 wp-block-uagb-image--layout-default wp-block-uagb-image--effect-static wp-block-uagb-image--align-none\"><figure class=\"wp-block-uagb-image__figure\"><img decoding=\"async\" srcset=\"https:\/\/entregraos.com.br\/wp-content\/uploads\/2025\/02\/Extensografia-1.jpg ,https:\/\/entregraos.com.br\/wp-content\/uploads\/2025\/02\/Extensografia-1.jpg 780w, https:\/\/entregraos.com.br\/wp-content\/uploads\/2025\/02\/Extensografia-1.jpg 360w\" sizes=\"(max-width: 480px) 150px\" src=\"https:\/\/entregraos.com.br\/wp-content\/uploads\/2025\/02\/Extensografia-1.jpg\" alt=\"\" class=\"uag-image-1956\" width=\"344\" height=\"218\" title=\"Extensografia-1\" loading=\"lazy\" role=\"img\"\/><\/figure><\/div>\n<\/div>\n<\/div><\/div>\n\n\n\n<div class=\"wp-block-uagb-info-box uagb-block-b75f8eb8 uagb-infobox__content-wrap  uagb-infobox-icon-above-title uagb-infobox-image-valign-top\"><div class=\"uagb-ifb-content\"><div class=\"uagb-ifb-title-wrap\"><\/div><p class=\"uagb-ifb-desc\"><br>Essa curva geralmente traz dois dados importantes:<br><br>\u2022 A for\u00e7a m\u00e1xima (ou resist\u00eancia) que a massa oferece antes de se romper.<br>\u2022 A extensibilidade, que \u00e9 o quanto a massa se alonga antes de se quebrar.\u00a0<\/p><\/div><\/div>\n\n\n\n<div class=\"wp-block-uagb-image uagb-block-dc6ecbcd wp-block-uagb-image--layout-default wp-block-uagb-image--effect-static wp-block-uagb-image--align-none\"><figure class=\"wp-block-uagb-image__figure\"><img decoding=\"async\" srcset=\"https:\/\/entregraos.com.br\/wp-content\/uploads\/2025\/02\/Extensografia-grafico.png ,https:\/\/entregraos.com.br\/wp-content\/uploads\/2025\/02\/Extensografia-grafico.png 780w, https:\/\/entregraos.com.br\/wp-content\/uploads\/2025\/02\/Extensografia-grafico.png 360w\" sizes=\"(max-width: 480px) 150px\" src=\"https:\/\/entregraos.com.br\/wp-content\/uploads\/2025\/02\/Extensografia-grafico.png\" alt=\"\" class=\"uag-image-1954\" width=\"423\" height=\"269\" title=\"Extensografia-grafico\" loading=\"lazy\" role=\"img\"\/><\/figure><\/div>\n\n\n\n<div class=\"wp-block-uagb-info-box uagb-block-61ca33a4 uagb-infobox__content-wrap  uagb-infobox-icon-above-title uagb-infobox-image-valign-top\"><div class=\"uagb-ifb-content\"><div class=\"uagb-ifb-title-wrap\"><\/div><p class=\"uagb-ifb-desc\">\u00a0<br>Esses dados ajudam a entender se a massa:<br>\u00a0<br>Tem um gl\u00faten bem formado e forte &#8211; Indicando boa capacidade para reter g\u00e1s e gerar p\u00e3es com bom volume, miolo denso e casca crocante;<br>\u00a0<br>Ou se \u00e9 mais fraca &#8211; Adequada para produtos que n\u00e3o exigem tanta estrutura, como bolos e biscoito ou para p\u00e3es leves e macios, como p\u00e3o de forma.<br><br><\/p><\/div><\/div>\n\n\n\n<div class=\"wp-block-uagb-info-box uagb-block-1f928e37 uagb-infobox__content-wrap  uagb-infobox-icon-above-title uagb-infobox-image-valign-top\"><div class=\"uagb-ifb-content\"><div class=\"uagb-ifb-title-wrap\"><\/div><p class=\"uagb-ifb-desc\"><br><\/p><\/div><\/div>\n","protected":false},"excerpt":{"rendered":"","protected":false},"author":1,"featured_media":0,"parent":0,"menu_order":0,"comment_status":"closed","ping_status":"closed","template":"","meta":{"_eb_attr":"","om_disable_all_campaigns":false,"_uag_custom_page_level_css":"","_monsterinsights_skip_tracking":false,"_monsterinsights_sitenote_active":false,"_monsterinsights_sitenote_note":"","_monsterinsights_sitenote_category":0,"_uf_show_specific_survey":0,"_uf_disable_surveys":false,"site-sidebar-layout":"default","site-content-layout":"","ast-site-content-layout":"default","site-content-style":"default","site-sidebar-style":"default","ast-global-header-display":"","ast-banner-title-visibility":"","ast-main-header-display":"","ast-hfb-above-header-display":"","ast-hfb-below-header-display":"","ast-hfb-mobile-header-display":"","site-post-title":"disabled","ast-breadcrumbs-content":"","ast-featured-img":"","footer-sml-layout":"","ast-disable-related-posts":"","theme-transparent-header-meta":"","adv-header-id-meta":"","stick-header-meta":"","header-above-stick-meta":"","header-main-stick-meta":"","header-below-stick-meta":"","astra-migrate-meta-layouts":"set","ast-page-background-enabled":"default","ast-page-background-meta":{"desktop":{"background-color":"","background-image":"","background-repeat":"repeat","background-position":"center center","background-size":"auto","background-attachment":"scroll","background-type":"","background-media":"","overlay-type":"","overlay-color":"","overlay-opacity":"","overlay-gradient":""},"tablet":{"background-color":"","background-image":"","background-repeat":"repeat","background-position":"center center","background-size":"auto","background-attachment":"scroll","background-type":"","background-media":"","overlay-type":"","overlay-color":"","overlay-opacity":"","overlay-gradient":""},"mobile":{"background-color":"","background-image":"","background-repeat":"repeat","background-position":"center center","background-size":"auto","background-attachment":"scroll","background-type":"","background-media":"","overlay-type":"","overlay-color":"","overlay-opacity":"","overlay-gradient":""}},"ast-content-background-meta":{"desktop":{"background-color":"var(--ast-global-color-5)","background-image":"","background-repeat":"repeat","background-position":"center center","background-size":"auto","background-attachment":"scroll","background-type":"","background-media":"","overlay-type":"","overlay-color":"","overlay-opacity":"","overlay-gradient":""},"tablet":{"background-color":"var(--ast-global-color-5)","background-image":"","background-repeat":"repeat","background-position":"center center","background-size":"auto","background-attachment":"scroll","background-type":"","background-media":"","overlay-type":"","overlay-color":"","overlay-opacity":"","overlay-gradient":""},"mobile":{"background-color":"var(--ast-global-color-5)","background-image":"","background-repeat":"repeat","background-position":"center center","background-size":"auto","background-attachment":"scroll","background-type":"","background-media":"","overlay-type":"","overlay-color":"","overlay-opacity":"","overlay-gradient":""}},"footnotes":""},"uagb_featured_image_src":{"full":false,"thumbnail":false,"medium":false,"medium_large":false,"large":false,"1536x1536":false,"2048x2048":false},"uagb_author_info":{"display_name":"gulima08","author_link":"https:\/\/entregraos.com.br\/?author=1"},"uagb_comment_info":0,"uagb_excerpt":null,"_links":{"self":[{"href":"https:\/\/entregraos.com.br\/index.php?rest_route=\/wp\/v2\/pages\/1700"}],"collection":[{"href":"https:\/\/entregraos.com.br\/index.php?rest_route=\/wp\/v2\/pages"}],"about":[{"href":"https:\/\/entregraos.com.br\/index.php?rest_route=\/wp\/v2\/types\/page"}],"author":[{"embeddable":true,"href":"https:\/\/entregraos.com.br\/index.php?rest_route=\/wp\/v2\/users\/1"}],"replies":[{"embeddable":true,"href":"https:\/\/entregraos.com.br\/index.php?rest_route=%2Fwp%2Fv2%2Fcomments&post=1700"}],"version-history":[{"count":23,"href":"https:\/\/entregraos.com.br\/index.php?rest_route=\/wp\/v2\/pages\/1700\/revisions"}],"predecessor-version":[{"id":2400,"href":"https:\/\/entregraos.com.br\/index.php?rest_route=\/wp\/v2\/pages\/1700\/revisions\/2400"}],"wp:attachment":[{"href":"https:\/\/entregraos.com.br\/index.php?rest_route=%2Fwp%2Fv2%2Fmedia&parent=1700"}],"curies":[{"name":"wp","href":"https:\/\/api.w.org\/{rel}","templated":true}]}}