{"id":1697,"date":"2025-02-21T09:53:06","date_gmt":"2025-02-21T12:53:06","guid":{"rendered":"https:\/\/entregraos.com.br\/?page_id=1697"},"modified":"2025-03-14T15:34:42","modified_gmt":"2025-03-14T18:34:42","slug":"estabilidade","status":"publish","type":"page","link":"https:\/\/entregraos.com.br\/?page_id=1697","title":{"rendered":"Estabilidade"},"content":{"rendered":"\n<div class=\"wp-block-uagb-info-box uagb-block-915fc46e uagb-infobox__content-wrap  uagb-infobox-icon-above-title uagb-infobox-image-valign-top\"><div class=\"uagb-ifb-content\"><div class=\"uagb-ifb-title-wrap\"><h2 class=\"uagb-ifb-title\">Estabilidade &#8211; Farin\u00f3grafo<br><\/h2><\/div><\/div><\/div>\n\n\n\n<div class=\"wp-block-uagb-image aligncenter uagb-block-64d72a4b wp-block-uagb-image--layout-default wp-block-uagb-image--effect-static wp-block-uagb-image--align-center\"><figure class=\"wp-block-uagb-image__figure\"><img decoding=\"async\" srcset=\"https:\/\/entregraos.com.br\/wp-content\/uploads\/2025\/02\/mao-amassando-massa-1.jpg ,https:\/\/entregraos.com.br\/wp-content\/uploads\/2025\/02\/mao-amassando-massa-1.jpg 780w, https:\/\/entregraos.com.br\/wp-content\/uploads\/2025\/02\/mao-amassando-massa-1.jpg 360w\" sizes=\"(max-width: 480px) 150px\" src=\"https:\/\/entregraos.com.br\/wp-content\/uploads\/2025\/02\/mao-amassando-massa-1.jpg\" alt=\"\" class=\"uag-image-1941\" width=\"600\" height=\"400\" title=\"mao-amassando-massa-1\" loading=\"lazy\" role=\"img\"\/><\/figure><\/div>\n\n\n\n<div class=\"wp-block-uagb-info-box uagb-block-cc88f472 uagb-infobox__content-wrap  uagb-infobox-icon-above-title uagb-infobox-image-valign-top\"><div class=\"uagb-ifb-content\"><div class=\"uagb-ifb-title-wrap\"><\/div><p class=\"uagb-ifb-desc\"><br>A medi\u00e7\u00e3o da Estabilidade Farinogr\u00e1fica do trigo avalia a resist\u00eancia da massa \u00e0 mistura e sua capacidade de manter essa resist\u00eancia ao longo do tempo e sua estabilidade ao amassamento.<br>\u00c9 crucial para determinar a qualidade da farinha para panifica\u00e7\u00e3o, influenciando <strong>a textura e o volume do p\u00e3o<\/strong>.<br>&nbsp;<br>A medi\u00e7\u00e3o \u00e9 feita usando um farin\u00f3grafo, onde submete-se a massa obtida da mistura da farinha com \u00e1gua a um movimento mec\u00e2nico cont\u00ednuo, simulando as condi\u00e7\u00f5es de amassamento.<br>O equipamento registra a resist\u00eancia da massa \u00e0 a\u00e7\u00e3o mec\u00e2nica e sua facilidade de amaciamento.<\/p><\/div><\/div>\n\n\n\n<div class=\"wp-block-uagb-image aligncenter uagb-block-bf7e97a8 wp-block-uagb-image--layout-default wp-block-uagb-image--effect-static wp-block-uagb-image--align-center\"><figure class=\"wp-block-uagb-image__figure\"><img decoding=\"async\" srcset=\"https:\/\/entregraos.com.br\/wp-content\/uploads\/2025\/02\/farinografo-equipamento-1.jpg ,https:\/\/entregraos.com.br\/wp-content\/uploads\/2025\/02\/farinografo-equipamento-1.jpg 780w, https:\/\/entregraos.com.br\/wp-content\/uploads\/2025\/02\/farinografo-equipamento-1.jpg 360w\" sizes=\"(max-width: 480px) 150px\" src=\"https:\/\/entregraos.com.br\/wp-content\/uploads\/2025\/02\/farinografo-equipamento-1.jpg\" alt=\"\" class=\"uag-image-1939\" width=\"234\" height=\"275\" title=\"farinografo - equipamento (1)\" loading=\"lazy\" role=\"img\"\/><\/figure><\/div>\n\n\n\n<div class=\"wp-block-uagb-info-box uagb-block-aec0644e uagb-infobox__content-wrap  uagb-infobox-icon-above-title uagb-infobox-image-valign-top\"><div class=\"uagb-ifb-content\"><div class=\"uagb-ifb-title-wrap\"><\/div><p class=\"uagb-ifb-desc\"><br>Os dados obtidos s\u00e3o apresentados em uma curva que mostra:<\/p><\/div><\/div>\n\n\n\n<div class=\"wp-block-uagb-icon-list uagb-block-fda96890\"><div class=\"uagb-icon-list__wrap\">\n<div class=\"wp-block-uagb-icon-list-child uagb-block-ac509b44\"><span class=\"uagb-icon-list__source-wrap\"><svg xmlns=\"https:\/\/www.w3.org\/2000\/svg\" viewBox=\"0 0 512 512\"><path d=\"M256 0C114.6 0 0 114.6 0 256c0 141.4 114.6 256 256 256s256-114.6 256-256C512 114.6 397.4 0 256 0zM406.6 278.6l-103.1 103.1c-12.5 12.5-32.75 12.5-45.25 0s-12.5-32.75 0-45.25L306.8 288H128C110.3 288 96 273.7 96 256s14.31-32 32-32h178.8l-49.38-49.38c-12.5-12.5-12.5-32.75 0-45.25s32.75-12.5 45.25 0l103.1 103.1C414.6 241.3 416 251.1 416 256C416 260.9 414.6 270.7 406.6 278.6z\"><\/path><\/svg><\/span><span class=\"uagb-icon-list__label\">Quanta \u00e1gua a farinha absorve;<\/span><\/div>\n\n\n\n<div class=\"wp-block-uagb-icon-list-child uagb-block-e5a02b9c\"><span class=\"uagb-icon-list__source-wrap\"><svg xmlns=\"https:\/\/www.w3.org\/2000\/svg\" viewBox=\"0 0 512 512\"><path d=\"M256 0C114.6 0 0 114.6 0 256c0 141.4 114.6 256 256 256s256-114.6 256-256C512 114.6 397.4 0 256 0zM406.6 278.6l-103.1 103.1c-12.5 12.5-32.75 12.5-45.25 0s-12.5-32.75 0-45.25L306.8 288H128C110.3 288 96 273.7 96 256s14.31-32 32-32h178.8l-49.38-49.38c-12.5-12.5-12.5-32.75 0-45.25s32.75-12.5 45.25 0l103.1 103.1C414.6 241.3 416 251.1 416 256C416 260.9 414.6 270.7 406.6 278.6z\"><\/path><\/svg><\/span><span class=\"uagb-icon-list__label\">O tempo que leva para a massa atingir seu pico de consist\u00eancia (tempo de desenvolvimento);<\/span><\/div>\n\n\n\n<div class=\"wp-block-uagb-icon-list-child uagb-block-6dc31478\"><span class=\"uagb-icon-list__source-wrap\"><svg xmlns=\"https:\/\/www.w3.org\/2000\/svg\" viewBox=\"0 0 512 512\"><path d=\"M256 0C114.6 0 0 114.6 0 256c0 141.4 114.6 256 256 256s256-114.6 256-256C512 114.6 397.4 0 256 0zM406.6 278.6l-103.1 103.1c-12.5 12.5-32.75 12.5-45.25 0s-12.5-32.75 0-45.25L306.8 288H128C110.3 288 96 273.7 96 256s14.31-32 32-32h178.8l-49.38-49.38c-12.5-12.5-12.5-32.75 0-45.25s32.75-12.5 45.25 0l103.1 103.1C414.6 241.3 416 251.1 416 256C416 260.9 414.6 270.7 406.6 278.6z\"><\/path><\/svg><\/span><span class=\"uagb-icon-list__label\">Sua estabilidade (quanto tempo ela mant\u00e9m essa consist\u00eancia).<\/span><\/div>\n<\/div><\/div>\n\n\n\n<div class=\"wp-block-uagb-info-box uagb-block-bb21163b uagb-infobox__content-wrap  uagb-infobox-icon-above-title uagb-infobox-image-valign-top\"><div class=\"uagb-ifb-content\"><div class=\"uagb-ifb-title-wrap\"><\/div><p class=\"uagb-ifb-desc\"><br><br><br><strong>Estabilidade (EST): \u00c9 a diferen\u00e7a de tempo entre o ponto onde o topo da curva intercepta primeiramente a linha de 500 UF (unidades farinogr\u00e1ficas) e o ponto onde o topo da curva centra exatamente a linha dos 500 UF (tempo de sa\u00edda).<\/strong><br><br><\/p><\/div><\/div>\n\n\n\n<div class=\"wp-block-uagb-container uagb-block-c752556e alignfull uagb-is-root-container\"><div class=\"uagb-container-inner-blocks-wrap\">\n<div class=\"wp-block-uagb-container uagb-block-38f0f2f0\">\n<div class=\"wp-block-uagb-image uagb-block-4937dc38 wp-block-uagb-image--layout-default wp-block-uagb-image--effect-zoomin wp-block-uagb-image--align-none\"><figure class=\"wp-block-uagb-image__figure\"><img decoding=\"async\" srcset=\"https:\/\/entregraos.com.br\/wp-content\/uploads\/2025\/02\/estabilidade-grafico.jpg ,https:\/\/entregraos.com.br\/wp-content\/uploads\/2025\/02\/estabilidade-grafico.jpg 780w, https:\/\/entregraos.com.br\/wp-content\/uploads\/2025\/02\/estabilidade-grafico.jpg 360w\" sizes=\"(max-width: 480px) 150px\" src=\"https:\/\/entregraos.com.br\/wp-content\/uploads\/2025\/02\/estabilidade-grafico.jpg\" alt=\"\" class=\"uag-image-1935\" width=\"512\" height=\"320\" title=\"\" loading=\"lazy\" role=\"presentation\"\/><\/figure><\/div>\n<\/div>\n\n\n\n<div class=\"wp-block-uagb-container uagb-block-cdf76993\">\n<div class=\"wp-block-uagb-image uagb-block-4c997009 wp-block-uagb-image--layout-default wp-block-uagb-image--effect-zoomin wp-block-uagb-image--align-none\"><figure class=\"wp-block-uagb-image__figure\"><img decoding=\"async\" srcset=\"https:\/\/entregraos.com.br\/wp-content\/uploads\/2025\/02\/farinografia-grafico.png ,https:\/\/entregraos.com.br\/wp-content\/uploads\/2025\/02\/farinografia-grafico.png 780w, https:\/\/entregraos.com.br\/wp-content\/uploads\/2025\/02\/farinografia-grafico.png 360w\" sizes=\"(max-width: 480px) 150px\" src=\"https:\/\/entregraos.com.br\/wp-content\/uploads\/2025\/02\/farinografia-grafico.png\" alt=\"\" class=\"uag-image-1936\" width=\"397\" height=\"299\" title=\"\" loading=\"lazy\" role=\"presentation\"\/><\/figure><\/div>\n<\/div>\n<\/div><\/div>\n\n\n\n<div class=\"wp-block-uagb-info-box uagb-block-bc6d0e7e uagb-infobox__content-wrap  uagb-infobox-icon-above-title uagb-infobox-image-valign-top\"><div class=\"uagb-ifb-content\"><div class=\"uagb-ifb-title-wrap\"><\/div><p class=\"uagb-ifb-desc\"><br><br>Trigos com <strong>ALTA ESTABILIDADE<\/strong> s\u00e3o desej\u00e1veis para p\u00e3es e outros produtos de panifica\u00e7\u00e3o que exigem um trabalho mec\u00e2nico mais intenso e uma estrutura de gl\u00faten robusta, como <strong>p\u00e3es artesanais e industrializados<\/strong>.<br><br>Trigo com <strong>BAIXA ESTABILIDADE<\/strong> indicam que a massa amacia mais rapidamente, demonstrando menor resist\u00eancia ao tempo de mistura. <br>S\u00e3o mais apropriados para produtos como <strong>bolos, biscoitos, massas para tortas e produtos de confeitaria<\/strong>.<br><br><\/p><\/div><\/div>\n\n\n\n<div class=\"wp-block-uagb-info-box uagb-block-9f137fe1 uagb-infobox__content-wrap  uagb-infobox-icon-above-title uagb-infobox-image-valign-top\"><div class=\"uagb-ifb-content\"><div class=\"uagb-ifb-title-wrap\"><\/div><p class=\"uagb-ifb-desc\"><br><br>Alguns <strong>fatores agron\u00f4micos<\/strong> muito relevantes para obter um trigo com W elevado s\u00e3o:<\/p><\/div><\/div>\n\n\n\n<div class=\"wp-block-uagb-image aligncenter uagb-block-a9e546e1 wp-block-uagb-image--layout-default wp-block-uagb-image--effect-static wp-block-uagb-image--align-center\"><figure class=\"wp-block-uagb-image__figure\"><img decoding=\"async\" srcset=\"https:\/\/entregraos.com.br\/wp-content\/uploads\/2025\/02\/colhetadeira.jpg ,https:\/\/entregraos.com.br\/wp-content\/uploads\/2025\/02\/colhetadeira.jpg 780w, https:\/\/entregraos.com.br\/wp-content\/uploads\/2025\/02\/colhetadeira.jpg 360w\" sizes=\"(max-width: 480px) 150px\" src=\"https:\/\/entregraos.com.br\/wp-content\/uploads\/2025\/02\/colhetadeira.jpg\" alt=\"\" class=\"uag-image-1918\" width=\"529\" height=\"397\" title=\"colhetadeira\" loading=\"lazy\" role=\"img\"\/><\/figure><\/div>\n\n\n\n<div class=\"wp-block-uagb-info-box uagb-block-7027f7fe uagb-infobox__content-wrap  uagb-infobox-icon-above-title uagb-infobox-image-valign-top\"><div class=\"uagb-ifb-content\"><div class=\"uagb-ifb-title-wrap\"><\/div><p class=\"uagb-ifb-desc\"><br><br>&#8211; <strong>Variedade gen\u00e9tica<\/strong><br><br>Diferentes cultivares possuem composi\u00e7\u00e3o proteica e potencial de forma\u00e7\u00e3o de gl\u00faten distintos. Cultivares com maior teor de prote\u00ednas e qualidade de gl\u00faten tendem a apresentar valores mais altos de W.<br><br>&nbsp;<br>&#8211; <strong>Fertilidade do solo e manejo nutricional<\/strong><br><br>A disponibilidade de nutrientes, especialmente o nitrog\u00eanio, \u00e9 crucial. A aplica\u00e7\u00e3o adequada de fertilizantes pode aumentar a s\u00edntese de prote\u00ednas nos gr\u00e3os, contribuindo para um teor proteico superior e, consequentemente, um W maior.<br><br><br><\/p><\/div><\/div>\n","protected":false},"excerpt":{"rendered":"","protected":false},"author":1,"featured_media":0,"parent":0,"menu_order":0,"comment_status":"closed","ping_status":"closed","template":"","meta":{"_eb_attr":"","om_disable_all_campaigns":false,"_uag_custom_page_level_css":"","_monsterinsights_skip_tracking":false,"_monsterinsights_sitenote_active":false,"_monsterinsights_sitenote_note":"","_monsterinsights_sitenote_category":0,"_uf_show_specific_survey":0,"_uf_disable_surveys":false,"site-sidebar-layout":"default","site-content-layout":"","ast-site-content-layout":"default","site-content-style":"default","site-sidebar-style":"default","ast-global-header-display":"","ast-banner-title-visibility":"","ast-main-header-display":"","ast-hfb-above-header-display":"","ast-hfb-below-header-display":"","ast-hfb-mobile-header-display":"","site-post-title":"disabled","ast-breadcrumbs-content":"","ast-featured-img":"","footer-sml-layout":"","ast-disable-related-posts":"","theme-transparent-header-meta":"","adv-header-id-meta":"","stick-header-meta":"","header-above-stick-meta":"","header-main-stick-meta":"","header-below-stick-meta":"","astra-migrate-meta-layouts":"set","ast-page-background-enabled":"default","ast-page-background-meta":{"desktop":{"background-color":"","background-image":"","background-repeat":"repeat","background-position":"center center","background-size":"auto","background-attachment":"scroll","background-type":"","background-media":"","overlay-type":"","overlay-color":"","overlay-opacity":"","overlay-gradient":""},"tablet":{"background-color":"","background-image":"","background-repeat":"repeat","background-position":"center center","background-size":"auto","background-attachment":"scroll","background-type":"","background-media":"","overlay-type":"","overlay-color":"","overlay-opacity":"","overlay-gradient":""},"mobile":{"background-color":"","background-image":"","background-repeat":"repeat","background-position":"center center","background-size":"auto","background-attachment":"scroll","background-type":"","background-media":"","overlay-type":"","overlay-color":"","overlay-opacity":"","overlay-gradient":""}},"ast-content-background-meta":{"desktop":{"background-color":"var(--ast-global-color-5)","background-image":"","background-repeat":"repeat","background-position":"center center","background-size":"auto","background-attachment":"scroll","background-type":"","background-media":"","overlay-type":"","overlay-color":"","overlay-opacity":"","overlay-gradient":""},"tablet":{"background-color":"var(--ast-global-color-5)","background-image":"","background-repeat":"repeat","background-position":"center center","background-size":"auto","background-attachment":"scroll","background-type":"","background-media":"","overlay-type":"","overlay-color":"","overlay-opacity":"","overlay-gradient":""},"mobile":{"background-color":"var(--ast-global-color-5)","background-image":"","background-repeat":"repeat","background-position":"center center","background-size":"auto","background-attachment":"scroll","background-type":"","background-media":"","overlay-type":"","overlay-color":"","overlay-opacity":"","overlay-gradient":""}},"footnotes":""},"uagb_featured_image_src":{"full":false,"thumbnail":false,"medium":false,"medium_large":false,"large":false,"1536x1536":false,"2048x2048":false},"uagb_author_info":{"display_name":"gulima08","author_link":"https:\/\/entregraos.com.br\/?author=1"},"uagb_comment_info":0,"uagb_excerpt":null,"_links":{"self":[{"href":"https:\/\/entregraos.com.br\/index.php?rest_route=\/wp\/v2\/pages\/1697"}],"collection":[{"href":"https:\/\/entregraos.com.br\/index.php?rest_route=\/wp\/v2\/pages"}],"about":[{"href":"https:\/\/entregraos.com.br\/index.php?rest_route=\/wp\/v2\/types\/page"}],"author":[{"embeddable":true,"href":"https:\/\/entregraos.com.br\/index.php?rest_route=\/wp\/v2\/users\/1"}],"replies":[{"embeddable":true,"href":"https:\/\/entregraos.com.br\/index.php?rest_route=%2Fwp%2Fv2%2Fcomments&post=1697"}],"version-history":[{"count":24,"href":"https:\/\/entregraos.com.br\/index.php?rest_route=\/wp\/v2\/pages\/1697\/revisions"}],"predecessor-version":[{"id":2376,"href":"https:\/\/entregraos.com.br\/index.php?rest_route=\/wp\/v2\/pages\/1697\/revisions\/2376"}],"wp:attachment":[{"href":"https:\/\/entregraos.com.br\/index.php?rest_route=%2Fwp%2Fv2%2Fmedia&parent=1697"}],"curies":[{"name":"wp","href":"https:\/\/api.w.org\/{rel}","templated":true}]}}