{"id":1694,"date":"2025-02-20T17:39:13","date_gmt":"2025-02-20T20:39:13","guid":{"rendered":"https:\/\/entregraos.com.br\/?page_id=1694"},"modified":"2025-03-14T15:54:01","modified_gmt":"2025-03-14T18:54:01","slug":"w","status":"publish","type":"page","link":"https:\/\/entregraos.com.br\/?page_id=1694","title":{"rendered":"W"},"content":{"rendered":"\n<div class=\"wp-block-uagb-info-box uagb-block-9b9305be uagb-infobox__content-wrap  uagb-infobox-icon-above-title uagb-infobox-image-valign-top\"><div class=\"uagb-ifb-content\"><div class=\"uagb-ifb-title-wrap\"><h2 class=\"uagb-ifb-title\">W &#8211; Alve\u00f3grafo &#8211; For\u00e7a de Gl\u00faten<br><br> <\/h2><\/div><\/div><\/div>\n\n\n\n<div class=\"wp-block-uagb-image aligncenter uagb-block-6a346f6f wp-block-uagb-image--layout-default wp-block-uagb-image--effect-static wp-block-uagb-image--align-center\"><figure class=\"wp-block-uagb-image__figure\"><img decoding=\"async\" srcset=\"https:\/\/entregraos.com.br\/wp-content\/uploads\/2025\/02\/alveografo-1-1.jpg ,https:\/\/entregraos.com.br\/wp-content\/uploads\/2025\/02\/alveografo-1-1.jpg 780w, https:\/\/entregraos.com.br\/wp-content\/uploads\/2025\/02\/alveografo-1-1.jpg 360w\" sizes=\"(max-width: 480px) 150px\" src=\"https:\/\/entregraos.com.br\/wp-content\/uploads\/2025\/02\/alveografo-1-1.jpg\" alt=\"\" class=\"uag-image-1915\" width=\"453\" height=\"301\" title=\"alveografo-1-1\" loading=\"lazy\" role=\"img\"\/><\/figure><\/div>\n\n\n\n<div class=\"wp-block-uagb-info-box uagb-block-95556e1a uagb-infobox__content-wrap  uagb-infobox-icon-above-title uagb-infobox-image-valign-top\"><div class=\"uagb-ifb-content\"><div class=\"uagb-ifb-title-wrap\"><\/div><p class=\"uagb-ifb-desc\"><br>A for\u00e7a do gl\u00faten, indicada pela letra &#8220;W&#8221;, \u00e9 uma medida importante na an\u00e1lise da farinha de trigo. Ela representa a capacidade da farinha de formar uma <strong>MASSA EL\u00c1STICA RESISTENTE <\/strong>quando misturada com \u00e1gua.<br>Essa caracter\u00edstica \u00e9 crucial na panifica\u00e7\u00e3o e na produ\u00e7\u00e3o de outros produtos de trigo, pois determina como a massa vai se comportar durante o processo de fermenta\u00e7\u00e3o e cozimento.<br>&nbsp;<br>Se a farinha tem um ALTO VALOR de W, isso significa que a massa ser\u00e1 mais forte e capaz de suportar longos tempos de fermenta\u00e7\u00e3o, criando produtos com boa estrutura e textura, como p\u00e3es de fermenta\u00e7\u00e3o longa.<br><br>Por outro lado, uma farinha com BAIXO VALOR de W resulta em uma massa mais fraca, adequada para produtos que requerem menos estrutura, como bolos ou biscoitos.<br><\/p><\/div><\/div>\n\n\n\n<div class=\"wp-block-uagb-slider uagb-block-4cf70ec9 uagb-slider-container\"><div class=\"uagb-slides uagb-swiper\"><div class=\"swiper-wrapper\">\n<div class=\"wp-block-uagb-slider-child uagb-slider-child-wrap swiper-slide uagb-block-1bd675c8\"><div class=\"swiper-content\">\n<div class=\"wp-block-uagb-container uagb-block-24b87429 alignfull uagb-is-root-container\"><div class=\"uagb-container-inner-blocks-wrap\">\n<div class=\"wp-block-uagb-info-box uagb-block-be29b576 uagb-infobox__content-wrap  uagb-infobox-icon-above-title uagb-infobox-image-valign-top\"><div class=\"uagb-ifb-content\"><div class=\"uagb-ifb-image-content\"><img decoding=\"async\" src=\"https:\/\/entregraos.com.br\/wp-content\/uploads\/2025\/02\/pao-frances.jpg\" alt=\"\" width=\"\" height=\"0\" loading=\"lazy\"\/><\/div><div class=\"uagb-ifb-title-wrap\"><\/div><div class=\"uagb-ifb-button-wrapper wp-block-button\"><a href=\"#\" class=\"uagb-infobox-cta-link wp-block-button__link\" target=\"_self\" rel=\"noopener noreferrer\" onclick=\"return false;\"><span class=\"uagb-inline-editing\"><\/span><\/a><\/div><\/div><\/div>\n<\/div><\/div>\n<\/div><\/div>\n\n\n\n<div class=\"wp-block-uagb-slider-child uagb-slider-child-wrap swiper-slide uagb-block-07c0523c\"><div class=\"swiper-content\">\n<div class=\"wp-block-uagb-container uagb-block-bad75cc1 alignfull uagb-is-root-container\"><div class=\"uagb-container-inner-blocks-wrap\">\n<div class=\"wp-block-uagb-info-box uagb-block-2aa1c0dd uagb-infobox__content-wrap  uagb-infobox-icon-above-title uagb-infobox-image-valign-top\"><div class=\"uagb-ifb-content\"><div class=\"uagb-ifb-image-content\"><img decoding=\"async\" src=\"https:\/\/entregraos.com.br\/wp-content\/uploads\/2025\/02\/pao-frances-2.jpg\" alt=\"\" width=\"\" height=\"0\" loading=\"lazy\"\/><\/div><div class=\"uagb-ifb-title-wrap\"><\/div><div class=\"uagb-ifb-button-wrapper wp-block-button\"><a href=\"#\" class=\"uagb-infobox-cta-link wp-block-button__link\" target=\"_self\" rel=\"noopener noreferrer\" onclick=\"return false;\"><span class=\"uagb-inline-editing\"><\/span><\/a><\/div><\/div><\/div>\n<\/div><\/div>\n<\/div><\/div>\n\n\n\n<div class=\"wp-block-uagb-slider-child uagb-slider-child-wrap swiper-slide uagb-block-9e2edf99\"><div class=\"swiper-content\">\n<div class=\"wp-block-uagb-container uagb-block-952f74c8 alignfull uagb-is-root-container\"><div class=\"uagb-container-inner-blocks-wrap\">\n<div class=\"wp-block-uagb-info-box uagb-block-4334d506 uagb-infobox__content-wrap  uagb-infobox-icon-above-title uagb-infobox-image-valign-top\"><div class=\"uagb-ifb-content\"><div class=\"uagb-ifb-image-content\"><img decoding=\"async\" src=\"https:\/\/entregraos.com.br\/wp-content\/uploads\/2025\/03\/Bolos-e-Biscoitos-2.jpg\" alt=\"\" width=\"\" height=\"0\" loading=\"lazy\"\/><\/div><div class=\"uagb-ifb-title-wrap\"><\/div><div class=\"uagb-ifb-button-wrapper wp-block-button\"><a href=\"#\" class=\"uagb-infobox-cta-link wp-block-button__link\" target=\"_self\" rel=\"noopener noreferrer\" onclick=\"return false;\"><span class=\"uagb-inline-editing\"><\/span><\/a><\/div><\/div><\/div>\n<\/div><\/div>\n<\/div><\/div>\n<\/div><\/div><div class=\"swiper-pagination\"><\/div><div class=\"swiper-button-prev\"><\/div><div class=\"swiper-button-next\"><\/div><\/div>\n\n\n\n<div class=\"wp-block-uagb-info-box uagb-block-385bc3e5 uagb-infobox__content-wrap  uagb-infobox-icon-above-title uagb-infobox-image-valign-top\"><div class=\"uagb-ifb-content\"><div class=\"uagb-ifb-title-wrap\"><\/div><p class=\"uagb-ifb-desc\"><br>A medi\u00e7\u00e3o \u00e9 realizada atrav\u00e9s de um teste reol\u00f3gico em um equipamento chamado alve\u00f3grafo.<br><br>Primeiramente, a farinha \u00e9 misturada com \u00e1gua em propor\u00e7\u00f5es previamente definidas, formando uma massa homog\u00eanea.<br><br>Em seguida a massa preparada \u00e9 modelada em forma de disco e colocada no equipamento alve\u00f3grafo, que \u00e9 constitu\u00eddo por um sistema de press\u00e3o e expans\u00e3o. Progressivamente, o equipamento infla o disco de massa, criando uma bolha (ou alveolo) at\u00e9 que ocorra a ruptura da massa.<\/p><\/div><\/div>\n\n\n\n<div class=\"wp-block-uagb-image aligncenter uagb-block-aaf492ac wp-block-uagb-image--layout-default wp-block-uagb-image--effect-static wp-block-uagb-image--align-center\"><figure class=\"wp-block-uagb-image__figure\"><img decoding=\"async\" srcset=\"https:\/\/entregraos.com.br\/wp-content\/uploads\/2025\/02\/alveografo-2.jpg ,https:\/\/entregraos.com.br\/wp-content\/uploads\/2025\/02\/alveografo-2.jpg 780w, https:\/\/entregraos.com.br\/wp-content\/uploads\/2025\/02\/alveografo-2.jpg 360w\" sizes=\"(max-width: 480px) 150px\" src=\"https:\/\/entregraos.com.br\/wp-content\/uploads\/2025\/02\/alveografo-2.jpg\" alt=\"\" class=\"uag-image-1914\" width=\"274\" height=\"280\" title=\"alveografo-2\" loading=\"lazy\" role=\"img\"\/><\/figure><\/div>\n\n\n\n<div class=\"wp-block-uagb-info-box uagb-block-001c239b uagb-infobox__content-wrap  uagb-infobox-icon-above-title uagb-infobox-image-valign-top\"><div class=\"uagb-ifb-content\"><div class=\"uagb-ifb-title-wrap\"><\/div><p class=\"uagb-ifb-desc\">&nbsp;<br>Durante a expans\u00e3o, o aparelho registra a resist\u00eancia que a massa apresenta \u00e0 press\u00e3o e sua capacidade de se esticar. Esses dados s\u00e3o plotados em forma de uma curva, caracterizada por pontos que indicam a tens\u00e3o m\u00e1xima (P) e a extensibilidade (L) da massa.<br><br>A \u00e1rea sob essa curva \u00e9 denominada &#8220;W&#8221; e representa o trabalho total necess\u00e1rio para romper a bolha. Esse valor \u00e9 medido em unidades de energia (normalmente 10\u207b\u2074 Joules).<br><\/p><\/div><\/div>\n\n\n\n<div class=\"wp-block-uagb-image uagb-block-1f945e6e wp-block-uagb-image--layout-default wp-block-uagb-image--effect-static wp-block-uagb-image--align-none\"><figure class=\"wp-block-uagb-image__figure\"><img decoding=\"async\" srcset=\"https:\/\/entregraos.com.br\/wp-content\/uploads\/2025\/02\/W-grafico.jpg ,https:\/\/entregraos.com.br\/wp-content\/uploads\/2025\/02\/W-grafico.jpg 780w, https:\/\/entregraos.com.br\/wp-content\/uploads\/2025\/02\/W-grafico.jpg 360w\" sizes=\"(max-width: 480px) 150px\" src=\"https:\/\/entregraos.com.br\/wp-content\/uploads\/2025\/02\/W-grafico.jpg\" alt=\"\" class=\"uag-image-1925\" width=\"329\" height=\"181\" title=\"W-grafico\" loading=\"lazy\" role=\"img\"\/><\/figure><\/div>\n\n\n\n<div class=\"wp-block-uagb-info-box uagb-block-0e37787b uagb-infobox__content-wrap  uagb-infobox-icon-above-title uagb-infobox-image-valign-top\"><div class=\"uagb-ifb-content\"><div class=\"uagb-ifb-title-wrap\"><\/div><p class=\"uagb-ifb-desc\"><br><br><br>Alguns <strong>fatores agron\u00f4micos<\/strong> muito relevantes para obter um trigo com W elevado s\u00e3o:<br><br><\/p><\/div><\/div>\n\n\n\n<div class=\"wp-block-uagb-image uagb-block-f5bb1a41 wp-block-uagb-image--layout-default wp-block-uagb-image--effect-static wp-block-uagb-image--align-none\"><figure class=\"wp-block-uagb-image__figure\"><img decoding=\"async\" srcset=\"https:\/\/entregraos.com.br\/wp-content\/uploads\/2025\/02\/colhetadeira.jpg ,https:\/\/entregraos.com.br\/wp-content\/uploads\/2025\/02\/colhetadeira.jpg 780w, https:\/\/entregraos.com.br\/wp-content\/uploads\/2025\/02\/colhetadeira.jpg 360w\" sizes=\"(max-width: 480px) 150px\" src=\"https:\/\/entregraos.com.br\/wp-content\/uploads\/2025\/02\/colhetadeira.jpg\" alt=\"\" class=\"uag-image-1918\" width=\"382\" height=\"287\" title=\"colhetadeira\" loading=\"lazy\" role=\"img\"\/><\/figure><\/div>\n\n\n\n<div class=\"wp-block-uagb-info-box uagb-block-47502528 uagb-infobox__content-wrap  uagb-infobox-icon-above-title uagb-infobox-image-valign-top\"><div class=\"uagb-ifb-content\"><div class=\"uagb-ifb-title-wrap\"><\/div><p class=\"uagb-ifb-desc\">&nbsp;<br>&#8211; <strong>Variedade gen\u00e9tica<\/strong><br><br>Diferentes cultivares possuem composi\u00e7\u00e3o proteica e potencial de forma\u00e7\u00e3o de gl\u00faten distintos. Cultivares com maior teor de prote\u00ednas e qualidade de gl\u00faten tendem a apresentar valores mais altos de W.<br><br>&nbsp;<br>&#8211; <strong>Fertilidade do solo e manejo nutricional<\/strong><br><br>A disponibilidade de nutrientes, especialmente o nitrog\u00eanio, \u00e9 crucial. A aplica\u00e7\u00e3o adequada de fertilizantes pode aumentar a s\u00edntese de prote\u00ednas nos gr\u00e3os, contribuindo para um teor proteico superior e, consequentemente, um W maior.<br><br><br><\/p><\/div><\/div>\n","protected":false},"excerpt":{"rendered":"","protected":false},"author":1,"featured_media":0,"parent":0,"menu_order":0,"comment_status":"closed","ping_status":"closed","template":"","meta":{"_eb_attr":"","om_disable_all_campaigns":false,"_uag_custom_page_level_css":"","_monsterinsights_skip_tracking":false,"_monsterinsights_sitenote_active":false,"_monsterinsights_sitenote_note":"","_monsterinsights_sitenote_category":0,"_uf_show_specific_survey":0,"_uf_disable_surveys":false,"site-sidebar-layout":"default","site-content-layout":"","ast-site-content-layout":"default","site-content-style":"default","site-sidebar-style":"default","ast-global-header-display":"","ast-banner-title-visibility":"","ast-main-header-display":"","ast-hfb-above-header-display":"","ast-hfb-below-header-display":"","ast-hfb-mobile-header-display":"","site-post-title":"disabled","ast-breadcrumbs-content":"","ast-featured-img":"","footer-sml-layout":"","ast-disable-related-posts":"","theme-transparent-header-meta":"","adv-header-id-meta":"","stick-header-meta":"","header-above-stick-meta":"","header-main-stick-meta":"","header-below-stick-meta":"","astra-migrate-meta-layouts":"set","ast-page-background-enabled":"default","ast-page-background-meta":{"desktop":{"background-color":"","background-image":"","background-repeat":"repeat","background-position":"center center","background-size":"auto","background-attachment":"scroll","background-type":"","background-media":"","overlay-type":"","overlay-color":"","overlay-opacity":"","overlay-gradient":""},"tablet":{"background-color":"","background-image":"","background-repeat":"repeat","background-position":"center center","background-size":"auto","background-attachment":"scroll","background-type":"","background-media":"","overlay-type":"","overlay-color":"","overlay-opacity":"","overlay-gradient":""},"mobile":{"background-color":"","background-image":"","background-repeat":"repeat","background-position":"center center","background-size":"auto","background-attachment":"scroll","background-type":"","background-media":"","overlay-type":"","overlay-color":"","overlay-opacity":"","overlay-gradient":""}},"ast-content-background-meta":{"desktop":{"background-color":"var(--ast-global-color-5)","background-image":"","background-repeat":"repeat","background-position":"center center","background-size":"auto","background-attachment":"scroll","background-type":"","background-media":"","overlay-type":"","overlay-color":"","overlay-opacity":"","overlay-gradient":""},"tablet":{"background-color":"var(--ast-global-color-5)","background-image":"","background-repeat":"repeat","background-position":"center center","background-size":"auto","background-attachment":"scroll","background-type":"","background-media":"","overlay-type":"","overlay-color":"","overlay-opacity":"","overlay-gradient":""},"mobile":{"background-color":"var(--ast-global-color-5)","background-image":"","background-repeat":"repeat","background-position":"center center","background-size":"auto","background-attachment":"scroll","background-type":"","background-media":"","overlay-type":"","overlay-color":"","overlay-opacity":"","overlay-gradient":""}},"footnotes":""},"uagb_featured_image_src":{"full":false,"thumbnail":false,"medium":false,"medium_large":false,"large":false,"1536x1536":false,"2048x2048":false},"uagb_author_info":{"display_name":"gulima08","author_link":"https:\/\/entregraos.com.br\/?author=1"},"uagb_comment_info":0,"uagb_excerpt":null,"_links":{"self":[{"href":"https:\/\/entregraos.com.br\/index.php?rest_route=\/wp\/v2\/pages\/1694"}],"collection":[{"href":"https:\/\/entregraos.com.br\/index.php?rest_route=\/wp\/v2\/pages"}],"about":[{"href":"https:\/\/entregraos.com.br\/index.php?rest_route=\/wp\/v2\/types\/page"}],"author":[{"embeddable":true,"href":"https:\/\/entregraos.com.br\/index.php?rest_route=\/wp\/v2\/users\/1"}],"replies":[{"embeddable":true,"href":"https:\/\/entregraos.com.br\/index.php?rest_route=%2Fwp%2Fv2%2Fcomments&post=1694"}],"version-history":[{"count":29,"href":"https:\/\/entregraos.com.br\/index.php?rest_route=\/wp\/v2\/pages\/1694\/revisions"}],"predecessor-version":[{"id":2389,"href":"https:\/\/entregraos.com.br\/index.php?rest_route=\/wp\/v2\/pages\/1694\/revisions\/2389"}],"wp:attachment":[{"href":"https:\/\/entregraos.com.br\/index.php?rest_route=%2Fwp%2Fv2%2Fmedia&parent=1694"}],"curies":[{"name":"wp","href":"https:\/\/api.w.org\/{rel}","templated":true}]}}