{"id":1691,"date":"2025-02-20T17:37:08","date_gmt":"2025-02-20T20:37:08","guid":{"rendered":"https:\/\/entregraos.com.br\/?page_id=1691"},"modified":"2025-03-14T15:06:52","modified_gmt":"2025-03-14T18:06:52","slug":"presenca-de-insetos","status":"publish","type":"page","link":"https:\/\/entregraos.com.br\/?page_id=1691","title":{"rendered":"Presen\u00e7a de Insetos"},"content":{"rendered":"\n<div class=\"wp-block-uagb-info-box uagb-block-fd537385 uagb-infobox__content-wrap  uagb-infobox-icon-above-title uagb-infobox-image-valign-top\"><div class=\"uagb-ifb-content\"><div class=\"uagb-ifb-title-wrap\"><h2 class=\"uagb-ifb-title\">Presen\u00e7a de Insetos<\/h2><\/div><\/div><\/div>\n\n\n\n<div class=\"wp-block-uagb-image aligncenter uagb-block-9a56b68a wp-block-uagb-image--layout-default wp-block-uagb-image--effect-static wp-block-uagb-image--align-center\"><figure class=\"wp-block-uagb-image__figure\"><img decoding=\"async\" srcset=\"https:\/\/entregraos.com.br\/wp-content\/uploads\/2025\/02\/caruncho-2.webp ,https:\/\/entregraos.com.br\/wp-content\/uploads\/2025\/02\/caruncho-2.webp 780w, https:\/\/entregraos.com.br\/wp-content\/uploads\/2025\/02\/caruncho-2.webp 360w\" sizes=\"(max-width: 480px) 150px\" src=\"https:\/\/entregraos.com.br\/wp-content\/uploads\/2025\/02\/caruncho-2.webp\" alt=\"\" class=\"uag-image-1886\" width=\"506\" height=\"387\" title=\"caruncho-2\" loading=\"lazy\" role=\"img\"\/><\/figure><\/div>\n\n\n\n<div class=\"wp-block-uagb-info-box uagb-block-76851a73 uagb-infobox__content-wrap  uagb-infobox-icon-above-title uagb-infobox-image-valign-top\"><div class=\"uagb-ifb-content\"><div class=\"uagb-ifb-title-wrap\"><\/div><p class=\"uagb-ifb-desc\"><br>As pragas podem causar grandes preju\u00edzos na qualidade de gr\u00e3os armazenados, al\u00e9m de abrir espa\u00e7o para outras contamina\u00e7\u00f5es, como fungos e micotoxinas.<br>Al\u00e9m disso, apenas a presen\u00e7a de insetos nos produtos finais tamb\u00e9m causa preju\u00edzos, causando perdas econ\u00f4micas al\u00e9m de ser algo indesej\u00e1vel pelos consumidores.\u00a0<br>A an\u00e1lise de presen\u00e7a de insetos em uma carga de trigo \u00e9 feita da por meio de inspe\u00e7\u00e3o visual e da seguinte forma:<br><br><br>Coleta-se uma amostra representativa do lote de trigo, em seguida examina-se cuidadosamente procurando por insetos vivos ou mortos, ovos, larvas, fezes e outros sinais de infesta\u00e7\u00e3o.<br><br>Uma vez identificado, conta-se o n\u00famero de insetos, o que pode indicar o n\u00edvel de infesta\u00e7\u00e3o.<br>Com a detec\u00e7\u00e3o de insetos no destino, a consequ\u00eancia \u00e9 a devolu\u00e7\u00e3o da carga para o tratamento.\u00a0<br><\/p><\/div><\/div>\n\n\n\n<div class=\"wp-block-group is-content-justification-center is-nowrap is-layout-flex wp-container-core-group-is-layout-1 wp-block-group-is-layout-flex\">\n<div class=\"wp-block-uagb-image uagb-block-d8b80381 wp-block-uagb-image--layout-default wp-block-uagb-image--effect-static wp-block-uagb-image--align-none\"><figure class=\"wp-block-uagb-image__figure\"><img decoding=\"async\" srcset=\"https:\/\/entregraos.com.br\/wp-content\/uploads\/2025\/02\/Inseto-comento-trigo.jpg ,https:\/\/entregraos.com.br\/wp-content\/uploads\/2025\/02\/Inseto-comento-trigo.jpg 780w, https:\/\/entregraos.com.br\/wp-content\/uploads\/2025\/02\/Inseto-comento-trigo.jpg 360w\" sizes=\"(max-width: 480px) 150px\" src=\"https:\/\/entregraos.com.br\/wp-content\/uploads\/2025\/02\/Inseto-comento-trigo.jpg\" alt=\"\" class=\"uag-image-1891\" width=\"261\" height=\"261\" title=\"Inseto-comento-trigo\" loading=\"lazy\" role=\"img\"\/><\/figure><\/div>\n\n\n\n<div class=\"wp-block-uagb-image uagb-block-4099994c wp-block-uagb-image--layout-default wp-block-uagb-image--effect-static wp-block-uagb-image--align-none\"><figure class=\"wp-block-uagb-image__figure\"><img decoding=\"async\" srcset=\"https:\/\/entregraos.com.br\/wp-content\/uploads\/2025\/03\/Tribolium-adulto-1.jpg ,https:\/\/entregraos.com.br\/wp-content\/uploads\/2025\/03\/Tribolium-adulto-1.jpg 780w, https:\/\/entregraos.com.br\/wp-content\/uploads\/2025\/03\/Tribolium-adulto-1.jpg 360w\" sizes=\"(max-width: 480px) 150px\" src=\"https:\/\/entregraos.com.br\/wp-content\/uploads\/2025\/03\/Tribolium-adulto-1.jpg\" alt=\"\" class=\"uag-image-2354\" width=\"225\" height=\"161\" title=\"Tribolium - adulto (1)\" loading=\"lazy\" role=\"img\"\/><\/figure><\/div>\n<\/div>\n\n\n\n<div class=\"wp-block-uagb-info-box uagb-block-b1ac9dcb uagb-infobox__content-wrap  uagb-infobox-icon-above-title uagb-infobox-image-valign-top\"><div class=\"uagb-ifb-content\"><div class=\"uagb-ifb-title-wrap\"><\/div><p class=\"uagb-ifb-desc\"><br><strong>Diferente de outras analises, onde uma amostragem mal feita pode mascarar os resultados, aqui independente da amostragem, se o resultado for positivo para insetos, uma nova amostragem e an\u00e1lise n\u00e3o \u00e9 necess\u00e1ria.<\/strong><br><br><strong><strong>Isso porque caso n\u00e3o se encontrem insetos em uma segunda an\u00e1lise, o que \u00e9 poss\u00edvel a depender no n\u00edvel de infesta\u00e7\u00e3o, ainda assim a carga j\u00e1 est\u00e1 como positiva para insetos, em raz\u00e3o do resultado da primeira an\u00e1lise.<\/strong><\/strong><br><\/p><\/div><\/div>\n\n\n\n<div class=\"wp-block-uagb-info-box uagb-block-b9bf4135 uagb-infobox__content-wrap  uagb-infobox-icon-above-title uagb-infobox-image-valign-top\"><div class=\"uagb-ifb-content\"><div class=\"uagb-ifb-title-wrap\"><\/div><p class=\"uagb-ifb-desc\"><br>Dentre as poss\u00edveis causas para a ocorr\u00eancia de insetos temos:<\/p><\/div><\/div>\n\n\n\n<div class=\"wp-block-uagb-container uagb-block-43eb55fa alignfull uagb-is-root-container\"><div class=\"uagb-container-inner-blocks-wrap\">\n<div class=\"wp-block-uagb-icon-list uagb-block-c9bacf0b\"><div class=\"uagb-icon-list__wrap\">\n<div class=\"wp-block-uagb-icon-list-child uagb-block-91d0aeaa\"><span class=\"uagb-icon-list__source-wrap\"><img decoding=\"async\" class=\"uagb-icon-list__source-image\" src=\"https:\/\/entregraos.com.br\/wp-content\/uploads\/2025\/03\/Tribolium-adulto-1.jpg\" width=\"16\" height=\"13\" loading=\"lazy\" alt=\"\"\/><\/span><span class=\"uagb-icon-list__label\">Armazenamento inadequado<\/span><\/div>\n\n\n\n<div class=\"wp-block-uagb-icon-list-child uagb-block-3d860c7d\"><span class=\"uagb-icon-list__source-wrap\"><img decoding=\"async\" class=\"uagb-icon-list__source-image\" src=\"https:\/\/entregraos.com.br\/wp-content\/uploads\/2025\/03\/Tribolium-adulto-1.jpg\" width=\"16\" height=\"13\" loading=\"lazy\" alt=\"\"\/><\/span><span class=\"uagb-icon-list__label\">Aus\u00eancia de pr\u00e1ticas de manejo integrado de pragas nas estruturas de armazenagem e log\u00edstica<\/span><\/div>\n\n\n\n<div class=\"wp-block-uagb-icon-list-child uagb-block-368c1221\"><span class=\"uagb-icon-list__source-wrap\"><img decoding=\"async\" class=\"uagb-icon-list__source-image\" src=\"https:\/\/entregraos.com.br\/wp-content\/uploads\/2025\/03\/Tribolium-adulto-1.jpg\" width=\"16\" height=\"13\" loading=\"lazy\" alt=\"\"\/><\/span><span class=\"uagb-icon-list__label\">Pragas na lavoura<\/span><\/div>\n\n\n\n<div class=\"wp-block-uagb-icon-list-child uagb-block-9c68761a\"><span class=\"uagb-icon-list__source-wrap\"><img decoding=\"async\" class=\"uagb-icon-list__source-image\" src=\"https:\/\/entregraos.com.br\/wp-content\/uploads\/2025\/03\/Tribolium-adulto-1.jpg\" width=\"16\" height=\"13\" loading=\"lazy\" alt=\"\"\/><\/span><span class=\"uagb-icon-list__label\">Equipamentos previamente infestados<\/span><\/div>\n\n\n\n<div class=\"wp-block-uagb-icon-list-child uagb-block-fe86dcc5\"><span class=\"uagb-icon-list__source-wrap\"><img decoding=\"async\" class=\"uagb-icon-list__source-image\" src=\"https:\/\/entregraos.com.br\/wp-content\/uploads\/2025\/03\/Tribolium-adulto-1.jpg\" width=\"16\" height=\"13\" loading=\"lazy\" alt=\"\"\/><\/span><span class=\"uagb-icon-list__label\">Insetos previamente instalados em ve\u00edculos de transporte.<\/span><\/div>\n<\/div><\/div>\n<\/div><\/div>\n\n\n\n<div class=\"wp-block-uagb-info-box uagb-block-14f314d9 uagb-infobox__content-wrap  uagb-infobox-icon-above-title uagb-infobox-image-valign-top\"><div class=\"uagb-ifb-content\"><div class=\"uagb-ifb-title-wrap\"><\/div><p class=\"uagb-ifb-desc\"><br><strong>Por isso \u00e9 fundamental SEMPRE fiscalizar se os ve\u00edculos est\u00e3o limpos, independente se o frete for CIF ou FOB. <\/strong><br><strong>Deve-se ter rigor e rejeitar caminh\u00f5es com focos de infesta\u00e7\u00e3o.<\/strong><\/p><\/div><\/div>\n\n\n\n<div class=\"wp-block-uagb-image uagb-block-3dc2957b wp-block-uagb-image--layout-default wp-block-uagb-image--effect-static wp-block-uagb-image--align-none\"><figure class=\"wp-block-uagb-image__figure\"><img decoding=\"async\" srcset=\"https:\/\/entregraos.com.br\/wp-content\/uploads\/2025\/02\/inseto-Sitophilus.jpg ,https:\/\/entregraos.com.br\/wp-content\/uploads\/2025\/02\/inseto-Sitophilus.jpg 780w, https:\/\/entregraos.com.br\/wp-content\/uploads\/2025\/02\/inseto-Sitophilus.jpg 360w\" sizes=\"(max-width: 480px) 150px\" src=\"https:\/\/entregraos.com.br\/wp-content\/uploads\/2025\/02\/inseto-Sitophilus.jpg\" alt=\"\" class=\"uag-image-1893\" width=\"437\" height=\"387\" title=\"inseto-Sitophilus\" loading=\"lazy\" role=\"img\"\/><\/figure><\/div>\n\n\n\n<div class=\"wp-block-uagb-info-box uagb-block-b34d2c3c uagb-infobox__content-wrap  uagb-infobox-icon-above-title uagb-infobox-image-valign-top\"><div class=\"uagb-ifb-content\"><div class=\"uagb-ifb-title-wrap\"><h3 class=\"uagb-ifb-title\"><br><br><strong>Tratamento curativo<\/strong><\/h3><\/div><p class=\"uagb-ifb-desc\"><br>Para tratar o trigo, deve-se fazer o expurgo dos gr\u00e3os usando produtos cujo princ\u00edpio ativo \u00e9 a fosfina, registrados no MAPA para controle de insetos-praga de gr\u00e3os armazenados.<br>Esse processo deve ser feito em armaz\u00e9ns sempre com veda\u00e7\u00e3o total, observando-se o per\u00edodo de exposi\u00e7\u00e3o necess\u00e1rio para controle de pragas e a dose indicada do produto.<\/p><\/div><\/div>\n\n\n\n<div class=\"wp-block-uagb-slider uagb-block-1aa98478 uagb-slider-container\"><div class=\"uagb-slides uagb-swiper\"><div class=\"swiper-wrapper\">\n<div class=\"wp-block-uagb-slider-child uagb-slider-child-wrap swiper-slide uagb-block-0286d0ca\"><div class=\"swiper-content\">\n<div class=\"wp-block-uagb-container uagb-block-92e3db31 alignfull uagb-is-root-container\"><div class=\"uagb-container-inner-blocks-wrap\">\n<div class=\"wp-block-uagb-info-box uagb-block-4dedf393 uagb-infobox__content-wrap  uagb-infobox-icon-above-title uagb-infobox-image-valign-top\"><div class=\"uagb-ifb-content\"><div class=\"uagb-ifb-image-content\"><img decoding=\"async\" src=\"https:\/\/entregraos.com.br\/wp-content\/uploads\/2025\/02\/inseto-expurgo.jpg\" alt=\"\" width=\"\" height=\"0\" loading=\"lazy\"\/><\/div><div class=\"uagb-ifb-title-wrap\"><\/div><div class=\"uagb-ifb-button-wrapper wp-block-button\"><a href=\"#\" class=\"uagb-infobox-cta-link wp-block-button__link\" target=\"_self\" rel=\"noopener noreferrer\" onclick=\"return false;\"><span class=\"uagb-inline-editing\"><\/span><\/a><\/div><\/div><\/div>\n<\/div><\/div>\n<\/div><\/div>\n\n\n\n<div class=\"wp-block-uagb-slider-child uagb-slider-child-wrap swiper-slide uagb-block-56d71a32\"><div class=\"swiper-content\">\n<div class=\"wp-block-uagb-container uagb-block-471ece07 alignfull uagb-is-root-container\"><div class=\"uagb-container-inner-blocks-wrap\">\n<div class=\"wp-block-uagb-info-box uagb-block-792c799b uagb-infobox__content-wrap  uagb-infobox-icon-above-title uagb-infobox-image-valign-top\"><div class=\"uagb-ifb-content\"><div class=\"uagb-ifb-image-content\"><img decoding=\"async\" src=\"https:\/\/entregraos.com.br\/wp-content\/uploads\/2025\/02\/inseto-expurgo-2.jpg\" alt=\"\" width=\"\" height=\"0\" loading=\"lazy\"\/><\/div><div class=\"uagb-ifb-title-wrap\"><\/div><div class=\"uagb-ifb-button-wrapper wp-block-button\"><a href=\"#\" class=\"uagb-infobox-cta-link wp-block-button__link\" target=\"_self\" rel=\"noopener noreferrer\" onclick=\"return false;\"><span class=\"uagb-inline-editing\"><\/span><\/a><\/div><\/div><\/div>\n<\/div><\/div>\n<\/div><\/div>\n\n\n\n<div class=\"wp-block-uagb-slider-child uagb-slider-child-wrap swiper-slide uagb-block-772e88c1\"><div class=\"swiper-content\">\n<div class=\"wp-block-uagb-container uagb-block-0ddcc82b alignfull uagb-is-root-container\"><div class=\"uagb-container-inner-blocks-wrap\">\n<div class=\"wp-block-uagb-info-box uagb-block-696b2891 uagb-infobox__content-wrap  uagb-infobox-icon-above-title uagb-infobox-image-valign-top\"><div class=\"uagb-ifb-content\"><div class=\"uagb-ifb-image-content\"><img decoding=\"async\" src=\"https:\/\/entregraos.com.br\/wp-content\/uploads\/2025\/02\/inseto-expurgo-3.jpg\" alt=\"\" width=\"\" height=\"0\" loading=\"lazy\"\/><\/div><div class=\"uagb-ifb-title-wrap\"><\/div><div class=\"uagb-ifb-button-wrapper wp-block-button\"><a href=\"#\" class=\"uagb-infobox-cta-link wp-block-button__link\" target=\"_self\" rel=\"noopener noreferrer\" onclick=\"return false;\"><span class=\"uagb-inline-editing\"><\/span><\/a><\/div><\/div><\/div>\n<\/div><\/div>\n<\/div><\/div>\n<\/div><\/div><div class=\"swiper-pagination\"><\/div><div class=\"swiper-button-prev\"><\/div><div class=\"swiper-button-next\"><\/div><\/div>\n\n\n\n<div class=\"wp-block-uagb-info-box uagb-block-3eaf54f3 uagb-infobox__content-wrap  uagb-infobox-icon-above-title uagb-infobox-image-valign-top\"><div class=\"uagb-ifb-content\"><div class=\"uagb-ifb-title-wrap\"><h3 class=\"uagb-ifb-title\"><br><strong><strong>Tratamento preventivo de gr\u00e3os<\/strong><\/strong><\/h3><\/div><p class=\"uagb-ifb-desc\"><br>O tratamento com inseticidas protetores de gr\u00e3os deve ser realizado no momento de abastecer o armaz\u00e9m e pode ser feito na forma de pulveriza\u00e7\u00e3o na correia transportadora ou em outros pontos de movimenta\u00e7\u00e3o de gr\u00e3os, com emprego dos inseticidas qu\u00edmicos l\u00edquidos, ou pelo polvilhamento com o inseticida natural, a base de terra de diatom\u00e1ceas, na formula\u00e7\u00e3o p\u00f3 seco.<\/p><\/div><\/div>\n\n\n\n<div class=\"wp-block-uagb-image uagb-block-a5a178b5 wp-block-uagb-image--layout-default wp-block-uagb-image--effect-static wp-block-uagb-image--align-none\"><figure class=\"wp-block-uagb-image__figure\"><img decoding=\"async\" srcset=\"https:\/\/entregraos.com.br\/wp-content\/uploads\/2025\/02\/inseto-expurgo-silo-1-1.jpg ,https:\/\/entregraos.com.br\/wp-content\/uploads\/2025\/02\/inseto-expurgo-silo-1-1.jpg 780w, https:\/\/entregraos.com.br\/wp-content\/uploads\/2025\/02\/inseto-expurgo-silo-1-1.jpg 360w\" sizes=\"(max-width: 480px) 150px\" src=\"https:\/\/entregraos.com.br\/wp-content\/uploads\/2025\/02\/inseto-expurgo-silo-1-1.jpg\" alt=\"\" class=\"uag-image-1906\" width=\"600\" height=\"815\" title=\"inseto-expurgo-silo-1-1\" loading=\"lazy\" role=\"img\"\/><\/figure><\/div>\n\n\n\n<div class=\"wp-block-uagb-info-box uagb-block-80ef3862 uagb-infobox__content-wrap  uagb-infobox-icon-above-title uagb-infobox-image-valign-top\"><div class=\"uagb-ifb-content\"><div class=\"uagb-ifb-title-wrap\"><h3 class=\"uagb-ifb-title\"><br><strong><strong>Medidas preventivas<\/strong><\/strong><\/h3><\/div><p class=\"uagb-ifb-desc\"><br>&#8211; Armazenamento de trigo com teor de umidade m\u00e1ximo de 13%;<br><br>&#8211; Higieniza\u00e7\u00e3o e limpeza de silos, dep\u00f3sitos e equipamentos;<br><br>&#8211; Elimina\u00e7\u00e3o de focos de infesta\u00e7\u00e3o mediante a retirada e a queima de res\u00edduos do armazenamento anterior;<br><br>&#8211; Pulveriza\u00e7\u00e3o das instala\u00e7\u00f5es que receber\u00e3o os gr\u00e3os, usando-se os produtos indicados para este fim e registrados no MAPA para controle de insetos-praga de gr\u00e3os armazenados;<br><br>&#8211; Aten\u00e7\u00e3o para evitar a mistura de lotes de gr\u00e3os n\u00e3o infestados com outros j\u00e1 infestados, dentro do silo ou armaz\u00e9m<\/p><\/div><\/div>\n\n\n\n<div class=\"wp-block-uagb-info-box uagb-block-eae8dd9f uagb-infobox__content-wrap  uagb-infobox-icon-above-title uagb-infobox-image-valign-top\"><div class=\"uagb-ifb-content\"><div class=\"uagb-ifb-title-wrap\"><h3 class=\"uagb-ifb-title\"><br><strong><strong><strong>Monitoramento da massa de gr\u00e3os<\/strong><\/strong><\/strong><\/h3><\/div><p class=\"uagb-ifb-desc\"><br>Uma vez armazenado, o trigo deve ser monitorado durante todo o per\u00edodo em que permanecer estocado. <br><br>O acompanhamento de pragas que ocorrem na massa de gr\u00e3os armazenados \u00e9 de fundamental import\u00e2ncia, pois permite detectar o in\u00edcio da infesta\u00e7\u00e3o que poder\u00e1 alterar a qualidade final do gr\u00e3o.&nbsp;<br>&nbsp;<br><br><em>Fonte: Embrapa \u2013 Pragas de trigo armazenado \u2013 Autor: Irineu Lorin<\/em>i<br><br><\/p><\/div><\/div>\n","protected":false},"excerpt":{"rendered":"","protected":false},"author":1,"featured_media":0,"parent":0,"menu_order":0,"comment_status":"closed","ping_status":"closed","template":"","meta":{"_eb_attr":"","om_disable_all_campaigns":false,"_uag_custom_page_level_css":"","_monsterinsights_skip_tracking":false,"_monsterinsights_sitenote_active":false,"_monsterinsights_sitenote_note":"","_monsterinsights_sitenote_category":0,"_uf_show_specific_survey":0,"_uf_disable_surveys":false,"site-sidebar-layout":"default","site-content-layout":"","ast-site-content-layout":"default","site-content-style":"default","site-sidebar-style":"default","ast-global-header-display":"","ast-banner-title-visibility":"","ast-main-header-display":"","ast-hfb-above-header-display":"","ast-hfb-below-header-display":"","ast-hfb-mobile-header-display":"","site-post-title":"disabled","ast-breadcrumbs-content":"","ast-featured-img":"","footer-sml-layout":"","ast-disable-related-posts":"","theme-transparent-header-meta":"","adv-header-id-meta":"","stick-header-meta":"","header-above-stick-meta":"","header-main-stick-meta":"","header-below-stick-meta":"","astra-migrate-meta-layouts":"set","ast-page-background-enabled":"default","ast-page-background-meta":{"desktop":{"background-color":"","background-image":"","background-repeat":"repeat","background-position":"center center","background-size":"auto","background-attachment":"scroll","background-type":"","background-media":"","overlay-type":"","overlay-color":"","overlay-opacity":"","overlay-gradient":""},"tablet":{"background-color":"","background-image":"","background-repeat":"repeat","background-position":"center center","background-size":"auto","background-attachment":"scroll","background-type":"","background-media":"","overlay-type":"","overlay-color":"","overlay-opacity":"","overlay-gradient":""},"mobile":{"background-color":"","background-image":"","background-repeat":"repeat","background-position":"center center","background-size":"auto","background-attachment":"scroll","background-type":"","background-media":"","overlay-type":"","overlay-color":"","overlay-opacity":"","overlay-gradient":""}},"ast-content-background-meta":{"desktop":{"background-color":"var(--ast-global-color-5)","background-image":"","background-repeat":"repeat","background-position":"center center","background-size":"auto","background-attachment":"scroll","background-type":"","background-media":"","overlay-type":"","overlay-color":"","overlay-opacity":"","overlay-gradient":""},"tablet":{"background-color":"var(--ast-global-color-5)","background-image":"","background-repeat":"repeat","background-position":"center center","background-size":"auto","background-attachment":"scroll","background-type":"","background-media":"","overlay-type":"","overlay-color":"","overlay-opacity":"","overlay-gradient":""},"mobile":{"background-color":"var(--ast-global-color-5)","background-image":"","background-repeat":"repeat","background-position":"center center","background-size":"auto","background-attachment":"scroll","background-type":"","background-media":"","overlay-type":"","overlay-color":"","overlay-opacity":"","overlay-gradient":""}},"footnotes":""},"uagb_featured_image_src":{"full":false,"thumbnail":false,"medium":false,"medium_large":false,"large":false,"1536x1536":false,"2048x2048":false},"uagb_author_info":{"display_name":"gulima08","author_link":"https:\/\/entregraos.com.br\/?author=1"},"uagb_comment_info":0,"uagb_excerpt":null,"_links":{"self":[{"href":"https:\/\/entregraos.com.br\/index.php?rest_route=\/wp\/v2\/pages\/1691"}],"collection":[{"href":"https:\/\/entregraos.com.br\/index.php?rest_route=\/wp\/v2\/pages"}],"about":[{"href":"https:\/\/entregraos.com.br\/index.php?rest_route=\/wp\/v2\/types\/page"}],"author":[{"embeddable":true,"href":"https:\/\/entregraos.com.br\/index.php?rest_route=\/wp\/v2\/users\/1"}],"replies":[{"embeddable":true,"href":"https:\/\/entregraos.com.br\/index.php?rest_route=%2Fwp%2Fv2%2Fcomments&post=1691"}],"version-history":[{"count":25,"href":"https:\/\/entregraos.com.br\/index.php?rest_route=\/wp\/v2\/pages\/1691\/revisions"}],"predecessor-version":[{"id":2363,"href":"https:\/\/entregraos.com.br\/index.php?rest_route=\/wp\/v2\/pages\/1691\/revisions\/2363"}],"wp:attachment":[{"href":"https:\/\/entregraos.com.br\/index.php?rest_route=%2Fwp%2Fv2%2Fmedia&parent=1691"}],"curies":[{"name":"wp","href":"https:\/\/api.w.org\/{rel}","templated":true}]}}