{"id":1682,"date":"2025-02-20T17:25:10","date_gmt":"2025-02-20T20:25:10","guid":{"rendered":"https:\/\/entregraos.com.br\/?page_id=1682"},"modified":"2025-03-14T14:28:39","modified_gmt":"2025-03-14T17:28:39","slug":"falling-number","status":"publish","type":"page","link":"https:\/\/entregraos.com.br\/?page_id=1682","title":{"rendered":"Falling Number"},"content":{"rendered":"\n<div class=\"wp-block-uagb-info-box uagb-block-de1fc8f6 uagb-infobox__content-wrap  uagb-infobox-icon-above-title uagb-infobox-image-valign-top\"><div class=\"uagb-ifb-content\"><div class=\"uagb-ifb-title-wrap\"><h2 class=\"uagb-ifb-title\">Falling Number ou N\u00famero de Queda<br><\/h2><\/div><\/div><\/div>\n\n\n\n<div class=\"wp-block-uagb-image aligncenter uagb-block-24891787 wp-block-uagb-image--layout-default wp-block-uagb-image--effect-static wp-block-uagb-image--align-center\"><figure class=\"wp-block-uagb-image__figure\"><img decoding=\"async\" srcset=\"https:\/\/entregraos.com.br\/wp-content\/uploads\/2025\/02\/falling-number-3.jpg ,https:\/\/entregraos.com.br\/wp-content\/uploads\/2025\/02\/falling-number-3.jpg 780w, https:\/\/entregraos.com.br\/wp-content\/uploads\/2025\/02\/falling-number-3.jpg 360w\" sizes=\"(max-width: 480px) 150px\" src=\"https:\/\/entregraos.com.br\/wp-content\/uploads\/2025\/02\/falling-number-3.jpg\" alt=\"\" class=\"uag-image-1850\" width=\"578\" height=\"330\" title=\"falling-number-3\" loading=\"lazy\" role=\"img\"\/><\/figure><\/div>\n\n\n\n<div class=\"wp-block-uagb-info-box uagb-block-62abe165 uagb-infobox__content-wrap  uagb-infobox-icon-above-title uagb-infobox-image-valign-top\"><div class=\"uagb-ifb-content\"><div class=\"uagb-ifb-title-wrap\"><\/div><p class=\"uagb-ifb-desc\"><br>O N\u00famero de Queda (Falling Number, FN) \u00e9 um par\u00e2metro crucial na avalia\u00e7\u00e3o da qualidade da farinha de trigo, pois mede a atividade da enzima alfa-amilase. A atividade dessa enzina pode indicar a germina\u00e7\u00e3o prematura dos gr\u00e3os, que pode afetar significativamente a qualidade da farinha e seus produtos finais.<\/p><\/div><\/div>\n\n\n\n<div class=\"wp-block-uagb-image uagb-block-9043044b wp-block-uagb-image--layout-default wp-block-uagb-image--effect-static wp-block-uagb-image--align-none\"><figure class=\"wp-block-uagb-image__figure\"><img decoding=\"async\" srcset=\"https:\/\/entregraos.com.br\/wp-content\/uploads\/2025\/02\/falling-number-processo.png ,https:\/\/entregraos.com.br\/wp-content\/uploads\/2025\/02\/falling-number-processo.png 780w, https:\/\/entregraos.com.br\/wp-content\/uploads\/2025\/02\/falling-number-processo.png 360w\" sizes=\"(max-width: 480px) 150px\" src=\"https:\/\/entregraos.com.br\/wp-content\/uploads\/2025\/02\/falling-number-processo.png\" alt=\"\" class=\"uag-image-1854\" width=\"890\" height=\"646\" title=\"falling number - processo\" loading=\"lazy\" role=\"img\"\/><\/figure><\/div>\n\n\n\n<div class=\"wp-block-uagb-info-box uagb-block-73aa5e23 uagb-infobox__content-wrap  uagb-infobox-icon-above-title uagb-infobox-image-valign-top\"><div class=\"uagb-ifb-content\"><div class=\"uagb-ifb-title-wrap\"><\/div><p class=\"uagb-ifb-desc\"><br>A seguir mais detalhes sobre cada etapa do processo de medi\u00e7\u00e3o de FN :<br><\/p><\/div><\/div>\n\n\n\n<div class=\"wp-block-uagb-container uagb-block-67e6447b alignfull uagb-is-root-container\"><div class=\"uagb-container-inner-blocks-wrap\">\n<div class=\"wp-block-uagb-container uagb-block-400cf509\">\n<div class=\"wp-block-uagb-image uagb-block-9b8d9382 wp-block-uagb-image--layout-default wp-block-uagb-image--effect-static wp-block-uagb-image--align-none\"><figure class=\"wp-block-uagb-image__figure\"><img decoding=\"async\" srcset=\"https:\/\/entregraos.com.br\/wp-content\/uploads\/2025\/02\/Moinho-Experimental-Chromium-Idugel-225x300.png ,https:\/\/entregraos.com.br\/wp-content\/uploads\/2025\/02\/Moinho-Experimental-Chromium-Idugel.png 780w, https:\/\/entregraos.com.br\/wp-content\/uploads\/2025\/02\/Moinho-Experimental-Chromium-Idugel.png 360w\" sizes=\"(max-width: 480px) 150px\" src=\"https:\/\/entregraos.com.br\/wp-content\/uploads\/2025\/02\/Moinho-Experimental-Chromium-Idugel-225x300.png\" alt=\"\" class=\"uag-image-1855\" width=\"225\" height=\"300\" title=\"Moinho-Experimental-Chromium-Idugel\" loading=\"lazy\" role=\"img\"\/><figcaption class=\"uagb-image-caption\">Moinho Experimental<\/figcaption><\/figure><\/div>\n<\/div>\n\n\n\n<div class=\"wp-block-uagb-container uagb-block-5604326c\">\n<div class=\"wp-block-uagb-info-box uagb-block-048836f0 uagb-infobox__content-wrap  uagb-infobox-icon-above-title uagb-infobox-image-valign-top\"><div class=\"uagb-ifb-content\"><div class=\"uagb-ifb-title-wrap\"><\/div><p class=\"uagb-ifb-desc\"><br><strong>1 &#8211; Sele\u00e7\u00e3o e Tritura\u00e7\u00e3o<\/strong><br>Primeiro, seleciona-se uma amostra do trigo, que em seguida \u00e9 triturada para obter uma farinha homog\u00eanea e representativa do lote.\u00a0<\/p><\/div><\/div>\n<\/div>\n<\/div><\/div>\n\n\n\n<div class=\"wp-block-uagb-info-box uagb-block-279216a7 uagb-infobox__content-wrap  uagb-infobox-icon-above-title uagb-infobox-image-valign-top\"><div class=\"uagb-ifb-content\"><div class=\"uagb-ifb-title-wrap\"><\/div><p class=\"uagb-ifb-desc\">\u00a0<br><strong>2 &#8211; Mistura com \u00c1gua<\/strong><br>A farinha \u00e9 misturada com \u00e1gua, formando uma suspens\u00e3o ou massa l\u00edquida. Essa mistura permite que o amido se hidrate e gelatinize quando aquecido.<br>\u00c9 importante mexer bem a mistura para que a hidrata\u00e7\u00e3o ocorra de forma uniforme em toda a amostra.<br><br>\u00a0<br><strong>3- Aquecimento da Mistura<\/strong><br>A suspens\u00e3o de farinha e \u00e1gua \u00e9 aquecida de forma controlada e ao ser aquecida, a mistura sofre um processo de gelatiniza\u00e7\u00e3o do amido, ou seja, o amido absorve \u00e1gua e incha, mudando a consist\u00eancia da mistura.<br><\/p><\/div><\/div>\n\n\n\n<div class=\"wp-block-uagb-image uagb-block-464fb926 wp-block-uagb-image--layout-default wp-block-uagb-image--effect-static wp-block-uagb-image--align-none\"><figure class=\"wp-block-uagb-image__figure\"><img decoding=\"async\" srcset=\"https:\/\/entregraos.com.br\/wp-content\/uploads\/2025\/03\/falling-number-4-768x1024.jpg ,https:\/\/entregraos.com.br\/wp-content\/uploads\/2025\/03\/falling-number-4.jpg 780w, https:\/\/entregraos.com.br\/wp-content\/uploads\/2025\/03\/falling-number-4.jpg 360w\" sizes=\"(max-width: 480px) 150px\" src=\"https:\/\/entregraos.com.br\/wp-content\/uploads\/2025\/03\/falling-number-4-768x1024.jpg\" alt=\"\" class=\"uag-image-2320\" width=\"248\" height=\"301\" title=\"falling-number-4\" loading=\"lazy\" role=\"img\"\/><\/figure><\/div>\n\n\n\n<div class=\"wp-block-uagb-info-box uagb-block-aaaedc13 uagb-infobox__content-wrap  uagb-infobox-icon-above-title uagb-infobox-image-valign-top\"><div class=\"uagb-ifb-content\"><div class=\"uagb-ifb-title-wrap\"><\/div><p class=\"uagb-ifb-desc\">\u00a0<br><strong>4 &#8211; Medi\u00e7\u00e3o do Tempo de Decaimento<\/strong><br>Depois que a mistura atinge a consist\u00eancia ideal (gelatiniza\u00e7\u00e3o completa), um dispositivo vem a repousar sobre a massa.<br>Esse dispositivo \u00e9 solto e, por causa da consist\u00eancia da mistura, demora um certo tempo para percorrer a altura do tubo. <strong>O tempo que ele leva para cair \u2013 normalmente medido em segundos \u2013 \u00e9 chamado de Falling Number<\/strong>.<br><br>Se houver muita atividade da enzima alfa-amilase, o amido ser\u00e1 degradado. Isso diminui a viscosidade da massa, permitindo que o dispositivo caia mais rapidamente (resultado de Falling Number baixo). Por outro lado, um Falling Number alto indica menor atividade enzim\u00e1tica e melhor qualidade para a panifica\u00e7\u00e3o.<\/p><\/div><\/div>\n\n\n\n<div class=\"wp-block-uagb-container uagb-block-96c38a53 alignfull uagb-is-root-container\"><div class=\"uagb-container-inner-blocks-wrap\">\n<div class=\"wp-block-uagb-container uagb-block-780a7b28\">\n<div class=\"wp-block-uagb-image uagb-block-daa1416e wp-block-uagb-image--layout-default wp-block-uagb-image--effect-static wp-block-uagb-image--align-none\"><figure class=\"wp-block-uagb-image__figure\"><img decoding=\"async\" srcset=\"https:\/\/entregraos.com.br\/wp-content\/uploads\/2025\/02\/falling-number-2.jpg ,https:\/\/entregraos.com.br\/wp-content\/uploads\/2025\/02\/falling-number-2.jpg 780w, https:\/\/entregraos.com.br\/wp-content\/uploads\/2025\/02\/falling-number-2.jpg 360w\" sizes=\"(max-width: 480px) 150px\" src=\"https:\/\/entregraos.com.br\/wp-content\/uploads\/2025\/02\/falling-number-2.jpg\" alt=\"\" class=\"uag-image-1858\" width=\"410\" height=\"231\" title=\"falling number 2\" loading=\"lazy\" role=\"img\"\/><\/figure><\/div>\n<\/div>\n\n\n\n<div class=\"wp-block-uagb-container uagb-block-44da855c\">\n<div class=\"wp-block-uagb-image uagb-block-87ab6620 wp-block-uagb-image--layout-default wp-block-uagb-image--effect-static wp-block-uagb-image--align-none\"><figure class=\"wp-block-uagb-image__figure\"><img decoding=\"async\" srcset=\"https:\/\/entregraos.com.br\/wp-content\/uploads\/2025\/02\/falling-number-1-300x277.webp ,https:\/\/entregraos.com.br\/wp-content\/uploads\/2025\/02\/falling-number-1.webp 780w, https:\/\/entregraos.com.br\/wp-content\/uploads\/2025\/02\/falling-number-1.webp 360w\" sizes=\"(max-width: 480px) 150px\" src=\"https:\/\/entregraos.com.br\/wp-content\/uploads\/2025\/02\/falling-number-1-300x277.webp\" alt=\"\" class=\"uag-image-1857\" width=\"374\" height=\"277\" title=\"falling number 1\" loading=\"lazy\" role=\"img\"\/><\/figure><\/div>\n<\/div>\n<\/div><\/div>\n\n\n\n<div class=\"wp-block-uagb-info-box uagb-block-c84d8908 uagb-infobox__content-wrap  uagb-infobox-icon-above-title uagb-infobox-image-valign-top\"><div class=\"uagb-ifb-content\"><div class=\"uagb-ifb-title-wrap\"><\/div><p class=\"uagb-ifb-desc\"><br>\u00a0<strong>5 &#8211; Registro e Interpreta\u00e7\u00e3o do Resultado<\/strong><br>O equipamento registra o tempo decorrido em segundos. Esse valor \u00e9 o Falling Number.\u00a0<br><\/p><\/div><\/div>\n\n\n\n<div class=\"wp-block-uagb-info-box uagb-block-7f629bc9 uagb-infobox__content-wrap  uagb-infobox-icon-above-title uagb-infobox-image-valign-top\"><div class=\"uagb-ifb-content\"><div class=\"uagb-ifb-title-wrap\"><h3 class=\"uagb-ifb-title\"><br><br><br><strong>An\u00e1lise Pr\u00e1tica do Resultado<\/strong><\/h3><\/div><\/div><\/div>\n\n\n\n<div class=\"wp-block-uagb-info-box uagb-block-4cd5fa20 uagb-infobox__content-wrap  uagb-infobox-icon-above-title uagb-infobox-image-valign-top\"><div class=\"uagb-ifb-content\"><div class=\"uagb-ifb-title-wrap\"><\/div><p class=\"uagb-ifb-desc\"><br>De maneira simples, eis porque um trigo com FN maior tem maior valor e \u00e9 mais valorizado:<\/p><\/div><\/div>\n\n\n\n<div class=\"wp-block-uagb-container uagb-block-87524051 alignfull uagb-is-root-container\"><div class=\"uagb-container-inner-blocks-wrap\">\n<div class=\"wp-block-uagb-slider uagb-block-25a470be uagb-slider-container\"><div class=\"uagb-slides uagb-swiper\"><div class=\"swiper-wrapper\">\n<div class=\"wp-block-uagb-slider-child uagb-slider-child-wrap swiper-slide uagb-block-52f9185a\"><div class=\"swiper-content\">\n<div class=\"wp-block-uagb-container uagb-block-7d3db490\">\n<div class=\"wp-block-uagb-info-box uagb-block-2e66ee35 uagb-infobox__content-wrap  uagb-infobox-icon-above-title uagb-infobox-image-valign-top\"><div class=\"uagb-ifb-content\"><div class=\"uagb-ifb-image-content\"><img decoding=\"async\" src=\"https:\/\/entregraos.com.br\/wp-content\/uploads\/2025\/03\/Bolo-1.jpg\" alt=\"\" width=\"\" height=\"0\" loading=\"lazy\"\/><\/div><div class=\"uagb-ifb-title-wrap\"><\/div><div class=\"uagb-ifb-button-wrapper wp-block-button\"><a href=\"#\" class=\"uagb-infobox-cta-link wp-block-button__link\" target=\"_self\" rel=\"noopener noreferrer\" onclick=\"return false;\"><span class=\"uagb-inline-editing\"><\/span><\/a><\/div><\/div><\/div>\n<\/div>\n<\/div><\/div>\n\n\n\n<div class=\"wp-block-uagb-slider-child uagb-slider-child-wrap swiper-slide uagb-block-3f39cc2f\"><div class=\"swiper-content\">\n<div class=\"wp-block-uagb-container uagb-block-f28bcc08\">\n<div class=\"wp-block-uagb-info-box uagb-block-f0664978 uagb-infobox__content-wrap  uagb-infobox-icon-above-title uagb-infobox-image-valign-top\"><div class=\"uagb-ifb-content\"><div class=\"uagb-ifb-image-content\"><img decoding=\"async\" src=\"https:\/\/entregraos.com.br\/wp-content\/uploads\/2025\/03\/pao-1.jpg\" alt=\"\" width=\"\" height=\"0\" loading=\"lazy\"\/><\/div><div class=\"uagb-ifb-title-wrap\"><\/div><div class=\"uagb-ifb-button-wrapper wp-block-button\"><a href=\"#\" class=\"uagb-infobox-cta-link wp-block-button__link\" target=\"_self\" rel=\"noopener noreferrer\" onclick=\"return false;\"><span class=\"uagb-inline-editing\"><\/span><\/a><\/div><\/div><\/div>\n<\/div>\n<\/div><\/div>\n\n\n\n<div class=\"wp-block-uagb-slider-child uagb-slider-child-wrap swiper-slide uagb-block-5310cb29\"><div class=\"swiper-content\">\n<div class=\"wp-block-uagb-container uagb-block-e7af6cb7\">\n<div class=\"wp-block-uagb-info-box uagb-block-afcdb11c uagb-infobox__content-wrap  uagb-infobox-icon-above-title uagb-infobox-image-valign-top\"><div class=\"uagb-ifb-content\"><div class=\"uagb-ifb-image-content\"><img decoding=\"async\" src=\"https:\/\/entregraos.com.br\/wp-content\/uploads\/2025\/03\/massa-1.jpg\" alt=\"\" width=\"\" height=\"0\" loading=\"lazy\"\/><\/div><div class=\"uagb-ifb-title-wrap\"><\/div><div class=\"uagb-ifb-button-wrapper wp-block-button\"><a href=\"#\" class=\"uagb-infobox-cta-link wp-block-button__link\" target=\"_self\" rel=\"noopener noreferrer\" onclick=\"return false;\"><span class=\"uagb-inline-editing\"><\/span><\/a><\/div><\/div><\/div>\n<\/div>\n<\/div><\/div>\n<\/div><\/div><div class=\"swiper-pagination\"><\/div><div class=\"swiper-button-prev\"><\/div><div class=\"swiper-button-next\"><\/div><\/div>\n<\/div><\/div>\n\n\n\n<div class=\"wp-block-uagb-info-box uagb-block-ea32a78d uagb-infobox__content-wrap  uagb-infobox-icon-above-title uagb-infobox-image-valign-top\"><div class=\"uagb-ifb-content\"><div class=\"uagb-ifb-title-wrap\"><\/div><p class=\"uagb-ifb-desc\"><strong>&#8211; FN Maior<\/strong><br><br>Indica que ele tem baixa atividade enzim\u00e1tica.<br>Ou seja, o gl\u00faten, que \u00e9 a prote\u00edna que d\u00e1 estrutura ao p\u00e3o, n\u00e3o \u00e9 degradado durante o processo de fermenta\u00e7\u00e3o e cozimento. O resultado \u00e9 um p\u00e3o com boa estrutura, volume e textura.<br><br>Trigos com FN maior s\u00e3o vers\u00e1teis e podem ser usados para uma ampla gama de produtos de alta qualidade, como p\u00e3es de forma, baguetes, massas e produtos de panifica\u00e7\u00e3o industrial. Isso os torna mais desej\u00e1veis para quem busca atender a diferentes mercados e demandas.<br>\u00a0<br><br><strong>&#8211; FN Menor:<\/strong><br><br>Um trigo com FN menor tem alta atividade enzim\u00e1tica, o que pode degradar o gl\u00faten.<br>Isso resulta em p\u00e3es com estrutura fraca, menor volume e textura menos desej\u00e1vel.<br><br>Trigos com FN menor s\u00e3o mais adequados para produtos que n\u00e3o requerem uma estrutura de gl\u00faten forte, como biscoitos e bolos. Embora esses produtos tamb\u00e9m sejam importantes, a demanda e o valor de mercado para p\u00e3es de alta qualidade s\u00e3o geralmente maiores.<\/p><\/div><\/div>\n\n\n\n<div class=\"wp-block-uagb-info-box uagb-block-7637aeea uagb-infobox__content-wrap  uagb-infobox-icon-above-title uagb-infobox-image-valign-top\"><div class=\"uagb-ifb-content\"><div class=\"uagb-ifb-title-wrap\"><\/div><p class=\"uagb-ifb-desc\">&nbsp;<br>De acordo com as caracter\u00edsticas do FN e For\u00e7a do Gluten, o trigo se classifica conforme abaixo:<\/p><\/div><\/div>\n\n\n\n<div class=\"wp-block-uagb-container uagb-block-3c384b56 alignfull uagb-is-root-container\"><div class=\"uagb-container-inner-blocks-wrap\">\n<div class=\"wp-block-uagb-info-box uagb-block-3c23c6cc uagb-infobox__content-wrap  uagb-infobox-icon-above-title uagb-infobox-image-valign-top\"><div class=\"uagb-ifb-content\"><div class=\"uagb-ifb-image-content\"><img decoding=\"async\" src=\"https:\/\/entregraos.com.br\/wp-content\/uploads\/2025\/02\/Tabela-FN.png\" alt=\"\" width=\"\" height=\"0\" loading=\"lazy\"\/><\/div><div class=\"uagb-ifb-title-wrap\"><\/div><\/div><\/div>\n<\/div><\/div>\n\n\n\n<div class=\"wp-block-uagb-info-box uagb-block-6c849920 uagb-infobox__content-wrap  uagb-infobox-icon-left-title uagb-infobox-left uagb-infobox-image-valign-middle\"><div class=\"uagb-ifb-content\"><div class=\"uagb-ifb-left-title-image\"><div class=\"uagb-ifb-title-wrap\"><\/div><\/div><\/div><\/div>\n\n\n\n<div class=\"wp-block-uagb-info-box uagb-block-d09b10b4 uagb-infobox__content-wrap  uagb-infobox-icon-above-title uagb-infobox-image-valign-top\"><div class=\"uagb-ifb-content\"><div class=\"uagb-ifb-title-wrap\"><h3 class=\"uagb-ifb-title\"><br><br><strong>An\u00e1lise na Lavoura<\/strong><br><br><\/h3><\/div><\/div><\/div>\n\n\n\n<div class=\"wp-block-uagb-image alignleft uagb-block-5b98f887 wp-block-uagb-image--layout-default wp-block-uagb-image--effect-static wp-block-uagb-image--align-left\"><figure class=\"wp-block-uagb-image__figure\"><img decoding=\"async\" srcset=\"https:\/\/entregraos.com.br\/wp-content\/uploads\/2025\/02\/mao-sobre-trigo.jpg ,https:\/\/entregraos.com.br\/wp-content\/uploads\/2025\/02\/mao-sobre-trigo.jpg 780w, https:\/\/entregraos.com.br\/wp-content\/uploads\/2025\/02\/mao-sobre-trigo.jpg 360w\" sizes=\"(max-width: 480px) 150px\" src=\"https:\/\/entregraos.com.br\/wp-content\/uploads\/2025\/02\/mao-sobre-trigo.jpg\" alt=\"\" class=\"uag-image-1729\" width=\"475\" height=\"317\" title=\"mao-sobre-trigo\" loading=\"lazy\" role=\"img\"\/><\/figure><\/div>\n\n\n\n<div class=\"wp-block-uagb-info-box uagb-block-4e8c34ef uagb-infobox__content-wrap  uagb-infobox-icon-above-title uagb-infobox-image-valign-top\"><div class=\"uagb-ifb-content\"><div class=\"uagb-ifb-title-wrap\"><\/div><p class=\"uagb-ifb-desc\"><br><br>Devido \u00e0 quantidade de equipamentos espec\u00edficos, n\u00e3o se pode realizar as medi\u00e7\u00f5es de FN no campo. No entanto, a partir de certas condi\u00e7\u00f5es, \u00e9 poss\u00edvel estimar um poss\u00edvel problema.<br>A seguir as principais causas que podem levar a essa condi\u00e7\u00e3o:<br>\u00a0<br> <strong>&#8211; Chuvas Excessivas e Umidade Alta<\/strong><br><br>Chuvas excessivas durante a fase de matura\u00e7\u00e3o do trigo podem causar a germina\u00e7\u00e3o dos gr\u00e3os ainda na espiga. Isso ativa enzimas que degradam o amido e o gl\u00faten, resultando em um FN baixo.<br><br>Preven\u00e7\u00e3o: Plantar variedades de trigo resistentes \u00e0 germina\u00e7\u00e3o na espiga e monitorar as previs\u00f5es meteorol\u00f3gicas para planejar a colheita em per\u00edodos secos. Eventualmente, colher mais cedo e proceder a secagem dos gr\u00e3os.<br><br><br><strong> &#8211; Condi\u00e7\u00f5es de Armazenagem \/ Umidade Elevada no Armazenamento<\/strong><br><br>Armazenar trigo em condi\u00e7\u00f5es de alta umidade, mesmo que por pouco tempo, pode levar \u00e0 germina\u00e7\u00e3o dos gr\u00e3os ou ao crescimento de fungos, resultando em um FN baixo.<br><br>Preven\u00e7\u00e3o: Manter os gr\u00e3os em silos ou armaz\u00e9ns com umidade e ventila\u00e7\u00e3o adequadas.<br><br><br><br><\/p><\/div><\/div>\n","protected":false},"excerpt":{"rendered":"","protected":false},"author":1,"featured_media":0,"parent":0,"menu_order":0,"comment_status":"closed","ping_status":"closed","template":"","meta":{"_eb_attr":"","om_disable_all_campaigns":false,"_uag_custom_page_level_css":"","_monsterinsights_skip_tracking":false,"_monsterinsights_sitenote_active":false,"_monsterinsights_sitenote_note":"","_monsterinsights_sitenote_category":0,"_uf_show_specific_survey":0,"_uf_disable_surveys":false,"site-sidebar-layout":"default","site-content-layout":"","ast-site-content-layout":"default","site-content-style":"default","site-sidebar-style":"default","ast-global-header-display":"","ast-banner-title-visibility":"","ast-main-header-display":"","ast-hfb-above-header-display":"","ast-hfb-below-header-display":"","ast-hfb-mobile-header-display":"","site-post-title":"disabled","ast-breadcrumbs-content":"","ast-featured-img":"","footer-sml-layout":"","ast-disable-related-posts":"","theme-transparent-header-meta":"","adv-header-id-meta":"","stick-header-meta":"","header-above-stick-meta":"","header-main-stick-meta":"","header-below-stick-meta":"","astra-migrate-meta-layouts":"set","ast-page-background-enabled":"default","ast-page-background-meta":{"desktop":{"background-color":"","background-image":"","background-repeat":"repeat","background-position":"center center","background-size":"auto","background-attachment":"scroll","background-type":"","background-media":"","overlay-type":"","overlay-color":"","overlay-opacity":"","overlay-gradient":""},"tablet":{"background-color":"","background-image":"","background-repeat":"repeat","background-position":"center center","background-size":"auto","background-attachment":"scroll","background-type":"","background-media":"","overlay-type":"","overlay-color":"","overlay-opacity":"","overlay-gradient":""},"mobile":{"background-color":"","background-image":"","background-repeat":"repeat","background-position":"center center","background-size":"auto","background-attachment":"scroll","background-type":"","background-media":"","overlay-type":"","overlay-color":"","overlay-opacity":"","overlay-gradient":""}},"ast-content-background-meta":{"desktop":{"background-color":"var(--ast-global-color-5)","background-image":"","background-repeat":"repeat","background-position":"center center","background-size":"auto","background-attachment":"scroll","background-type":"","background-media":"","overlay-type":"","overlay-color":"","overlay-opacity":"","overlay-gradient":""},"tablet":{"background-color":"var(--ast-global-color-5)","background-image":"","background-repeat":"repeat","background-position":"center center","background-size":"auto","background-attachment":"scroll","background-type":"","background-media":"","overlay-type":"","overlay-color":"","overlay-opacity":"","overlay-gradient":""},"mobile":{"background-color":"var(--ast-global-color-5)","background-image":"","background-repeat":"repeat","background-position":"center center","background-size":"auto","background-attachment":"scroll","background-type":"","background-media":"","overlay-type":"","overlay-color":"","overlay-opacity":"","overlay-gradient":""}},"footnotes":""},"uagb_featured_image_src":{"full":false,"thumbnail":false,"medium":false,"medium_large":false,"large":false,"1536x1536":false,"2048x2048":false},"uagb_author_info":{"display_name":"gulima08","author_link":"https:\/\/entregraos.com.br\/?author=1"},"uagb_comment_info":0,"uagb_excerpt":null,"_links":{"self":[{"href":"https:\/\/entregraos.com.br\/index.php?rest_route=\/wp\/v2\/pages\/1682"}],"collection":[{"href":"https:\/\/entregraos.com.br\/index.php?rest_route=\/wp\/v2\/pages"}],"about":[{"href":"https:\/\/entregraos.com.br\/index.php?rest_route=\/wp\/v2\/types\/page"}],"author":[{"embeddable":true,"href":"https:\/\/entregraos.com.br\/index.php?rest_route=\/wp\/v2\/users\/1"}],"replies":[{"embeddable":true,"href":"https:\/\/entregraos.com.br\/index.php?rest_route=%2Fwp%2Fv2%2Fcomments&post=1682"}],"version-history":[{"count":49,"href":"https:\/\/entregraos.com.br\/index.php?rest_route=\/wp\/v2\/pages\/1682\/revisions"}],"predecessor-version":[{"id":2352,"href":"https:\/\/entregraos.com.br\/index.php?rest_route=\/wp\/v2\/pages\/1682\/revisions\/2352"}],"wp:attachment":[{"href":"https:\/\/entregraos.com.br\/index.php?rest_route=%2Fwp%2Fv2%2Fmedia&parent=1682"}],"curies":[{"name":"wp","href":"https:\/\/api.w.org\/{rel}","templated":true}]}}