{"id":1315,"date":"2024-04-16T14:26:48","date_gmt":"2024-04-16T17:26:48","guid":{"rendered":"https:\/\/entregraos.com.br\/?page_id=1315"},"modified":"2025-03-27T16:18:12","modified_gmt":"2025-03-27T19:18:12","slug":"home","status":"publish","type":"page","link":"https:\/\/entregraos.com.br\/","title":{"rendered":"Home"},"content":{"rendered":"\n<p><\/p>\n\n\n\n<div class=\"wp-block-uagb-container uagb-block-88ae1671 alignfull uagb-is-root-container\">\n<div class=\"wp-block-uagb-info-box uagb-block-4e9ef8c0 uagb-infobox__content-wrap  uagb-infobox-icon-above-title uagb-infobox-image-valign-top wp-block-uagb-info-box--has-margin\"><div class=\"uagb-infobox-margin-wrapper\"><div class=\"uagb-ifb-content\"><div class=\"uagb-ifb-image-content\"><img decoding=\"async\" src=\"https:\/\/entregraos.com.br\/wp-content\/uploads\/2024\/04\/EGraos.logo-sem-bordao-1-300x167.png\" alt=\"\" width=\"300\" height=\"167\" loading=\"lazy\"\/><\/div><div class=\"uagb-ifb-title-wrap\"><h3 class=\"uagb-ifb-title\">Especializados em TRIGO!<\/h3><\/div><\/div><\/div><\/div>\n<\/div>\n\n\n\n<div class=\"wp-block-uagb-container uagb-block-61490296 alignfull uagb-is-root-container\"><div class=\"uagb-container-inner-blocks-wrap\">\n<div class=\"wp-block-uagb-info-box uagb-block-c7e86483 uagb-infobox__content-wrap  uagb-infobox-icon-left-title uagb-infobox-left uagb-infobox-image-valign-top\"><div class=\"uagb-ifb-content\"><div class=\"uagb-ifb-left-title-image\"><div class=\"uagb-ifb-icon-wrap\"><svg xmlns=\"https:\/\/www.w3.org\/2000\/svg\" viewBox=\"0 0 640 512\"><path d=\"M360 72C360 94.09 342.1 112 320 112C297.9 112 280 94.09 280 72C280 49.91 297.9 32 320 32C342.1 32 360 49.91 360 72zM104 168C104 145.9 121.9 128 144 128C166.1 128 184 145.9 184 168C184 190.1 166.1 208 144 208C121.9 208 104 190.1 104 168zM608 416C625.7 416 640 430.3 640 448C640 465.7 625.7 480 608 480H32C14.33 480 0 465.7 0 448C0 430.3 14.33 416 32 416H608zM456 168C456 145.9 473.9 128 496 128C518.1 128 536 145.9 536 168C536 190.1 518.1 208 496 208C473.9 208 456 190.1 456 168zM200 352C200 369.7 185.7 384 168 384H120C102.3 384 88 369.7 88 352V313.5L61.13 363.4C54.85 375 40.29 379.4 28.62 373.1C16.95 366.8 12.58 352.3 18.87 340.6L56.75 270.3C72.09 241.8 101.9 224 134.2 224H153.8C170.1 224 185.7 228.5 199.2 236.6L232.7 174.3C248.1 145.8 277.9 128 310.2 128H329.8C362.1 128 391.9 145.8 407.3 174.3L440.8 236.6C454.3 228.5 469.9 224 486.2 224H505.8C538.1 224 567.9 241.8 583.3 270.3L621.1 340.6C627.4 352.3 623 366.8 611.4 373.1C599.7 379.4 585.2 375 578.9 363.4L552 313.5V352C552 369.7 537.7 384 520 384H472C454.3 384 440 369.7 440 352V313.5L413.1 363.4C406.8 375 392.3 379.4 380.6 373.1C368.1 366.8 364.6 352.3 370.9 340.6L407.2 273.1C405.5 271.5 404 269.6 402.9 267.4L376 217.5V272C376 289.7 361.7 304 344 304H295.1C278.3 304 263.1 289.7 263.1 272V217.5L237.1 267.4C235.1 269.6 234.5 271.5 232.8 273.1L269.1 340.6C275.4 352.3 271 366.8 259.4 373.1C247.7 379.4 233.2 375 226.9 363.4L199.1 313.5L200 352z\"><\/path><\/svg><\/div><div class=\"uagb-ifb-title-wrap\"><h3 class=\"uagb-ifb-title\">Quem Somos<\/h3><\/div><\/div><p class=\"uagb-ifb-desc\">Com v\u00e1rios anos de experi\u00eancia em negocia\u00e7\u00f5es, nos especializamos em solu\u00e7\u00f5es sob medida para nossos clientes no mercado do TRIGO.<br>&nbsp;<br>Oferecemos servi\u00e7os desde o Planejamento e Orienta\u00e7\u00e3o para o plantio, compra de Sementes, condu\u00e7\u00e3o de Lavoura e Inteligencia de Mercado para a Negocia\u00e7\u00e3o.<br><br>Somos dedicados ao TRIGO e sempre atentos \u00e0s flutua\u00e7\u00f5es do mercado e prontos para fornecer informa\u00e7\u00f5es atualizadas para uma melhor tomada de decis\u00e3o.<br><br>Sabemos que cada negocia\u00e7\u00e3o \u00e9 \u00fanica, e por isso estabelecemos rela\u00e7\u00f5es duradouras com nossos clientes, ajudando-os por muitas safras seguidas!!<br>O compromisso com a qualidade na presta\u00e7\u00e3o de servi\u00e7o e agregar o valor ao produtor \u00e9 fundamental e pr\u00e9-requisito em nosso trabalho!<br><br>Navegue pelo nosso site para saber mais sobre todos servi\u00e7os e buscar muitas informa\u00e7\u00f5es sobre o TRIGO! <br>Estamos ansiosos pelo seu contato para saber como podemos ajudar!<br><\/p><\/div><\/div>\n<\/div><\/div>\n\n\n\n<div class=\"wp-block-uagb-container uagb-block-ae651551 alignfull uagb-is-root-container\"><div class=\"uagb-container-inner-blocks-wrap\"><\/div><\/div>\n\n\n\n<div class=\"wp-block-uagb-container uagb-block-b9f183f6 alignfull uagb-is-root-container\"><div class=\"uagb-container-inner-blocks-wrap\">\n<div class=\"wp-block-uagb-info-box uagb-block-c8a02fce uagb-infobox__content-wrap  uagb-infobox-icon-left-title uagb-infobox-left uagb-infobox-image-valign-top\"><div class=\"uagb-ifb-content\"><div class=\"uagb-ifb-left-title-image\"><div class=\"uagb-ifb-icon-wrap\"><svg xmlns=\"https:\/\/www.w3.org\/2000\/svg\" viewBox=\"0 0 512 512\"><path d=\"M288 256C288 273.7 273.7 288 256 288C238.3 288 224 273.7 224 256C224 238.3 238.3 224 256 224C273.7 224 288 238.3 288 256zM112 256C112 176.5 176.5 112 256 112C335.5 112 400 176.5 400 256C400 335.5 335.5 400 256 400C176.5 400 112 335.5 112 256zM256 336C300.2 336 336 300.2 336 256C336 211.8 300.2 176 256 176C211.8 176 176 211.8 176 256C176 300.2 211.8 336 256 336zM512 256C512 397.4 397.4 512 256 512C114.6 512 0 397.4 0 256C0 114.6 114.6 0 256 0C397.4 0 512 114.6 512 256zM256 64C149.1 64 64 149.1 64 256C64 362 149.1 448 256 448C362 448 448 362 448 256C448 149.1 362 64 256 64z\"><\/path><\/svg><\/div><div class=\"uagb-ifb-title-wrap\"><h3 class=\"uagb-ifb-title\">Atua\u00e7\u00e3o<\/h3><\/div><\/div><p class=\"uagb-ifb-desc\">Nossa corretora desempenha um papel fundamental originando TRIGO no&nbsp;<strong>Cerrado brasileiro<\/strong>, especialmente <strong>Minas Gerais (MG)<\/strong>&nbsp;e&nbsp;<strong>Goi\u00e1s (GO)<\/strong>, e estabelecemos conex\u00f5es comerciais com compradores daqui e de outros Estados do Brasil, sempre para potencializar a liquidez do mercado e a lucratividade. <br><br>Trabalhamos em estreita colabora\u00e7\u00e3o com&nbsp;<strong>produtores<\/strong> e <strong>moinhos<\/strong> para que o trigo chegue da maneira adequada: saud\u00e1vel, nutritivo e com rentabilidade!<br><br>Nossa equipe est\u00e1 comprometida em facilitar as transa\u00e7\u00f5es, oferecendo suporte aos produtores e compradores durante todo o processo. <br>Juntos, fortalecemos a cadeia de suprimentos de trigo e promovemos o desenvolvimento sustent\u00e1vel da ind\u00fastria agr\u00edcola.<\/p><\/div><\/div>\n<\/div><\/div>\n\n\n\n<div class=\"wp-block-uagb-container uagb-block-884fbbfb alignfull uagb-is-root-container\"><div class=\"uagb-container-inner-blocks-wrap\"><\/div><\/div>\n\n\n\n<div class=\"wp-block-uagb-info-box uagb-block-1b4961dc uagb-infobox__content-wrap  uagb-infobox-icon-above-title uagb-infobox-image-valign-top\"><div class=\"uagb-ifb-content\"><div class=\"uagb-ifb-title-wrap\"><h3 class=\"uagb-ifb-title\"><br><\/h3><\/div><\/div><\/div>\n\n\n\n<div class=\"wp-block-uagb-container uagb-block-73d6e901 alignfull uagb-is-root-container\"><div class=\"uagb-container-inner-blocks-wrap\">\n<div class=\"wp-block-uagb-container uagb-block-f2ddafee\">\n<div class=\"wp-block-uagb-info-box uagb-block-8e43d50c uagb-infobox__content-wrap  uagb-infobox-icon-left-title uagb-infobox-left uagb-infobox-image-valign-middle\"><div class=\"uagb-ifb-content\"><div class=\"uagb-ifb-left-title-image\"><div class=\"uagb-ifb-icon-wrap\"><svg xmlns=\"https:\/\/www.w3.org\/2000\/svg\" viewBox=\"0 0 512 512\"><path d=\"M502.6 169.4l-160-160C336.4 3.125 328.2 0 320 0s-16.38 3.125-22.62 9.375c-12.5 12.5-12.5 32.75 0 45.25l6.975 6.977l-271.4 271c-38.75 38.75-45.13 102-9.375 143.5C44.08 500 72.76 512 101.5 512h.4473c26.38 0 52.75-9.1 72.88-30.12l275.2-274.6l7.365 7.367C463.6 220.9 471.8 224 480 224s16.38-3.125 22.62-9.375C515.1 202.1 515.1 181.9 502.6 169.4zM310.6 256H200.2l149.3-149.1l55.18 55.12L310.6 256z\"><\/path><\/svg><\/div><div class=\"uagb-ifb-title-wrap\"><h3 class=\"uagb-ifb-title\">An\u00e1lises no Recebimento<\/h3><\/div><\/div><p class=\"uagb-ifb-desc\">Entenda quais an\u00e1lises s\u00e3o feitas pelos moinhos ao receber seu trigo, e como tentar \u00e9 poss\u00edvel antecipar algum problema..<\/p><\/div><\/div>\n\n\n\n<div class=\"wp-block-uagb-buttons uagb-buttons__outer-wrap uagb-btn__default-btn uagb-btn-tablet__default-btn uagb-btn-mobile__default-btn uagb-block-d208d723\"><div class=\"uagb-buttons__wrap uagb-buttons-layout-wrap \">\n<div class=\"wp-block-uagb-buttons-child uagb-buttons__outer-wrap uagb-block-4a253739 wp-block-button\"><div class=\"uagb-button__wrapper\"><a class=\"uagb-buttons-repeater wp-block-button__link\" aria-label=\"\" href=\"https:\/\/entregraos.com.br\/?page_id=1296\" rel=\"follow noopener\" target=\"_blank\" role=\"button\"><span class=\"uagb-button__icon uagb-button__icon-position-before\"><svg xmlns=\"https:\/\/www.w3.org\/2000\/svg\" viewBox=\"0 0 448 512\" aria-hidden=\"true\" focussable=\"false\"><path d=\"M438.6 278.6l-160 160C272.4 444.9 264.2 448 256 448s-16.38-3.125-22.62-9.375c-12.5-12.5-12.5-32.75 0-45.25L338.8 288H32C14.33 288 .0016 273.7 .0016 256S14.33 224 32 224h306.8l-105.4-105.4c-12.5-12.5-12.5-32.75 0-45.25s32.75-12.5 45.25 0l160 160C451.1 245.9 451.1 266.1 438.6 278.6z\"><\/path><\/svg><\/span><div class=\"uagb-button__link\">Saiba Mais<\/div><\/a><\/div><\/div>\n<\/div><\/div>\n<\/div>\n\n\n\n<div class=\"wp-block-uagb-container uagb-block-b4e0b79b\">\n<div class=\"wp-block-uagb-info-box uagb-block-55b1d6af uagb-infobox__content-wrap  uagb-infobox-icon-left-title uagb-infobox-left uagb-infobox-image-valign-middle\"><div class=\"uagb-ifb-content\"><div class=\"uagb-ifb-left-title-image\"><div class=\"uagb-ifb-icon-wrap\"><svg xmlns=\"https:\/\/www.w3.org\/2000\/svg\" viewBox=\"0 0 512 512\"><path d=\"M0 144v288C0 457.6 22.41 480 48 480H64V96H48C22.41 96 0 118.4 0 144zM464 96H448v384h16c25.59 0 48-22.41 48-48v-288C512 118.4 489.6 96 464 96zM384 48C384 22.41 361.6 0 336 0h-160C150.4 0 128 22.41 128 48V96H96v384h320V96h-32V48zM176 48h160V96h-160V48zM352 312C352 316.4 348.4 320 344 320H288v56c0 4.375-3.625 8-8 8h-48C227.6 384 224 380.4 224 376V320H168C163.6 320 160 316.4 160 312v-48C160 259.6 163.6 256 168 256H224V200C224 195.6 227.6 192 232 192h48C284.4 192 288 195.6 288 200V256h56C348.4 256 352 259.6 352 264V312z\"><\/path><\/svg><\/div><div class=\"uagb-ifb-title-wrap\"><h3 class=\"uagb-ifb-title\">Patologias do Trigo<\/h3><\/div><\/div><p class=\"uagb-ifb-desc\">Identifique quais as principais mazelas que atingem o trigo, os sintomas e o manejo para cada uma.<\/p><\/div><\/div>\n\n\n\n<div class=\"wp-block-uagb-buttons uagb-buttons__outer-wrap uagb-btn__default-btn uagb-btn-tablet__default-btn uagb-btn-mobile__default-btn uagb-block-2374e0b8\"><div class=\"uagb-buttons__wrap uagb-buttons-layout-wrap \">\n<div class=\"wp-block-uagb-buttons-child uagb-buttons__outer-wrap uagb-block-00b3db93 wp-block-button\"><div class=\"uagb-button__wrapper\"><a class=\"uagb-buttons-repeater wp-block-button__link\" aria-label=\"\" href=\"https:\/\/entregraos.com.br\/?page_id=1985\" rel=\"follow noopener\" target=\"_blank\" role=\"button\"><span class=\"uagb-button__icon uagb-button__icon-position-before\"><svg xmlns=\"https:\/\/www.w3.org\/2000\/svg\" viewBox=\"0 0 448 512\" aria-hidden=\"true\" focussable=\"false\"><path d=\"M438.6 278.6l-160 160C272.4 444.9 264.2 448 256 448s-16.38-3.125-22.62-9.375c-12.5-12.5-12.5-32.75 0-45.25L338.8 288H32C14.33 288 .0016 273.7 .0016 256S14.33 224 32 224h306.8l-105.4-105.4c-12.5-12.5-12.5-32.75 0-45.25s32.75-12.5 45.25 0l160 160C451.1 245.9 451.1 266.1 438.6 278.6z\"><\/path><\/svg><\/span><div class=\"uagb-button__link\">Saiba Mais<\/div><\/a><\/div><\/div>\n<\/div><\/div>\n<\/div>\n<\/div><\/div>\n\n\n\n<div class=\"wp-block-uagb-container uagb-block-4c2f33b8 alignfull uagb-is-root-container\">\n<div class=\"wp-block-uagb-container uagb-block-1394af36\">\n<div class=\"wp-block-uagb-info-box uagb-block-6d841b72 uagb-infobox__content-wrap  uagb-infobox-icon-left uagb-infobox-left uagb-infobox-stacked-tablet uagb-infobox-image-valign-top\"><div class=\"uagb-ifb-icon-wrap\"><svg xmlns=\"https:\/\/www.w3.org\/2000\/svg\" viewBox=\"0 0 640 512\"><path d=\"M334.6 217.4l-30 27.49C264 282.1 217.8 256.8 202.9 240.6C176 211.2 178.1 165.7 207.3 138.9L289.1 64H282.5C224.7 64 169.1 86.95 128.2 127.8L32 128.1c-17.6 0-32 14.39-32 31.98v159.8c0 17.59 14.4 32.04 31.1 32.04l114.3-.0604l90.5 81.82c27.5 22.37 67.75 18.11 90-9.255l18.12 15.25c15.88 12.1 39.38 10.5 52.38-5.369l31.38-38.6l5.374 4.498c13.75 11 33.88 9.002 45-4.748l9.576-11.83c11.08-13.7 8.979-33.75-4.701-44.86L334.6 217.4zM608 128.1l-96-.1257c-40.98-40.96-96.56-63.88-154.5-63.88L348.9 64c-8 0-15.62 3.197-21.62 8.568L229 162.3C228.9 162.5 228.8 162.7 228.8 162.7C212 178.5 212.4 203.3 226.6 218.7c9.625 10.5 35 21.62 56.13 2.75c0-.125 .25-.125 .375-.25l80-73.1c6.5-5.871 16.62-5.496 22.62 1s5.5 16.62-1 22.62l-26.12 23.87l145.6 118.1c12.12 9.992 19.5 23.49 22.12 37.98L608 351.7c17.6 0 32-14.38 32-31.98V160.1C640 142.4 625.7 128.1 608 128.1z\"><\/path><\/svg><\/div><div class=\"uagb-ifb-content\"><div class=\"uagb-ifb-title-wrap\"><h3 class=\"uagb-ifb-title\">Negocia\u00e7\u00e3o<\/h3><\/div><p class=\"uagb-ifb-desc\">Saiba mais como podemos ajudar para que tenha mais sucesso em suas negocia\u00e7\u00f5es.<\/p><\/div><\/div>\n\n\n\n<div class=\"wp-block-uagb-buttons uagb-buttons__outer-wrap uagb-btn__default-btn uagb-btn-tablet__default-btn uagb-btn-mobile__default-btn uagb-block-52aba8fb\"><div class=\"uagb-buttons__wrap uagb-buttons-layout-wrap \">\n<div class=\"wp-block-uagb-buttons-child uagb-buttons__outer-wrap uagb-block-da4793c0 wp-block-button\"><div class=\"uagb-button__wrapper\"><a class=\"uagb-buttons-repeater wp-block-button__link\" aria-label=\"\" href=\"https:\/\/entregraos.com.br\/?page_id=2525\" rel=\"follow noopener\" target=\"_self\" role=\"button\"><div class=\"uagb-button__link\">Saiba Mais<\/div><\/a><\/div><\/div>\n<\/div><\/div>\n<\/div>\n<\/div>\n\n\n\n<div class=\"wp-block-uagb-info-box uagb-block-eb7bf765 uagb-infobox__content-wrap  uagb-infobox-icon-above-title uagb-infobox-image-valign-top\"><div class=\"uagb-ifb-content\"><div class=\"uagb-ifb-title-wrap\"><h3 class=\"uagb-ifb-title\"><br><\/h3><\/div><\/div><\/div>\n","protected":false},"excerpt":{"rendered":"","protected":false},"author":1,"featured_media":0,"parent":0,"menu_order":0,"comment_status":"closed","ping_status":"closed","template":"","meta":{"_eb_attr":"","om_disable_all_campaigns":false,"_uag_custom_page_level_css":"","_monsterinsights_skip_tracking":false,"_monsterinsights_sitenote_active":false,"_monsterinsights_sitenote_note":"","_monsterinsights_sitenote_category":0,"_uf_show_specific_survey":0,"_uf_disable_surveys":false,"site-sidebar-layout":"no-sidebar","site-content-layout":"","ast-site-content-layout":"full-width-container","site-content-style":"boxed","site-sidebar-style":"default","ast-global-header-display":"","ast-banner-title-visibility":"","ast-main-header-display":"","ast-hfb-above-header-display":"","ast-hfb-below-header-display":"","ast-hfb-mobile-header-display":"","site-post-title":"disabled","ast-breadcrumbs-content":"","ast-featured-img":"","footer-sml-layout":"","ast-disable-related-posts":"","theme-transparent-header-meta":"default","adv-header-id-meta":"","stick-header-meta":"","header-above-stick-meta":"","header-main-stick-meta":"","header-below-stick-meta":"","astra-migrate-meta-layouts":"set","ast-page-background-enabled":"default","ast-page-background-meta":{"desktop":{"background-color":"","background-image":"","background-repeat":"repeat","background-position":"center center","background-size":"auto","background-attachment":"scroll","background-type":"","background-media":"","overlay-type":"","overlay-color":"","overlay-opacity":"","overlay-gradient":""},"tablet":{"background-color":"","background-image":"","background-repeat":"repeat","background-position":"center center","background-size":"auto","background-attachment":"scroll","background-type":"","background-media":"","overlay-type":"","overlay-color":"","overlay-opacity":"","overlay-gradient":""},"mobile":{"background-color":"","background-image":"","background-repeat":"repeat","background-position":"center center","background-size":"auto","background-attachment":"scroll","background-type":"","background-media":"","overlay-type":"","overlay-color":"","overlay-opacity":"","overlay-gradient":""}},"ast-content-background-meta":{"desktop":{"background-color":"var(--ast-global-color-5)","background-image":"","background-repeat":"repeat","background-position":"center center","background-size":"auto","background-attachment":"scroll","background-type":"","background-media":"","overlay-type":"","overlay-color":"","overlay-opacity":"","overlay-gradient":""},"tablet":{"background-color":"var(--ast-global-color-5)","background-image":"","background-repeat":"repeat","background-position":"center center","background-size":"auto","background-attachment":"scroll","background-type":"","background-media":"","overlay-type":"","overlay-color":"","overlay-opacity":"","overlay-gradient":""},"mobile":{"background-color":"var(--ast-global-color-5)","background-image":"","background-repeat":"repeat","background-position":"center center","background-size":"auto","background-attachment":"scroll","background-type":"","background-media":"","overlay-type":"","overlay-color":"","overlay-opacity":"","overlay-gradient":""}},"footnotes":""},"uagb_featured_image_src":{"full":false,"thumbnail":false,"medium":false,"medium_large":false,"large":false,"1536x1536":false,"2048x2048":false},"uagb_author_info":{"display_name":"gulima08","author_link":"https:\/\/entregraos.com.br\/?author=1"},"uagb_comment_info":0,"uagb_excerpt":null,"_links":{"self":[{"href":"https:\/\/entregraos.com.br\/index.php?rest_route=\/wp\/v2\/pages\/1315"}],"collection":[{"href":"https:\/\/entregraos.com.br\/index.php?rest_route=\/wp\/v2\/pages"}],"about":[{"href":"https:\/\/entregraos.com.br\/index.php?rest_route=\/wp\/v2\/types\/page"}],"author":[{"embeddable":true,"href":"https:\/\/entregraos.com.br\/index.php?rest_route=\/wp\/v2\/users\/1"}],"replies":[{"embeddable":true,"href":"https:\/\/entregraos.com.br\/index.php?rest_route=%2Fwp%2Fv2%2Fcomments&post=1315"}],"version-history":[{"count":102,"href":"https:\/\/entregraos.com.br\/index.php?rest_route=\/wp\/v2\/pages\/1315\/revisions"}],"predecessor-version":[{"id":2535,"href":"https:\/\/entregraos.com.br\/index.php?rest_route=\/wp\/v2\/pages\/1315\/revisions\/2535"}],"wp:attachment":[{"href":"https:\/\/entregraos.com.br\/index.php?rest_route=%2Fwp%2Fv2%2Fmedia&parent=1315"}],"curies":[{"name":"wp","href":"https:\/\/api.w.org\/{rel}","templated":true}]}}