{"id":1312,"date":"2024-04-16T14:26:13","date_gmt":"2024-04-16T17:26:13","guid":{"rendered":"https:\/\/entregraos.com.br\/?page_id=1312"},"modified":"2025-03-13T17:29:57","modified_gmt":"2025-03-13T20:29:57","slug":"variedades-trigo-cerrado","status":"publish","type":"page","link":"https:\/\/entregraos.com.br\/?page_id=1312","title":{"rendered":"Variedades"},"content":{"rendered":"\n<div class=\"wp-block-uagb-info-box uagb-block-039d64de uagb-infobox__content-wrap  uagb-infobox-icon-below-title uagb-infobox-image-valign-middle\"><div class=\"uagb-ifb-content\"><div class=\"uagb-ifb-title-wrap\"><h2 class=\"uagb-ifb-title\">Variedades<\/h2><\/div><\/div><\/div>\n\n\n\n<div class=\"wp-block-uagb-image uagb-block-664ca563 wp-block-uagb-image--layout-default wp-block-uagb-image--effect-static wp-block-uagb-image--align-none\"><figure class=\"wp-block-uagb-image__figure\"><img decoding=\"async\" srcset=\"https:\/\/entregraos.com.br\/wp-content\/uploads\/2025\/02\/campo-variedades-2-1024x376.jpg ,https:\/\/entregraos.com.br\/wp-content\/uploads\/2025\/02\/campo-variedades-2.jpg 780w, https:\/\/entregraos.com.br\/wp-content\/uploads\/2025\/02\/campo-variedades-2.jpg 360w\" sizes=\"(max-width: 480px) 150px\" src=\"https:\/\/entregraos.com.br\/wp-content\/uploads\/2025\/02\/campo-variedades-2-1024x376.jpg\" alt=\"\" class=\"uag-image-1584\" width=\"691\" height=\"253\" title=\"campo variedades 2\" loading=\"lazy\" role=\"img\"\/><\/figure><\/div>\n\n\n\n<div class=\"wp-block-uagb-info-box uagb-block-308d68c1 uagb-infobox__content-wrap  uagb-infobox-icon-above-title uagb-infobox-image-valign-top\"><div class=\"uagb-ifb-content\"><div class=\"uagb-ifb-title-wrap\"><\/div><p class=\"uagb-ifb-desc\"><br>O Cerrado Brasileiro \u00e9 uma regi\u00e3o com clima de clara distin\u00e7\u00e3o em a esta\u00e7\u00e3o seca e chuvosa.<br>Geralmente a primeira vai de Maio a Setembro e a segunda de Outubro a Abril, podendo haver varia\u00e7\u00f5es.<br><br>Esse regime de chuvas, juntamente com as temperaturas mais altas, gera uma grande distin\u00e7\u00e3o com o Sul do Brasil, maior regi\u00e3o produtora do pa\u00eds. Portanto que h\u00e1 de se avaliar com cuidado quando uma mesma variedade \u00e9 utilizada em ambas as regi\u00f5es, pois poder\u00e1 ter desempenho diferente.<br>\u00a0<br>Dessa forma, listamos a seguir algumas variedades que s\u00e3o j\u00e1 plenamente adaptados ao Cerrado e s\u00e3o comprovadamente aceitas pelos moinhos.<br>Demais n\u00e3o listadas abaixo s\u00e3o mais antigas e com pouca express\u00e3o, ou s\u00e3o mais recentes e ainda sem a aprova\u00e7\u00e3o plena por parte dos moinhos.<\/p><\/div><\/div>\n\n\n\t\t\t\t\t<div\n\t\t\t\t\t\tclass=\"wp-block-uagb-image-gallery uagb-block-c490c2bf     \"\n\t\t\t\t\t\tstyle=\"\"\n\t\t\t\t\t>\n\t\t\t\t\t\t\t\t\t\t\t<div class=\"spectra-image-gallery spectra-image-gallery__layout--carousel\">\n\t\t\t\t\t\t\t\t<div class=\"uagb-slick-carousel uagb-block-c490c2bf\">\n\t\t\t\t\t\t\t\t\t\t\t\t<div class='spectra-image-gallery__media-wrapper' data-spectra-gallery-image-id='1979'>\n\t\t\t\t\t\t\t<div class=\"spectra-image-gallery__media spectra-image-gallery__media--carousel\">\n\t\t\t\t<picture>\n\t\t\t\t\t<source media=\"(min-width: 1024px)\" srcset=\"https:\/\/entregraos.com.br\/wp-content\/uploads\/2025\/02\/trigo-3.3.jpg\">\n\t\t\t\t\t<source media=\"(min-width: 768px)\" srcset=\"https:\/\/entregraos.com.br\/wp-content\/uploads\/2025\/02\/trigo-3.3.jpg\">\n\t\t\t\t\t<img decoding=\"async\" class=\"spectra-image-gallery__media-thumbnail spectra-image-gallery__media-thumbnail--carousel\" src=\"https:\/\/entregraos.com.br\/wp-content\/uploads\/2025\/02\/trigo-3.3-300x214.jpg\" alt=\"\" loading=\"lazy\" \/>\n\t\t\t\t<\/picture>\n\t\t\t\t<div class=\"spectra-image-gallery__media-thumbnail-blurrer\"><\/div>\n\t\t\t\t\t\t\t\t\t\t\t<div class=\"spectra-image-gallery__media-thumbnail-caption-wrapper spectra-image-gallery__media-thumbnail-caption-wrapper--overlay\"><\/div>\n\t\t\t\t\t\t\t\t<\/div>\n\t\t\t\t\t\t<\/div>\n\t\t\t\t\t\t<div class='spectra-image-gallery__media-wrapper' data-spectra-gallery-image-id='1980'>\n\t\t\t\t\t\t\t<div class=\"spectra-image-gallery__media spectra-image-gallery__media--carousel\">\n\t\t\t\t<picture>\n\t\t\t\t\t<source media=\"(min-width: 1024px)\" srcset=\"https:\/\/entregraos.com.br\/wp-content\/uploads\/2025\/02\/Trigo-2.2.jpg\">\n\t\t\t\t\t<source media=\"(min-width: 768px)\" srcset=\"https:\/\/entregraos.com.br\/wp-content\/uploads\/2025\/02\/Trigo-2.2.jpg\">\n\t\t\t\t\t<img decoding=\"async\" class=\"spectra-image-gallery__media-thumbnail spectra-image-gallery__media-thumbnail--carousel\" src=\"https:\/\/entregraos.com.br\/wp-content\/uploads\/2025\/02\/Trigo-2.2-300x169.jpg\" alt=\"\" loading=\"lazy\" \/>\n\t\t\t\t<\/picture>\n\t\t\t\t<div class=\"spectra-image-gallery__media-thumbnail-blurrer\"><\/div>\n\t\t\t\t\t\t\t\t\t\t\t<div class=\"spectra-image-gallery__media-thumbnail-caption-wrapper spectra-image-gallery__media-thumbnail-caption-wrapper--overlay\"><\/div>\n\t\t\t\t\t\t\t\t<\/div>\n\t\t\t\t\t\t<\/div>\n\t\t\t\t\t\t<div class='spectra-image-gallery__media-wrapper' data-spectra-gallery-image-id='1981'>\n\t\t\t\t\t\t\t<div class=\"spectra-image-gallery__media spectra-image-gallery__media--carousel\">\n\t\t\t\t<picture>\n\t\t\t\t\t<source media=\"(min-width: 1024px)\" srcset=\"https:\/\/entregraos.com.br\/wp-content\/uploads\/2025\/02\/trigo-1.1.jpg\">\n\t\t\t\t\t<source media=\"(min-width: 768px)\" srcset=\"https:\/\/entregraos.com.br\/wp-content\/uploads\/2025\/02\/trigo-1.1.jpg\">\n\t\t\t\t\t<img decoding=\"async\" class=\"spectra-image-gallery__media-thumbnail spectra-image-gallery__media-thumbnail--carousel\" src=\"https:\/\/entregraos.com.br\/wp-content\/uploads\/2025\/02\/trigo-1.1-300x200.jpg\" alt=\"\" loading=\"lazy\" \/>\n\t\t\t\t<\/picture>\n\t\t\t\t<div class=\"spectra-image-gallery__media-thumbnail-blurrer\"><\/div>\n\t\t\t\t\t\t\t\t\t\t\t<div class=\"spectra-image-gallery__media-thumbnail-caption-wrapper spectra-image-gallery__media-thumbnail-caption-wrapper--overlay\"><\/div>\n\t\t\t\t\t\t\t\t<\/div>\n\t\t\t\t\t\t<\/div>\n\t\t\t\t\t\t\t\t\t\t\t<\/div>\n\t\t\t\t\t\t\t<\/div>\n\t\t\t\t\t\t\t\t\t\t\t<\/div>\n\t\t\t\t\t\t\t\t\t\n\n\n<div class=\"wp-block-uagb-info-box uagb-block-e1914e89 uagb-infobox__content-wrap  uagb-infobox-icon-above-title uagb-infobox-image-valign-top\"><div class=\"uagb-ifb-content\"><div class=\"uagb-ifb-title-wrap\"><\/div><p class=\"uagb-ifb-desc\"><br>H\u00e1 de se explicar que mesmo essas muito recentes tamb\u00e9m podem ser comercializadas e aceitas pelos compradores, at\u00e9 porque estes fazem uma an\u00e1lise completa antes do recebimento. <br>A quest\u00e3o \u00e9 avaliar o risco em se plantar grandes extens\u00f5es destas ainda n\u00e3o plenamente aprovadas, do ponto de vista industrial e tamb\u00e9m agron\u00f4mico.<br><br>Testes com novos cultivares s\u00e3o muito importantes, e s\u00e3o a base do desenvolvimento e avan\u00e7o tecnol\u00f3gico que tivemos, inclusive sempre buscam introduzir benef\u00edcios importantes \u00e0 cultura. O ponto \u00e9 que devem preferencialmente ser consideradas gradativamente at\u00e9 sua aprova\u00e7\u00e3o mais ampla.<br><br>Para d\u00favidas ou aquisi\u00e7\u00e3o de sementes, entrem em contato conosco!<\/p><\/div><\/div>\n\n\n\n<div class=\"wp-block-uagb-container uagb-block-018b9829 alignfull uagb-is-root-container\"><div class=\"uagb-container-inner-blocks-wrap\"><\/div><\/div>\n\n\n\n<div class=\"wp-block-uagb-info-box uagb-block-e4341530 uagb-infobox__content-wrap  uagb-infobox-icon-above-title uagb-infobox-image-valign-top\"><div class=\"uagb-ifb-content\"><div class=\"uagb-ifb-image-content\"><img decoding=\"async\" src=\"https:\/\/entregraos.com.br\/wp-content\/uploads\/2025\/02\/BRS-264.png\" alt=\"\" width=\"\" height=\"0\" loading=\"lazy\"\/><\/div><div class=\"uagb-ifb-title-wrap\"><\/div><div class=\"uagb-ifb-separator\"><\/div><p class=\"uagb-ifb-desc\"><br>Desenvolvida pela Embrapa Trigo e lan\u00e7ada em 2006, o BRS 264 , \u00e9 certamente a variedade mais famosa, pois foi amplamente utilizada durante toda a fase de expans\u00e3o mais recente do trigo no Cerrado. &nbsp;<br>Isso em raz\u00e3o da sua excelente qualidade industrial, sendo a preferida dos moinhos, e tamb\u00e9m por sua excelente produtividade, e ainda costuma ser a mais plantada e \u00e9 a referencia para toda nova variedade a ser lan\u00e7ada.<br><br>O grande problema \u00e9 a grande suscetibilidade \u00e0 brusone. Em anos de grande incid\u00eancia, ou se plantada fora da janela adequada ela tende a ser muito afetada.<br><br>Seu ciclo \u00e9 super precoce, com espigamento em 40 dias e matura\u00e7\u00e3o em 110 dias. Apresenta altura m\u00e9dia de planta de 90 cm, moderada resist\u00eancia ao acamamento, espiga aristada e fusiforme, o gr\u00e3o classificado como vermelho e duro.<br><br>Deve ser segregado para obter melhor ganho comercial.<\/p><\/div><\/div>\n\n\n\n<div class=\"wp-block-uagb-info-box uagb-block-8a8b8ebd uagb-infobox__content-wrap  uagb-infobox-icon-above-title uagb-infobox-image-valign-top\"><div class=\"uagb-ifb-content\"><div class=\"uagb-ifb-title-wrap\"><\/div><\/div><\/div>\n\n\n\n<div class=\"wp-block-uagb-container uagb-block-71833240 alignfull uagb-is-root-container\"><div class=\"uagb-container-inner-blocks-wrap\"><\/div><\/div>\n\n\n\n<div class=\"wp-block-uagb-info-box uagb-block-bd3cd64f uagb-infobox__content-wrap  uagb-infobox-icon-above-title uagb-infobox-image-valign-top\"><div class=\"uagb-ifb-content\"><div class=\"uagb-ifb-image-content\"><img decoding=\"async\" src=\"https:\/\/entregraos.com.br\/wp-content\/uploads\/2025\/02\/BRS-404.png\" alt=\"\" width=\"\" height=\"0\" loading=\"lazy\"\/><\/div><div class=\"uagb-ifb-title-wrap\"><\/div><div class=\"uagb-ifb-separator\"><\/div><p class=\"uagb-ifb-desc\">Essa cultivar, desenvolvida para o cultivo trigo sequeiro no Cerrado, apresenta ciclo precoce, classe comercial p\u00e3o e estabilidade na produ\u00e7\u00e3o de farinha, com boa aceita\u00e7\u00e3o pelo mercado.&nbsp;<br>Tem uma das melhores performances em per\u00edodos de stress h\u00eddrico. \u00c9 adaptada para plantio na regi\u00e3o IV de VCU que abrange DF, GO e MG.&nbsp;<br><br>As principais caracter\u00edsticas s\u00e3o ciclo precoce (com varia\u00e7\u00e3o de 50 a 60 dias para a dura\u00e7\u00e3o do subper\u00edodo da semeadura ao espigamento, enquanto a dura\u00e7\u00e3o do ciclo total pode variar de 110 a 120 dias, dependendo do local e da altitude onde for cultivada). A altura m\u00e9dia das plantas \u00e9 de 90 cm, sendo resistente ao acamamento e suscet\u00edvel ao crestamento.<br><br>O gr\u00e3o \u00e9 de colora\u00e7\u00e3o vermelha e se caracteriza por ser resistente \u00e0 germina\u00e7\u00e3o e \u00e0 debulha em pr\u00e9-colheita. \u00c9 moderadamente suscet\u00edvel \u00e0 brusone.<\/p><\/div><\/div>\n\n\n\n<div class=\"wp-block-uagb-container uagb-block-d1c93482 alignfull uagb-is-root-container\"><div class=\"uagb-container-inner-blocks-wrap\"><\/div><\/div>\n\n\n\n<div class=\"wp-block-uagb-info-box uagb-block-994e9f96 uagb-infobox__content-wrap  uagb-infobox-icon-above-title uagb-infobox-image-valign-top\"><div class=\"uagb-ifb-content\"><div class=\"uagb-ifb-image-content\"><img decoding=\"async\" src=\"https:\/\/entregraos.com.br\/wp-content\/uploads\/2025\/02\/Tbio-Duque-300x120.png\" alt=\"\" width=\"\" height=\"0\" loading=\"lazy\"\/><\/div><div class=\"uagb-ifb-title-wrap\"><\/div><div class=\"uagb-ifb-separator\"><\/div><p class=\"uagb-ifb-desc\">Desenvolvido pela Biotrigo, o Duque tem ciclo precoce, destacando-se por a variedade com maior toler\u00e2ncia \u00e0 brusone hoje dispon\u00edvel, sendo a refer\u00eancia nessa quest\u00e3o.<br>Justamente por isso, \u00e9 bem recomendada para abertura de plantio (mais cedo) em v\u00e1rias localidades.<br>\u00c9 um trigo branqueador, o que costuma ser valorizado pelos moinhos, no entanto deve ter seu mercado acompanhado.<br>As principais caracter\u00edsticas s\u00e3o ciclo precoce com ciclo total por volta de 110 dias, estatura m\u00e9dia, podendo ser usado no sequeiro ou irrigado.<br>&nbsp;<br>Seu ponto de aten\u00e7\u00e3o \u00e9 quanto \u00e0 boa fertilidade que se exige para performar bem e a obrigatoriedade em segreg\u00e1-lo das demais variedades, do contr\u00e1rio ele perde todo o seu valor comercial e sua liquidez fica comprometida.<\/p><\/div><\/div>\n\n\n\n<div class=\"wp-block-uagb-container uagb-block-0fc3a3b2 alignfull uagb-is-root-container\"><div class=\"uagb-container-inner-blocks-wrap\"><\/div><\/div>\n\n\n\n<div class=\"wp-block-uagb-info-box uagb-block-6c7204cf uagb-infobox__content-wrap  uagb-infobox-icon-above-title uagb-infobox-image-valign-top\"><div class=\"uagb-ifb-content\"><div class=\"uagb-ifb-image-content\"><img decoding=\"async\" src=\"https:\/\/entregraos.com.br\/wp-content\/uploads\/2025\/02\/Tbio-Aton-300x169.png\" alt=\"\" width=\"\" height=\"0\" loading=\"lazy\"\/><\/div><div class=\"uagb-ifb-title-wrap\"><\/div><div class=\"uagb-ifb-separator\"><\/div><p class=\"uagb-ifb-desc\">Desenvolvido pela Biotrigo com \u00eanfase no Cerrado, o ATON tem boa performance de panifica\u00e7\u00e3o, e boa toler\u00e2ncia \u00e0 brusone de espiga.<br><br>Seu ciclo m\u00e9dio se completa por volta de 125 dias, performando bem no sequeiro e irrigado. Suscetibilidade \u00e0s Manchas Foliares, sendo importante o uso de fungicida preventivo e o tratamento de semente.<br><br>Seu ponto de aten\u00e7\u00e3o \u00e9 quanto \u00e0 cor naturalmente mais escura, ainda mais em anos mais secos. Assim como as demais, tem boa aceita\u00e7\u00e3o pelos moinhos, mas vale ter seu mercado acompanhado.<\/p><\/div><\/div>\n\n\n\n<div class=\"wp-block-uagb-container uagb-block-f9de0817 alignfull uagb-is-root-container\"><div class=\"uagb-container-inner-blocks-wrap\"><\/div><\/div>\n\n\n\n<div class=\"wp-block-uagb-info-box uagb-block-e42051cc uagb-infobox__content-wrap  uagb-infobox-icon-above-title uagb-infobox-image-valign-top\"><div class=\"uagb-ifb-content\"><div class=\"uagb-ifb-image-content\"><img decoding=\"async\" src=\"https:\/\/entregraos.com.br\/wp-content\/uploads\/2025\/02\/Tbio-Calibre-300x120.png\" alt=\"\" width=\"\" height=\"0\" loading=\"lazy\"\/><\/div><div class=\"uagb-ifb-title-wrap\"><\/div><div class=\"uagb-ifb-separator\"><\/div><p class=\"uagb-ifb-desc\">Tamb\u00e9m da Biotrigo, j\u00e1 \u00e9 encontrada em mais regi\u00f5es do Brasil. Pode ser plantado no irrigado e no sequeiro (indicado em \u00e1reas acima de 800m) e tem boa toler\u00e2ncia \u00e0 brusone na espiga.<br>&nbsp;<br>\u00c9 uma variedade aprovada pelos moinhos como adequada para panifica\u00e7\u00e3o, e tem cor melhor que o Aton. De toda forma, importante ter seu mercado acompanhado para confirmar sua performance industrial nas pr\u00f3ximas safras.<br>&nbsp;<br>Tem ciclo precoce, boa toler\u00e2ncia \u00e0 brusone e m\u00e9dia para manchas foliares.<\/p><\/div><\/div>\n\n\n\n<div class=\"wp-block-uagb-container uagb-block-fd6c363f alignfull uagb-is-root-container\"><div class=\"uagb-container-inner-blocks-wrap\"><\/div><\/div>\n\n\n\n<div class=\"wp-block-uagb-info-box uagb-block-1fec568c uagb-infobox__content-wrap  uagb-infobox-icon-above-title uagb-infobox-image-valign-top\"><div class=\"uagb-ifb-content\"><div class=\"uagb-ifb-image-content\"><img decoding=\"async\" src=\"https:\/\/entregraos.com.br\/wp-content\/uploads\/2025\/02\/ORS-Feroz-300x121.webp\" alt=\"\" width=\"\" height=\"0\" loading=\"lazy\"\/><\/div><div class=\"uagb-ifb-title-wrap\"><\/div><div class=\"uagb-ifb-separator\"><\/div><p class=\"uagb-ifb-desc\">Desenvolvida pela ORS Sementes, o Feroz tem bom desempenho industrial, gerando uma boa farinha para panifica\u00e7\u00e3o. Tem boa adaptabilidade ao clima, podendo ser cultivado em diversas regi\u00f5es.<br><br>Performa bem com stress h\u00eddrico comparado \u00e0s demais, e \u00e9 indicado para o sequeiro. Tem boa toler\u00e2ncia \u00e0 brusone e manchas foliares.<\/p><\/div><\/div>\n\n\n\n<div class=\"wp-block-uagb-container uagb-block-bb794a68 alignfull uagb-is-root-container\"><div class=\"uagb-container-inner-blocks-wrap\"><\/div><\/div>\n","protected":false},"excerpt":{"rendered":"","protected":false},"author":1,"featured_media":0,"parent":0,"menu_order":0,"comment_status":"closed","ping_status":"closed","template":"","meta":{"_eb_attr":"","om_disable_all_campaigns":false,"_uag_custom_page_level_css":"","_monsterinsights_skip_tracking":false,"_monsterinsights_sitenote_active":false,"_monsterinsights_sitenote_note":"","_monsterinsights_sitenote_category":0,"_uf_show_specific_survey":0,"_uf_disable_surveys":false,"site-sidebar-layout":"default","site-content-layout":"","ast-site-content-layout":"default","site-content-style":"default","site-sidebar-style":"default","ast-global-header-display":"","ast-banner-title-visibility":"","ast-main-header-display":"","ast-hfb-above-header-display":"","ast-hfb-below-header-display":"","ast-hfb-mobile-header-display":"","site-post-title":"disabled","ast-breadcrumbs-content":"","ast-featured-img":"","footer-sml-layout":"","ast-disable-related-posts":"","theme-transparent-header-meta":"","adv-header-id-meta":"","stick-header-meta":"","header-above-stick-meta":"","header-main-stick-meta":"","header-below-stick-meta":"","astra-migrate-meta-layouts":"set","ast-page-background-enabled":"default","ast-page-background-meta":{"desktop":{"background-color":"","background-image":"","background-repeat":"repeat","background-position":"center center","background-size":"auto","background-attachment":"scroll","background-type":"","background-media":"","overlay-type":"","overlay-color":"","overlay-opacity":"","overlay-gradient":""},"tablet":{"background-color":"","background-image":"","background-repeat":"repeat","background-position":"center center","background-size":"auto","background-attachment":"scroll","background-type":"","background-media":"","overlay-type":"","overlay-color":"","overlay-opacity":"","overlay-gradient":""},"mobile":{"background-color":"","background-image":"","background-repeat":"repeat","background-position":"center center","background-size":"auto","background-attachment":"scroll","background-type":"","background-media":"","overlay-type":"","overlay-color":"","overlay-opacity":"","overlay-gradient":""}},"ast-content-background-meta":{"desktop":{"background-color":"var(--ast-global-color-5)","background-image":"","background-repeat":"repeat","background-position":"center center","background-size":"auto","background-attachment":"scroll","background-type":"","background-media":"","overlay-type":"","overlay-color":"","overlay-opacity":"","overlay-gradient":""},"tablet":{"background-color":"var(--ast-global-color-5)","background-image":"","background-repeat":"repeat","background-position":"center center","background-size":"auto","background-attachment":"scroll","background-type":"","background-media":"","overlay-type":"","overlay-color":"","overlay-opacity":"","overlay-gradient":""},"mobile":{"background-color":"var(--ast-global-color-5)","background-image":"","background-repeat":"repeat","background-position":"center center","background-size":"auto","background-attachment":"scroll","background-type":"","background-media":"","overlay-type":"","overlay-color":"","overlay-opacity":"","overlay-gradient":""}},"footnotes":""},"uagb_featured_image_src":{"full":false,"thumbnail":false,"medium":false,"medium_large":false,"large":false,"1536x1536":false,"2048x2048":false},"uagb_author_info":{"display_name":"gulima08","author_link":"https:\/\/entregraos.com.br\/?author=1"},"uagb_comment_info":0,"uagb_excerpt":null,"_links":{"self":[{"href":"https:\/\/entregraos.com.br\/index.php?rest_route=\/wp\/v2\/pages\/1312"}],"collection":[{"href":"https:\/\/entregraos.com.br\/index.php?rest_route=\/wp\/v2\/pages"}],"about":[{"href":"https:\/\/entregraos.com.br\/index.php?rest_route=\/wp\/v2\/types\/page"}],"author":[{"embeddable":true,"href":"https:\/\/entregraos.com.br\/index.php?rest_route=\/wp\/v2\/users\/1"}],"replies":[{"embeddable":true,"href":"https:\/\/entregraos.com.br\/index.php?rest_route=%2Fwp%2Fv2%2Fcomments&post=1312"}],"version-history":[{"count":40,"href":"https:\/\/entregraos.com.br\/index.php?rest_route=\/wp\/v2\/pages\/1312\/revisions"}],"predecessor-version":[{"id":2260,"href":"https:\/\/entregraos.com.br\/index.php?rest_route=\/wp\/v2\/pages\/1312\/revisions\/2260"}],"wp:attachment":[{"href":"https:\/\/entregraos.com.br\/index.php?rest_route=%2Fwp%2Fv2%2Fmedia&parent=1312"}],"curies":[{"name":"wp","href":"https:\/\/api.w.org\/{rel}","templated":true}]}}