{"id":1281,"date":"2024-04-15T16:14:32","date_gmt":"2024-04-15T19:14:32","guid":{"rendered":"https:\/\/entregraos.com.br\/?page_id=1281"},"modified":"2025-03-13T17:26:00","modified_gmt":"2025-03-13T20:26:00","slug":"vantagens-plantio-trigo","status":"publish","type":"page","link":"https:\/\/entregraos.com.br\/?page_id=1281","title":{"rendered":"Vantagens no Plantio"},"content":{"rendered":"\n<div class=\"wp-block-uagb-info-box uagb-block-2c0bc170 uagb-infobox__content-wrap  uagb-infobox-icon-below-title uagb-infobox-image-valign-top\"><div class=\"uagb-ifb-content\"><div class=\"uagb-ifb-title-wrap\"><h3 class=\"uagb-ifb-title\">Vantagens em Plantar Trigo<br><br><\/h3><\/div><\/div><\/div>\n\n\n\n<div class=\"wp-block-uagb-image uagb-block-39034e6b wp-block-uagb-image--layout-default wp-block-uagb-image--effect-static wp-block-uagb-image--align-none\"><figure class=\"wp-block-uagb-image__figure\"><img decoding=\"async\" srcset=\"https:\/\/entregraos.com.br\/wp-content\/uploads\/2025\/02\/maquina-terra-zoom-2.jpg ,https:\/\/entregraos.com.br\/wp-content\/uploads\/2025\/02\/maquina-terra-zoom-2.jpg 780w, https:\/\/entregraos.com.br\/wp-content\/uploads\/2025\/02\/maquina-terra-zoom-2.jpg 360w\" sizes=\"(max-width: 480px) 150px\" src=\"https:\/\/entregraos.com.br\/wp-content\/uploads\/2025\/02\/maquina-terra-zoom-2.jpg\" alt=\"\" class=\"uag-image-1615\" width=\"678\" height=\"387\" title=\"maquina terra zoom\" loading=\"lazy\" role=\"img\"\/><\/figure><\/div>\n\n\n\n<div class=\"wp-block-uagb-info-box uagb-block-efd31591 uagb-infobox__content-wrap  uagb-infobox-icon-below-title uagb-infobox-image-valign-top\"><div class=\"uagb-ifb-content\"><div class=\"uagb-ifb-title-wrap\"><\/div><p class=\"uagb-ifb-desc\"><br><br>Segundo especialistas, manter o solo coberto como forma de prote\u00e7\u00e3o e fertiliza\u00e7\u00e3o vai garantir uma safra mais produtiva no ver\u00e3o.<br>A explica\u00e7\u00e3o \u00e9 que as culturas de inverno, quando bem preparadas, desempenham um papel importante na produ\u00e7\u00e3o de palhada, formando biomassa sobre a superf\u00edcie, al\u00e9m de atuar na corre\u00e7\u00e3o e fertilidade de perfil de solo. <br>Consequentemente, isso ocasiona um aumento do potencial produtivo para a pr\u00f3xima cultura de ver\u00e3o.<br><br>A seguir alguns detalhes da contribui\u00e7\u00e3o das culturas de inverno para o sistema produtivo:<\/p><\/div><\/div>\n\n\n\n<div class=\"wp-block-uagb-container uagb-block-7cb62e9b alignfull uagb-is-root-container\"><div class=\"uagb-container-inner-blocks-wrap\">\n<div class=\"wp-block-uagb-container uagb-block-5762541d\">\n<div class=\"wp-block-uagb-info-box uagb-block-4a8028dd uagb-infobox__content-wrap  uagb-infobox-icon-above-title uagb-infobox-image-valign-top\"><div class=\"uagb-ifb-content\"><div class=\"uagb-ifb-image-content\"><img decoding=\"async\" src=\"https:\/\/entregraos.com.br\/wp-content\/uploads\/2025\/02\/raiz-trigo-135x300.jpg\" alt=\"\" width=\"\" height=\"0\" loading=\"lazy\"\/><\/div><div class=\"uagb-ifb-title-wrap\"><\/div><\/div><\/div>\n\n\n\n<div class=\"wp-block-uagb-info-box uagb-block-f2ea081b uagb-infobox__content-wrap  uagb-infobox-icon-above-title uagb-infobox-image-valign-top\"><div class=\"uagb-ifb-content\"><div class=\"uagb-ifb-title-wrap\"><h3 class=\"uagb-ifb-title\"><strong>Melhoria da Qualidade do Solo<\/strong><\/h3><\/div><p class=\"uagb-ifb-desc\"> O trigo, com seu sistema radicular profundo e denso, promove uma melhor estrutura\u00e7\u00e3o do solo. Isso resulta em maior infiltra\u00e7\u00e3o de \u00e1gua, redu\u00e7\u00e3o da compacta\u00e7\u00e3o e, consequentemente, menor eros\u00e3o. Para a soja plantada em sucess\u00e3o, isso significa um solo com melhor capacidade de reten\u00e7\u00e3o de \u00e1gua e nutrientes, o que pode contribuir para o aumento da produtividade.<\/p><\/div><\/div>\n<\/div>\n\n\n\n<div class=\"wp-block-uagb-container uagb-layout-flex uagb-block-29ebfb41\"><\/div>\n\n\n\n<div class=\"wp-block-uagb-container uagb-block-fd448f03\">\n<div class=\"wp-block-uagb-info-box uagb-block-212e3905 uagb-infobox__content-wrap  uagb-infobox-icon-above-title uagb-infobox-image-valign-top\"><div class=\"uagb-ifb-content\"><div class=\"uagb-ifb-image-content\"><img decoding=\"async\" src=\"https:\/\/entregraos.com.br\/wp-content\/uploads\/2025\/02\/maos-segurando-planta-1-150x150.jpg\" alt=\"\" width=\"\" height=\"0\" loading=\"lazy\"\/><\/div><div class=\"uagb-ifb-title-wrap\"><\/div><\/div><\/div>\n<\/div>\n\n\n\n<div class=\"wp-block-uagb-container uagb-block-144bbeb1\">\n<div class=\"wp-block-uagb-info-box uagb-block-7311e213 uagb-infobox__content-wrap  uagb-infobox-icon-above-title uagb-infobox-image-valign-top\"><div class=\"uagb-ifb-content\"><div class=\"uagb-ifb-title-wrap\"><h3 class=\"uagb-ifb-title\"><strong>Ciclagem de Nutrientes<\/strong><\/h3><\/div><p class=\"uagb-ifb-desc\">A decomposi\u00e7\u00e3o da palhada do trigo libera nutrientes lentamente, o que pode ser particularmente ben\u00e9fico para a soja plantada posteriormente em seu ciclo de crescimento.<\/p><\/div><\/div>\n<\/div>\n<\/div><\/div>\n\n\n\n<div class=\"wp-block-uagb-container uagb-block-ea8e7d03 alignfull uagb-is-root-container\"><div class=\"uagb-container-inner-blocks-wrap\">\n<div class=\"wp-block-uagb-container uagb-block-68799fff\">\n<div class=\"wp-block-uagb-info-box uagb-block-665b34b2 uagb-infobox__content-wrap  uagb-infobox-icon-above-title uagb-infobox-image-valign-top\"><div class=\"uagb-ifb-content\"><div class=\"uagb-ifb-image-content\"><img decoding=\"async\" src=\"https:\/\/entregraos.com.br\/wp-content\/uploads\/2025\/02\/capim-amargoso-2-150x150.jpg\" alt=\"\" width=\"\" height=\"0\" loading=\"lazy\"\/><\/div><div class=\"uagb-ifb-title-wrap\"><\/div><\/div><\/div>\n\n\n\n<div class=\"wp-block-uagb-info-box uagb-block-75b1c3ef uagb-infobox__content-wrap  uagb-infobox-icon-above-title uagb-infobox-image-valign-top\"><div class=\"uagb-ifb-content\"><div class=\"uagb-ifb-title-wrap\"><h3 class=\"uagb-ifb-title\"><strong><strong>Controle de Ervas Daninhas<\/strong><\/strong><\/h3><\/div><p class=\"uagb-ifb-desc\"> O trigo oferece cobertura ao solo em um per\u00edodo em que muitas ervas daninhas comuns nos cultivos de ver\u00e3o est\u00e3o em dorm\u00eancia. Isso reduz significativamente a popula\u00e7\u00e3o de ervas daninhas, diminuindo a necessidade de herbicidas no cultivo subsequente da soja, o que representa uma economia de custos e um benef\u00edcio ambiental.<\/p><\/div><\/div>\n<\/div>\n\n\n\n<div class=\"wp-block-uagb-container uagb-block-e6d9fbf5\"><\/div>\n\n\n\n<div class=\"wp-block-uagb-container uagb-block-ad29d2db\">\n<div class=\"wp-block-uagb-info-box uagb-block-a9171161 uagb-infobox__content-wrap  uagb-infobox-icon-above-title uagb-infobox-image-valign-top\"><div class=\"uagb-ifb-content\"><div class=\"uagb-ifb-image-content\"><img decoding=\"async\" src=\"https:\/\/entregraos.com.br\/wp-content\/uploads\/2025\/02\/rotacao-cultura-150x150.jpg\" alt=\"\" width=\"\" height=\"0\" loading=\"lazy\"\/><\/div><div class=\"uagb-ifb-title-wrap\"><\/div><\/div><\/div>\n<\/div>\n\n\n\n<div class=\"wp-block-uagb-container uagb-block-9e5734dd\">\n<div class=\"wp-block-uagb-info-box uagb-block-1cc27b0f uagb-infobox__content-wrap  uagb-infobox-icon-above-title uagb-infobox-image-valign-top\"><div class=\"uagb-ifb-content\"><div class=\"uagb-ifb-title-wrap\"><h3 class=\"uagb-ifb-title\"><strong><strong>Rota\u00e7\u00e3o e o Ciclo de Doen\u00e7as e Pragas<\/strong><\/strong><\/h3><\/div><p class=\"uagb-ifb-desc\">A inclus\u00e3o do trigo na rota\u00e7\u00e3o de culturas pode quebrar o ciclo de doen\u00e7as e pragas espec\u00edficas da soja e de outras monoculturas. Isso se deve ao fato de que muitos pat\u00f3genos e pragas s\u00e3o espec\u00edficos de uma cultura e, na aus\u00eancia de seu hospedeiro principal (como a soja), sua popula\u00e7\u00e3o tende a diminuir, reduzindo a press\u00e3o de infesta\u00e7\u00e3o no ciclo subsequente.<\/p><\/div><\/div>\n<\/div>\n<\/div><\/div>\n\n\n\n<div class=\"wp-block-uagb-container uagb-block-cf9912ee alignfull uagb-is-root-container\"><div class=\"uagb-container-inner-blocks-wrap\">\n<div class=\"wp-block-uagb-info-box uagb-block-377865eb uagb-infobox__content-wrap  uagb-infobox-icon-above-title uagb-infobox-image-valign-top\"><div class=\"uagb-ifb-content\"><div class=\"uagb-ifb-image-content\"><img decoding=\"async\" src=\"https:\/\/entregraos.com.br\/wp-content\/uploads\/2025\/02\/melhoria-nutricional-solo-300x172.jpg\" alt=\"\" width=\"\" height=\"0\" loading=\"lazy\"\/><\/div><div class=\"uagb-ifb-title-wrap\"><\/div><\/div><\/div>\n\n\n\n<div class=\"wp-block-uagb-container uagb-block-7634db42\">\n<div class=\"wp-block-uagb-info-box uagb-block-fd4d443d uagb-infobox__content-wrap  uagb-infobox-icon-above-title uagb-infobox-image-valign-top\"><div class=\"uagb-ifb-content\"><div class=\"uagb-ifb-title-wrap\"><h3 class=\"uagb-ifb-title\"><strong><strong><strong>Melhoria Nutricional do Solo<\/strong><\/strong><\/strong><\/h3><\/div><p class=\"uagb-ifb-desc\"> O trigo pode atuar como uma cultura de cobertura, adicionando mat\u00e9ria org\u00e2nica ao solo quando incorporado ap\u00f3s a colheita. Isso melhora a sa\u00fade do solo, aumentando a disponibilidade de nutrientes para a soja plantada em sequ\u00eancia. Especificamente, a decomposi\u00e7\u00e3o da biomassa do trigo pode liberar nutrientes essenciais como nitrog\u00eanio, f\u00f3sforo e pot\u00e1ssio, que s\u00e3o ben\u00e9ficos para a soja<\/p><\/div><\/div>\n<\/div>\n\n\n\n<div class=\"wp-block-uagb-container uagb-block-c2d45a68\"><\/div>\n\n\n\n<div class=\"wp-block-uagb-container uagb-block-70da02ec\">\n<div class=\"wp-block-uagb-info-box uagb-block-07748bad uagb-infobox__content-wrap  uagb-infobox-icon-above-title uagb-infobox-image-valign-top\"><div class=\"uagb-ifb-content\"><div class=\"uagb-ifb-image-content\"><img decoding=\"async\" src=\"https:\/\/entregraos.com.br\/wp-content\/uploads\/2025\/02\/cliclo-curto-trigo-150x150.jpg\" alt=\"\" width=\"\" height=\"0\" loading=\"lazy\"\/><\/div><div class=\"uagb-ifb-title-wrap\"><\/div><\/div><\/div>\n<\/div>\n\n\n\n<div class=\"wp-block-uagb-container uagb-block-ba2b619b\">\n<div class=\"wp-block-uagb-info-box uagb-block-f85f260b uagb-infobox__content-wrap  uagb-infobox-icon-above-title uagb-infobox-image-valign-top\"><div class=\"uagb-ifb-content\"><div class=\"uagb-ifb-title-wrap\"><h3 class=\"uagb-ifb-title\"><strong><strong><strong>Ciclo Curto e Flexibilidade<\/strong><\/strong><\/strong><\/h3><\/div><p class=\"uagb-ifb-desc\">O trigo tem um ciclo de crescimento relativamente curto, o que permite sua inser\u00e7\u00e3o em janelas estreitas entre os cultivos principais sem comprometer o calend\u00e1rio de outras culturas.<\/p><\/div><\/div>\n<\/div>\n<\/div><\/div>\n\n\n\n<div class=\"wp-block-uagb-container uagb-block-c8c30a09 alignfull uagb-is-root-container\"><div class=\"uagb-container-inner-blocks-wrap\">\n<div class=\"wp-block-uagb-container uagb-block-4effc6c5\">\n<div class=\"wp-block-uagb-info-box uagb-block-5f417f64 uagb-infobox__content-wrap  uagb-infobox-icon-above-title uagb-infobox-image-valign-top\"><div class=\"uagb-ifb-content\"><div class=\"uagb-ifb-image-content\"><img decoding=\"async\" src=\"https:\/\/entregraos.com.br\/wp-content\/uploads\/2025\/02\/erosao-150x150.jpg\" alt=\"\" width=\"\" height=\"0\" loading=\"lazy\"\/><\/div><div class=\"uagb-ifb-title-wrap\"><\/div><\/div><\/div>\n\n\n\n<div class=\"wp-block-uagb-info-box uagb-block-5a51ab0c uagb-infobox__content-wrap  uagb-infobox-icon-above-title uagb-infobox-image-valign-top\"><div class=\"uagb-ifb-content\"><div class=\"uagb-ifb-title-wrap\"><h3 class=\"uagb-ifb-title\"><strong>Controle de Eros\u00e3o<\/strong><\/h3><\/div><p class=\"uagb-ifb-desc\">A cobertura do solo proporcionada pelo trigo durante o inverno protege o solo contra a eros\u00e3o.<\/p><\/div><\/div>\n<\/div>\n\n\n\n<div class=\"wp-block-uagb-container uagb-block-78b9f401\"><\/div>\n<\/div><\/div>\n","protected":false},"excerpt":{"rendered":"","protected":false},"author":1,"featured_media":0,"parent":0,"menu_order":0,"comment_status":"closed","ping_status":"closed","template":"","meta":{"_eb_attr":"","om_disable_all_campaigns":false,"_uag_custom_page_level_css":"","_monsterinsights_skip_tracking":false,"_monsterinsights_sitenote_active":false,"_monsterinsights_sitenote_note":"","_monsterinsights_sitenote_category":0,"_uf_show_specific_survey":0,"_uf_disable_surveys":false,"site-sidebar-layout":"default","site-content-layout":"","ast-site-content-layout":"default","site-content-style":"default","site-sidebar-style":"default","ast-global-header-display":"","ast-banner-title-visibility":"","ast-main-header-display":"","ast-hfb-above-header-display":"","ast-hfb-below-header-display":"","ast-hfb-mobile-header-display":"","site-post-title":"disabled","ast-breadcrumbs-content":"","ast-featured-img":"","footer-sml-layout":"","ast-disable-related-posts":"","theme-transparent-header-meta":"","adv-header-id-meta":"","stick-header-meta":"","header-above-stick-meta":"","header-main-stick-meta":"","header-below-stick-meta":"","astra-migrate-meta-layouts":"set","ast-page-background-enabled":"default","ast-page-background-meta":{"desktop":{"background-color":"","background-image":"","background-repeat":"repeat","background-position":"center center","background-size":"auto","background-attachment":"scroll","background-type":"","background-media":"","overlay-type":"","overlay-color":"","overlay-opacity":"","overlay-gradient":""},"tablet":{"background-color":"","background-image":"","background-repeat":"repeat","background-position":"center center","background-size":"auto","background-attachment":"scroll","background-type":"","background-media":"","overlay-type":"","overlay-color":"","overlay-opacity":"","overlay-gradient":""},"mobile":{"background-color":"","background-image":"","background-repeat":"repeat","background-position":"center center","background-size":"auto","background-attachment":"scroll","background-type":"","background-media":"","overlay-type":"","overlay-color":"","overlay-opacity":"","overlay-gradient":""}},"ast-content-background-meta":{"desktop":{"background-color":"var(--ast-global-color-5)","background-image":"","background-repeat":"repeat","background-position":"center center","background-size":"auto","background-attachment":"scroll","background-type":"","background-media":"","overlay-type":"","overlay-color":"","overlay-opacity":"","overlay-gradient":""},"tablet":{"background-color":"var(--ast-global-color-5)","background-image":"","background-repeat":"repeat","background-position":"center center","background-size":"auto","background-attachment":"scroll","background-type":"","background-media":"","overlay-type":"","overlay-color":"","overlay-opacity":"","overlay-gradient":""},"mobile":{"background-color":"var(--ast-global-color-5)","background-image":"","background-repeat":"repeat","background-position":"center center","background-size":"auto","background-attachment":"scroll","background-type":"","background-media":"","overlay-type":"","overlay-color":"","overlay-opacity":"","overlay-gradient":""}},"footnotes":""},"uagb_featured_image_src":{"full":false,"thumbnail":false,"medium":false,"medium_large":false,"large":false,"1536x1536":false,"2048x2048":false},"uagb_author_info":{"display_name":"gulima08","author_link":"https:\/\/entregraos.com.br\/?author=1"},"uagb_comment_info":0,"uagb_excerpt":null,"_links":{"self":[{"href":"https:\/\/entregraos.com.br\/index.php?rest_route=\/wp\/v2\/pages\/1281"}],"collection":[{"href":"https:\/\/entregraos.com.br\/index.php?rest_route=\/wp\/v2\/pages"}],"about":[{"href":"https:\/\/entregraos.com.br\/index.php?rest_route=\/wp\/v2\/types\/page"}],"author":[{"embeddable":true,"href":"https:\/\/entregraos.com.br\/index.php?rest_route=\/wp\/v2\/users\/1"}],"replies":[{"embeddable":true,"href":"https:\/\/entregraos.com.br\/index.php?rest_route=%2Fwp%2Fv2%2Fcomments&post=1281"}],"version-history":[{"count":25,"href":"https:\/\/entregraos.com.br\/index.php?rest_route=\/wp\/v2\/pages\/1281\/revisions"}],"predecessor-version":[{"id":2258,"href":"https:\/\/entregraos.com.br\/index.php?rest_route=\/wp\/v2\/pages\/1281\/revisions\/2258"}],"wp:attachment":[{"href":"https:\/\/entregraos.com.br\/index.php?rest_route=%2Fwp%2Fv2%2Fmedia&parent=1281"}],"curies":[{"name":"wp","href":"https:\/\/api.w.org\/{rel}","templated":true}]}}